{"id":10706,"date":"2020-03-27T20:09:01","date_gmt":"2020-03-27T18:09:01","guid":{"rendered":"https:\/\/tanafisk.no\/fiskekort\/kortstatistikk\/"},"modified":"2020-03-27T20:09:01","modified_gmt":"2020-03-27T18:09:01","slug":"kortstatistikk","status":"publish","type":"page","link":"https:\/\/tanafisk.no\/en\/fiskekort\/kortstatistikk\/","title":{"rendered":"Kortstatistikk"},"content":{"rendered":"<h2>Tilreisende fiskere<\/h2>\n<p>Tilreisende fiskere er alle som ikke er bosatt i Tana eller Karasjok kommune, eller ved laksef\u00f8rende strekning ved Tanavassdragets sideelver i Kautokeino kommune.<\/p>\n<p>Salget av d\u00f8gnkort p\u00e5 norsk side av Tanavassdraget hadde en historisk topp i 2002, med totalt 9 055 solgte fisked\u00f8gn. Frem til 2016 ble salget av kort gradvis redusert til 2 609 d\u00f8gn. Fra 2017 endret forutsetningen for kortsalget seg da en st\u00f8rre del av kortene for grensen blir solgt fra norsk side.<\/p>\n<h2>Fiskekortsalg riksgrensen<\/h2>\n<p>Det mest omfattende fisket har over lang tid foreg\u00e5tt p\u00e5 riksgrensestrekningen av Tanaelva. I sesongene f\u00f8r en ny Tanaavtale tr\u00e5dte ikraft i 2017 ble det \u00e5rlig solgt om lag 33 000 d\u00f8gn p\u00e5 strekningen. Avtalen satte et tak p\u00e5 tilgjengelige fisked\u00f8gn. etter avtalen kan Norge og Finland selge 11 000 d\u00f8gn hver, 5 500 strandd\u00f8gn og 5 500 b\u00e5td\u00f8gn.<\/p>\n<p>De f\u00f8rste \u00e5rene (2017-2019) har ikke TF solgt ut mer enn om lag halvparten av kortene p\u00e5 norsk side, henholdsvis 32-38 % av strandfiskekvota og 56-70 % av b\u00e5tfiskekvota. Dette inneb\u00e6rer at turistfisket p\u00e5 grensen er halvert fra 2017.<\/p>\n<p>P\u00e5 finsk side er 3 320 av fisked\u00f8gnene satt av til de s\u00e5kalt hytteeierne, alts\u00e5 fiskere som har eiendom med fiskerett og er bosatt utenfor Tanadalen. I 2018-2019 ble en begrenset del av kvota (506-732) solgt, men i 2019 \u00e5pnet finsk forvaltning for fiskerettshavere kunne leie ut fisked\u00f8gnene, og dette f\u00f8rte til at en mye st\u00f8rre andel av kvota ble solgt ut (2 063 d\u00f8gn). Usolgte d\u00f8gn fra kvota selges for \u00f8vrig som ordin\u00e6re turistd\u00f8gn.<\/p>\n<figure id=\"attachment_8321\" aria-describedby=\"caption-attachment-8321\" style=\"width: 568px\" class=\"wp-caption alignnone\"><a href=\"https:\/\/tanafisk.no\/wp-content\/uploads\/2020\/03\/Turistfiske-grensen-1977-2019.jpg\"><img loading=\"lazy\" decoding=\"async\" class=\"size-medium wp-image-8321\" src=\"https:\/\/tanafisk.no\/wp-content\/uploads\/2020\/03\/Turistfiske-grensen-1977-2019-568x284.jpg\" alt=\"\" width=\"568\" height=\"284\" srcset=\"https:\/\/tanafisk.no\/wp-content\/uploads\/2020\/03\/Turistfiske-grensen-1977-2019-568x284.jpg 568w, https:\/\/tanafisk.no\/wp-content\/uploads\/2020\/03\/Turistfiske-grensen-1977-2019-768x384.jpg 768w, https:\/\/tanafisk.no\/wp-content\/uploads\/2020\/03\/Turistfiske-grensen-1977-2019-638x319.jpg 638w, https:\/\/tanafisk.no\/wp-content\/uploads\/2020\/03\/Turistfiske-grensen-1977-2019-570x285.jpg 570w, https:\/\/tanafisk.no\/wp-content\/uploads\/2020\/03\/Turistfiske-grensen-1977-2019.jpg 919w\" sizes=\"auto, (max-width: 639px) 98vw, (max-width: 1199px) 64vw, 568px\" \/><\/a><figcaption id=\"caption-attachment-8321\" class=\"wp-caption-text\">Fisked\u00f8gn solgt p\u00e5 grenseelvstrekningen av Tanaelva og An\u00e1rjohka i perioden 1977-2019. Salg av kort p\u00e5 norsk side er kun inkludert fra 1985.<\/figcaption><\/figure>\n<h2>Kortsalg til norske deler av vassdraget<\/h2>\n<p>I 2008 gikk man over til \u00e5 ha et eget kort for hver av sideelvene, og i 2019 var norsk side av vassdraget delt inn i 21 soner for tilreisende. Av disse utgj\u00f8r ulike sideelver 14 soner, nedre norske del av Tanaelva to soner, og riksgrensen 3 soner for strandfiske og 4 soner for b\u00e5tfiske.<\/p>\n<p>Det kan v\u00e6re nyttig \u00e5 se p\u00e5 utviklingen av salget i de tre hoveddelene nedre norske del av Tanaelva, riksgrensestrekningen og norske sideelver hver for seg. For nedre norske del er det nyttig \u00e5 se p\u00e5 Tanamunningen for seg selv, siden fisket her er m\u00e5lrettet fiske etter sj\u00f8\u00f8rret.<\/p>\n<figure id=\"attachment_8324\" aria-describedby=\"caption-attachment-8324\" style=\"width: 568px\" class=\"wp-caption alignnone\"><a href=\"https:\/\/tanafisk.no\/wp-content\/uploads\/2020\/03\/Kortsalg-omr\u00e5der-2008-2019.jpg\"><img loading=\"lazy\" decoding=\"async\" class=\"size-medium wp-image-8324\" src=\"https:\/\/tanafisk.no\/wp-content\/uploads\/2020\/03\/Kortsalg-omr\u00e5der-2008-2019-568x291.jpg\" alt=\"\" width=\"568\" height=\"291\" srcset=\"https:\/\/tanafisk.no\/wp-content\/uploads\/2020\/03\/Kortsalg-omr\u00e5der-2008-2019-568x291.jpg 568w, https:\/\/tanafisk.no\/wp-content\/uploads\/2020\/03\/Kortsalg-omr\u00e5der-2008-2019-570x292.jpg 570w, https:\/\/tanafisk.no\/wp-content\/uploads\/2020\/03\/Kortsalg-omr\u00e5der-2008-2019.jpg 589w\" sizes=\"auto, (max-width: 639px) 98vw, (max-width: 1199px) 64vw, 568px\" \/><\/a><figcaption id=\"caption-attachment-8324\" class=\"wp-caption-text\">Antall solgte fisked\u00f8gn til tilreisende fiskere p\u00e5 norsk side av Tanavassdraget i perioden 2008-2019, her fordelt p\u00e5 de fire hovedomr\u00e5dene norske sideelver, riksgrensestrekningen, nedre norsk del av Tanaelva og Tanamunningen (sj\u00f8\u00f8rretfiske).<\/figcaption><\/figure>\n<p>&nbsp;<\/p>\n<p>Antall kort solgt til nedre norsk del og sideelvene er redusert over Lo \u00e5r, men fra 2018 til 2019 var det en liten \u00f8kning i solgte kort til norske sideelver (789 d\u00f8gn). Kortsalget i Tanamunningen har \u00f8kt over flere \u00e5r, og endte for f\u00f8rste gang p\u00e5 over 600 d\u00f8gn i 2019. \u00d8kningen av salget har sammenheng med at sonen er utvidet noe ved flyttingen av grense sj\u00f8-elv i 2014, og forlenget sesonglengde i 2018\/2019.<\/p>\n<p>Det er s\u00e6rlig to sideelver som er popul\u00e6re blant tilreisende fiskere; M\u00e1skejohka\/Masjok og \u00f8vre del av K\u00e1r\u00e1\u0161johka, ovenfor Sk\u00e1idegeah\u010di. Den tredje mest popul\u00e6re sideelva var L\u00e1k\u0161johka. Fra 2019 er det satt et tak p\u00e5 antall d\u00f8gn som blir solgt til sideelvene, og det selges inntil 350 d\u00f8gn til b\u00e5de M\u00e1skejohka og \u00f8vre del av K\u00e1r\u00e1\u0161johka. Det selges inntil 100 d\u00f8gn til L\u00e1k\u0161johka.<\/p>\n<h2>Lokale fiskere<\/h2>\n<p>Det selges kun sesongkort til lokale fiskere p\u00e5 norsk side av Tanavassdraget. De siste \u00e5rene har fiskerne kunnet velge mellom kort for hele vassdraget, eller Tana eller Karasjok kommune.<\/p>\n<p>Fiskerne registreres som laksebreveiere (jf. Tanalovens \u00a7 4), husstandsmedlem til laksebreveier, eller som annen lokal fisker (jf. Tanalovens \u00a7 5).<\/p>\n<p>De siste \u00e5rene er det solgt mellom 1 350 og 1 450 sesongkort. Av disse kortene har om 220-240 kort blitt kj\u00f8pt av fiskere med garnfiskerett.<\/p>\n<figure id=\"attachment_8327\" aria-describedby=\"caption-attachment-8327\" style=\"width: 568px\" class=\"wp-caption alignnone\"><a href=\"https:\/\/tanafisk.no\/wp-content\/uploads\/2020\/03\/Lokale-kort-1976-2019.jpg\"><img loading=\"lazy\" decoding=\"async\" class=\"size-medium wp-image-8327\" src=\"https:\/\/tanafisk.no\/wp-content\/uploads\/2020\/03\/Lokale-kort-1976-2019-568x269.jpg\" alt=\"\" width=\"568\" height=\"269\" srcset=\"https:\/\/tanafisk.no\/wp-content\/uploads\/2020\/03\/Lokale-kort-1976-2019-568x269.jpg 568w, https:\/\/tanafisk.no\/wp-content\/uploads\/2020\/03\/Lokale-kort-1976-2019-768x363.jpg 768w, https:\/\/tanafisk.no\/wp-content\/uploads\/2020\/03\/Lokale-kort-1976-2019-570x270.jpg 570w, https:\/\/tanafisk.no\/wp-content\/uploads\/2020\/03\/Lokale-kort-1976-2019-638x302.jpg 638w, https:\/\/tanafisk.no\/wp-content\/uploads\/2020\/03\/Lokale-kort-1976-2019.jpg 926w\" sizes=\"auto, (max-width: 639px) 98vw, (max-width: 1199px) 64vw, 568px\" \/><\/a><figcaption id=\"caption-attachment-8327\" class=\"wp-caption-text\">Sesongkort for lokale fiskere p\u00e5 norsk side 1976-2019.<\/figcaption><\/figure>\n<p>&nbsp;<\/p>\n","protected":false},"excerpt":{"rendered":"<p>Tilreisende fiskere Tilreisende fiskere er alle som ikke er bosatt i Tana eller Karasjok kommune, eller ved laksef\u00f8rende strekning ved Tanavassdragets sideelver i Kautokeino kommune. Salget av d\u00f8gnkort p\u00e5 norsk side av Tanavassdraget hadde en historisk topp i 2002, med totalt 9 055 solgte fisked\u00f8gn. Frem til 2016 ble salget av kort gradvis redusert til [&hellip;]<\/p>\n","protected":false},"author":13,"featured_media":6474,"parent":9330,"menu_order":5,"comment_status":"closed","ping_status":"closed","template":"","meta":{"_acf_changed":false,"footnotes":""},"class_list":["post-10706","page","type-page","status-publish","has-post-thumbnail","hentry"],"acf":[],"_links":{"self":[{"href":"https:\/\/tanafisk.no\/en\/wp-json\/wp\/v2\/pages\/10706","targetHints":{"allow":["GET"]}}],"collection":[{"href":"https:\/\/tanafisk.no\/en\/wp-json\/wp\/v2\/pages"}],"about":[{"href":"https:\/\/tanafisk.no\/en\/wp-json\/wp\/v2\/types\/page"}],"author":[{"embeddable":true,"href":"https:\/\/tanafisk.no\/en\/wp-json\/wp\/v2\/users\/13"}],"replies":[{"embeddable":true,"href":"https:\/\/tanafisk.no\/en\/wp-json\/wp\/v2\/comments?post=10706"}],"version-history":[{"count":0,"href":"https:\/\/tanafisk.no\/en\/wp-json\/wp\/v2\/pages\/10706\/revisions"}],"up":[{"embeddable":true,"href":"https:\/\/tanafisk.no\/en\/wp-json\/wp\/v2\/pages\/9330"}],"wp:featuredmedia":[{"embeddable":true,"href":"https:\/\/tanafisk.no\/en\/wp-json\/wp\/v2\/media\/6474"}],"wp:attachment":[{"href":"https:\/\/tanafisk.no\/en\/wp-json\/wp\/v2\/media?parent=10706"}],"curies":[{"name":"wp","href":"https:\/\/api.w.org\/{rel}","templated":true}]}}