{"id":10709,"date":"2019-06-12T13:57:09","date_gmt":"2019-06-12T11:57:09","guid":{"rendered":"https:\/\/tanafisk.no\/lever-fangstrapport\/"},"modified":"2019-06-12T13:57:09","modified_gmt":"2019-06-12T11:57:09","slug":"lever-fangstrapport","status":"publish","type":"page","link":"https:\/\/tanafisk.no\/en\/fangstrapportering\/lever-fangstrapport\/","title":{"rendered":"Lever fangstrapport"},"content":{"rendered":"<p>Tilreisende fiskere skal rapportere fangsten senest mandagen etter at fisket er avsluttet. Lokale skal minimum rapportere fangst to ganger i sesongen; junifangsten skal rapporteres innen <strong>6. juli<\/strong>, og fangsten fra resten av sesongen skal rapporteres innen <strong>1. september.<\/strong><\/p>\n<p>TF har vedtatt at all vinterst\u00f8ing av laks\u00a0 skal registreres som en egen kategori. Det er ikke tillatt \u00e5 ta livet av st\u00f8ingen, og de m\u00e5 behandles sk\u00e5nsomt ved gjenutsettelse. De skal ikke veies, men vekt skal ansl\u00e5s. Det samme gjelder andre laks under stengingstid.<\/p>\n<p><strong>TF oppfordrer alle til \u00e5 rapportere om fangst av ferskvannsstasjon\u00e6re fiskearter som harr, sik, abbor, gjedde og lake.<\/strong><\/p>\n<p>Fangstsrapportene blir behandlet konfidensielt og er undergitt taushetsplikt. Fangstopplysninger vil ikke bli brukt p\u00e5 en slik m\u00e5te som gj\u00f8r det mulig \u00e5 identifisere fiskeren.<\/p>\n<p>Du kan melde inn fangst p\u00e5 tre ulike m\u00e5ter.<\/p>\n<h3>1. Fangstrapportering p\u00e5 nett<\/h3>\n<p>Alle fiskere kan benytte Fortuna Software sin rapporteringsside:<a href=\"https:\/\/tana.lakseelv.no\/\">\u00a0<em><strong>t<\/strong><\/em><\/a><strong><em><a href=\"https:\/\/tana.lakseelv.no\/\">ana.lakseelv.no<\/a>. <\/em><\/strong>Vi oppfordrer alle til \u00e5 rapportere fortl\u00f8pende i sesongen!<\/p>\n<ul>\n<li>Logg inn med passord\/brukernavn googelkonto eller facebookprofil.<\/li>\n<li>Lokale stangfiskere og tilreisende fiskere m\u00e5 rapportere fangst av \u00e9n og \u00e9n laks. De kan ikke rapportere garnfangst.<\/li>\n<li>Laksebreveiere og husstandsmedlemmer kan rapportere en dags fangst samlet som tidligere. F\u00f8lg i s\u00e5 fall linken &#8220;<em>vil du rapportere samlet fangst,<\/em>&#8221;\u00a0 og melde inn fangsten fordelt p\u00e5 st\u00f8rrelsesklassene under 3 kg, 3-7 kg, over 7 kg (sistnevnte gjelder ikke under stengingen for fiske etter laks)\u00a0 .<\/li>\n<li>Alle fiskere kan rapportere om fangst av andre arter enn laks samlet pr dag. Fangsten meldes inn med st\u00f8rrelsesklasser; som for sj\u00f8\u00f8rret er under 1 kg, 1-3 kg og over 3 kg.<\/li>\n<li>Laksebreveiere og husstandsmedlemmer kan fortsatt melde inn samlet fangst av laks pr dag og innen<\/li>\n<li>Husk \u00e5 lagre fangsten etter \u00e5 ha lagt den inn! Dersom man ikke skal fiske mer p\u00e5 det aktuelle kortet skal det avsluttes. Da blir det markert som innlevert.<\/li>\n<\/ul>\n<h3>2. Rapportering via app<\/h3>\n<p>Last ned appen &#8220;Fortuna fiskekort&#8221;<\/p>\n<p>&#8230;<\/p>\n<h3>3. Rapportering p\u00e5 papir<\/h3>\n<p>Tilreisende fiskere kan notere fangsten p\u00e5 fiskekortet og levere det til et av utsalgsstedene.<\/p>\n<p>Lokale fiskere m\u00e5 sende fangstrapporten til Tanavassdragets fiskeforvaltning, eller komme innom p\u00e5 kontoret:<\/p>\n<blockquote>\n<p style=\"padding-left: 40px;\">Tanavassdragets fiskeforvaltning<\/p>\n<p style=\"padding-left: 40px;\">Deanugeaidnu 1780<\/p>\n<p style=\"padding-left: 40px;\">9845 Tana<\/p>\n<\/blockquote>\n<p>Laksebreveierne kan fortsatt rapportere i \u00ablaksedagboka\u00bb. En frankert konvolutt med fangstskjemaene deles ut av kortselgerne til de laksebreveiere. Det er i \u00e5r to skjema, et for juni, og et for resten av sesongen. I fangstdagboka skal fangsten for hver dag rapporteres samlet i de tre kategoriene 1) laks under 3 kg, 2) laks mellom 3 og 7 kg, og 3) laks over 7 kg (gjelder ikke under stengingen for fiske etter laks). Fangsten m\u00e5 oppgis p\u00e5 riktig dato, ikke samlet for hver uke.<\/p>\n<p>Fangstdagboka kan skrives ut her:<\/p>\n<p><a href=\"https:\/\/tanafisk.no\/wp-content\/uploads\/2020\/06\/Fangstdagbok-2020-del-1.pdf\">Fangstdagbok 2020 del 1<\/a>, <a href=\"https:\/\/tanafisk.no\/wp-content\/uploads\/2020\/06\/Fangstdagbok-2020-del-2.pdf\">Fangstdagbok 2020 del 2<\/a><\/p>\n<p>Lokale stangfiskere kan ogs\u00e5 levere skriftlig rapport. Det er viktig \u00e5 f\u00e5 med dato, vekt, om fisken ble gjenutsatt og hvor fisket p\u00e5gikk. Fyll gjerne fangsten inn i f\u00f8lgende skjema:<\/p>\n<p><a href=\"https:\/\/tanafisk.no\/wp-content\/uploads\/2020\/06\/Fangstskjema-garn-og-stangfiske_2020.pdf\">Fangstskjema garn- og stangfiske_2020<\/a><\/p>\n<p>Vi har ogs\u00e5 laget et eget skjema for fangst av sj\u00f8\u00f8rret i munningssonen (Tanamunningen \u2013 Langnes): <a href=\"https:\/\/tanafisk.no\/wp-content\/uploads\/2020\/06\/Sj\u00f8\u00f8rretskjema.pdf\">Sj\u00f8\u00f8rretskjema<\/a>. Bruk gjerne skjemaet ogs\u00e5 dersom du fisker sj\u00f8\u00f8rret utenfor grense sj\u00f8 elv, men noter da at fangstene er gjort utenfor elveomr\u00e5det.<\/p>\n<h3>Rapporteringssoner &#8211; Tanaelva<\/h3>\n<ul>\n<li>Tanamunningen \u2013 Langnes<\/li>\n<li>Langnes \u2013 Tana bru<\/li>\n<li>Tana bru \u2013 Riksgrensen<\/li>\n<li>Tanaelva: Riksgrensen \u2013\u00a0L\u00e1k\u0161johka<\/li>\n<li>Tanaelva:\u00a0L\u00e1k\u0161johka \u2013 Luosnj\u00e1rguoika<\/li>\n<li>Tanaelva: Luosnj\u00e1rguoika \u2013 Borsi (Borsejohka)<\/li>\n<li>Tanaelva: Borsi \u2013 Raidenj\u00e1rga (saml\u00f8p An\u00e1rjohka\/K\u00e1r\u00e1\u0161johka)<\/li>\n<\/ul>\n<h3>Rapporteringssoner &#8211; Sideelver<\/h3>\n<ul>\n<li>An\u00e1rjohka (grensen)<\/li>\n<li>An\u00e1rjohka \u00f8vre norske del<\/li>\n<li>Go\u0161\u0161johka (sideelv til An\u00e1rjohka)<\/li>\n<li>K\u00e1r\u00e1\u0161johka nedenfor Sk\u00e1idigeah\u010di<\/li>\n<li>K\u00e1r\u00e1\u0161johka ovenfor Sk\u00e1idigeah\u010di\n<ul>\n<li>Bavvtajohka (sideelv i \u00f8vre del av K\u00e1r\u00e1\u0161johka)<\/li>\n<li>Geaimmejohka (sideelv til nedre del av K\u00e1r\u00e1\u0161johka)<\/li>\n<\/ul>\n<\/li>\n<li>Ie\u0161johka<\/li>\n<li>V\u00e1lljohka\n<ul>\n<li>\u00c1stejohka (sideelv til V\u00e1ljohka)<\/li>\n<\/ul>\n<\/li>\n<li>Bai\u0161johka<\/li>\n<li>Leavvajohka\/Levajok<\/li>\n<li>L\u00e1k\u0161johka\n<ul>\n<li>Gurtejohka (sideelv til L\u00e1k\u0161johka)<\/li>\n<li>Deavkkehanjohka (sideelv til L\u00e1k\u0161johka)<\/li>\n<\/ul>\n<\/li>\n<li>Buolbm\u00e1tjohka\/Polmakelva<\/li>\n<li>Luovvtejohka\/Luftjok<\/li>\n<li>M\u00e1skejohka\/Masjok\n<ul>\n<li>Geasis\/Sommerelva (sideelv til M\u00e1skejohka)<\/li>\n<li>Uvjel\u00e1tnj\u00e1\/Dunkrattelva (sideelv til M\u00e1skejohka)<\/li>\n<li>Ciikujohka (sideelv til M\u00e1skejohka)<\/li>\n<\/ul>\n<\/li>\n<\/ul>\n","protected":false},"excerpt":{"rendered":"<p>Tilreisende fiskere skal rapportere fangsten senest mandagen etter at fisket er avsluttet. Lokale skal minimum rapportere fangst to ganger i sesongen; junifangsten skal rapporteres innen 6. juli, og fangsten fra resten av sesongen skal rapporteres innen 1. september. TF har vedtatt at all vinterst\u00f8ing av laks\u00a0 skal registreres som en egen kategori. Det er ikke [&hellip;]<\/p>\n","protected":false},"author":5,"featured_media":6392,"parent":10715,"menu_order":7,"comment_status":"closed","ping_status":"closed","template":"","meta":{"_acf_changed":false,"footnotes":""},"class_list":["post-10709","page","type-page","status-publish","has-post-thumbnail","hentry"],"acf":[],"_links":{"self":[{"href":"https:\/\/tanafisk.no\/en\/wp-json\/wp\/v2\/pages\/10709","targetHints":{"allow":["GET"]}}],"collection":[{"href":"https:\/\/tanafisk.no\/en\/wp-json\/wp\/v2\/pages"}],"about":[{"href":"https:\/\/tanafisk.no\/en\/wp-json\/wp\/v2\/types\/page"}],"author":[{"embeddable":true,"href":"https:\/\/tanafisk.no\/en\/wp-json\/wp\/v2\/users\/5"}],"replies":[{"embeddable":true,"href":"https:\/\/tanafisk.no\/en\/wp-json\/wp\/v2\/comments?post=10709"}],"version-history":[{"count":0,"href":"https:\/\/tanafisk.no\/en\/wp-json\/wp\/v2\/pages\/10709\/revisions"}],"up":[{"embeddable":true,"href":"https:\/\/tanafisk.no\/en\/wp-json\/wp\/v2\/pages\/10715"}],"wp:featuredmedia":[{"embeddable":true,"href":"https:\/\/tanafisk.no\/en\/wp-json\/wp\/v2\/media\/6392"}],"wp:attachment":[{"href":"https:\/\/tanafisk.no\/en\/wp-json\/wp\/v2\/media?parent=10709"}],"curies":[{"name":"wp","href":"https:\/\/api.w.org\/{rel}","templated":true}]}}