{"id":10724,"date":"2011-08-01T11:49:28","date_gmt":"2011-08-01T09:49:28","guid":{"rendered":"https:\/\/tanafisk.no\/tanavassdraget\/tanavassdraget\/"},"modified":"2011-08-01T11:49:28","modified_gmt":"2011-08-01T09:49:28","slug":"tanavassdraget","status":"publish","type":"page","link":"https:\/\/tanafisk.no\/en\/tanavassdraget\/tanavassdraget\/","title":{"rendered":"Om Tanavassdraget"},"content":{"rendered":"<h2>Et av verdens st\u00f8rste vassdrag med atlantisk laks<\/h2>\n<p>Vassdragets totale nedslagsfelt er 16 386 km2 noe som tilsvarer \u00bc av Finnmarks areal, 70 % av nedslagsfeltet befinner seg p\u00e5 norsk side og 30 % p\u00e5 finsk side. Strekningen som danner riksgrensen begynner i de \u00f8vre delene av An\u00e1rjohka\/Skie\u010d\u010danjohka og strekker seg ned til Polmak.<\/p>\n<p>Tanavassdraget har en rekke st\u00f8rre og mindre sideelver, og til sammen er det om lag 1 200 km med elv tilgjengelig for laks. Det er identifisert 30 genetiske unike laksebestander i vassdraget, og forskjellene mellom flere av bestandene innad i vassdraget er st\u00f8rre enn\u00a0 mellom ulike elver p\u00e5 kysten.<\/p>\n<h3>Laksef\u00f8rende strekning<\/h3>\n<p>Den laksef\u00f8rende strekningen p\u00e5 norsk side av Tanavassdraget forvaltes av TF. Lokale og tilreisende fiskere m\u00e5 betale den statlige fiskeravgifta og kj\u00f8pe fiskekort av TF for \u00e5 f\u00e5 tilgang til \u00e5 fiske i disse delene av Tanavassdraget. Lokale fiskere kan kj\u00f8pe sesongkort for hele vassdraget, mens tilreisende fiskere kun kan kj\u00f8pe d\u00f8gnkort for en begrenset del av vassdraget. Normalt dekkes hver av sideelvene av et eget kort, mens Tanaelva er delt inn i flere kortsoner.<\/p>\n<p>Ovenfor den laksef\u00f8rende strekningen m\u00e5 tilreisende fiskere som er bosatt utenfor Finnmark kj\u00f8pe innlandsfiskekort hos Finnmarkseiendommen. Det er fiskerens ansvar \u00e5 gj\u00f8re seg kjent med reglene i vassdraget han fisker i. Grensene for laksef\u00f8rende strekning er mange steder langt til fjells, og ikke n\u00f8dvendigvis godt merket. Fiskere uten gyldig fiskekort blir konsekvent rapportert til politiet av oppsynet i Tanavassdraget. <span class=\"Apple-converted-space\">\u00a0<\/span><\/p>\n<p>Den laksef\u00f8rende strekningen i alle vassdrag i landet er registrert i <a href=\"http:\/\/lakseregisteret.no\">www.lakseregisteret.no<\/a><\/p>\n<p>I lakseregisteret finnes ogs\u00e5 oversikt over den laksef\u00f8rende strekningen i Tanavassdraget. Merk at grensen i Ie\u0161johka er satt ved Ie\u0161johkgor\u017ei, og ikke ved Ie\u0161j\u00e1vri som det kommer fram av oversikten. Finn oversiktskart med grense for laksef\u00f8rende strekning ogs\u00e5 her p\u00e5 v\u00e5r hjemmeside.<\/p>\n<p>1. Husk at det ikke er \u00e5pnet for fangst av laks over den laksef\u00f8rende strekningen. Eventuell laks som skulle fanges her m\u00e5 settes ut!<\/p>\n<p>2. Husk at det er fiskeren selv som har ansvar for ikke \u00e5 f\u00f8re smitte av parasitter eller sykdom mellom vassdraget. Det er p\u00e5krevd at fiskeutstyret t\u00f8rkes, eller desinfiseres f\u00f8r en begynner \u00e5 fiske i et annet vassdrag, eller en annen del av et vassdrag.<span class=\"Apple-converted-space\">\u00a0<\/span><\/p>\n<div><\/div>\n","protected":false},"excerpt":{"rendered":"<p>Et av verdens st\u00f8rste vassdrag med atlantisk laks Vassdragets totale nedslagsfelt er 16 386 km2 noe som tilsvarer \u00bc av Finnmarks areal, 70 % av nedslagsfeltet befinner seg p\u00e5 norsk side og 30 % p\u00e5 finsk side. Strekningen som danner riksgrensen begynner i de \u00f8vre delene av An\u00e1rjohka\/Skie\u010d\u010danjohka og strekker seg ned til Polmak. Tanavassdraget [&hellip;]<\/p>\n","protected":false},"author":1,"featured_media":6920,"parent":10722,"menu_order":13,"comment_status":"closed","ping_status":"closed","template":"page-templates\/landing.php","meta":{"_acf_changed":false,"footnotes":""},"class_list":["post-10724","page","type-page","status-publish","has-post-thumbnail","hentry"],"acf":[],"_links":{"self":[{"href":"https:\/\/tanafisk.no\/en\/wp-json\/wp\/v2\/pages\/10724","targetHints":{"allow":["GET"]}}],"collection":[{"href":"https:\/\/tanafisk.no\/en\/wp-json\/wp\/v2\/pages"}],"about":[{"href":"https:\/\/tanafisk.no\/en\/wp-json\/wp\/v2\/types\/page"}],"author":[{"embeddable":true,"href":"https:\/\/tanafisk.no\/en\/wp-json\/wp\/v2\/users\/1"}],"replies":[{"embeddable":true,"href":"https:\/\/tanafisk.no\/en\/wp-json\/wp\/v2\/comments?post=10724"}],"version-history":[{"count":0,"href":"https:\/\/tanafisk.no\/en\/wp-json\/wp\/v2\/pages\/10724\/revisions"}],"up":[{"embeddable":true,"href":"https:\/\/tanafisk.no\/en\/wp-json\/wp\/v2\/pages\/10722"}],"wp:featuredmedia":[{"embeddable":true,"href":"https:\/\/tanafisk.no\/en\/wp-json\/wp\/v2\/media\/6920"}],"wp:attachment":[{"href":"https:\/\/tanafisk.no\/en\/wp-json\/wp\/v2\/media?parent=10724"}],"curies":[{"name":"wp","href":"https:\/\/api.w.org\/{rel}","templated":true}]}}