{"id":10727,"date":"2011-12-14T21:54:52","date_gmt":"2011-12-14T19:54:52","guid":{"rendered":"https:\/\/tanafisk.no\/tanavassdraget\/fiskearter\/"},"modified":"2011-12-14T21:54:52","modified_gmt":"2011-12-14T19:54:52","slug":"fiskearter","status":"publish","type":"page","link":"https:\/\/tanafisk.no\/en\/tanavassdraget\/fiskearter\/","title":{"rendered":"Fiskearter"},"content":{"rendered":"<h2>Oversikt over fiskearter i Tanavassdraget<\/h2>\n<p>&nbsp;<\/p>\n<table width=\"348\">\n<thead>\n<tr>\n<th width=\"87\">Norsk navn<\/th>\n<th width=\"87\">Samisk navn<\/th>\n<th colspan=\"2\" width=\"174\">Latinsk navn<\/th>\n<\/tr>\n<\/thead>\n<tbody>\n<tr>\n<td>Laks<\/td>\n<td>Luossa<\/td>\n<td colspan=\"2\">Salmo salar<\/td>\n<\/tr>\n<tr>\n<td>\u00d8rret\/sj\u00f8\u00f8rret<\/td>\n<td>D\u00e1pmot\/guv\u017e\u00e1<\/td>\n<td colspan=\"2\">Salmo trutta<\/td>\n<\/tr>\n<tr>\n<td>R\u00f8ye\/sj\u00f8r\u00f8ye<\/td>\n<td>R\u00e1vdu\/salas<\/td>\n<td colspan=\"2\">Salvelinus alpinus<\/td>\n<\/tr>\n<tr>\n<td>Harr<\/td>\n<td>Saovvil<\/td>\n<td colspan=\"2\">Thymallus thymallus<\/td>\n<\/tr>\n<tr>\n<td>Sik<\/td>\n<td>\u010cuov\u017ea<\/td>\n<td colspan=\"2\">Coregonus lavaretus<\/td>\n<\/tr>\n<tr>\n<td>Gjedde<\/td>\n<td>H\u00e1vga<\/td>\n<td colspan=\"2\">Esox lucius<\/td>\n<\/tr>\n<tr>\n<td>Abbor<\/td>\n<td>Vuskkot<\/td>\n<td colspan=\"2\">Perca fluviatilis<\/td>\n<\/tr>\n<tr>\n<td>Lake<\/td>\n<td>Nj\u00e1hk\u00e1<\/td>\n<td>Lota lota<\/td>\n<td><\/td>\n<\/tr>\n<tr>\n<td>\u00d8rekyte<\/td>\n<td>Gea\u0111genoarsa<\/td>\n<td colspan=\"2\">Phoxinus phoxinus<\/td>\n<\/tr>\n<tr>\n<td>Hvitfinnet steinulke*<\/td>\n<td>\u00c1hk\u00e1biddu<\/td>\n<td colspan=\"2\">Cottus gobio<\/td>\n<\/tr>\n<tr>\n<td>Trepigget stingsild<\/td>\n<td>Ruovdegulmmet<\/td>\n<td colspan=\"2\">Gasterosteus aculeatus<\/td>\n<\/tr>\n<tr>\n<td>Nipigget stingsild<\/td>\n<td>Ruovdeguorpmat<\/td>\n<td colspan=\"2\">Pungitusa pungitus<\/td>\n<\/tr>\n<tr>\n<td>\u00c5l<\/td>\n<td>\u00c1ggaras<\/td>\n<td colspan=\"2\">Anguilla anguilla<\/td>\n<\/tr>\n<tr>\n<td>Pukkellaks*<\/td>\n<td>Ruo\u0161\u0161aluossa<\/td>\n<td colspan=\"2\">Oncorhyncus gorbuscha<\/td>\n<\/tr>\n<tr>\n<td>Skrubbe<\/td>\n<td>Guorpmat<\/td>\n<td colspan=\"2\">Platichtys flesus<\/td>\n<\/tr>\n<tr>\n<td>Havni\u00f8ye<\/td>\n<td><\/td>\n<td colspan=\"2\">Petromyzon marinus<\/td>\n<\/tr>\n<\/tbody>\n<\/table>\n<p>*Pukkellaksen og hvitfinnet steinulke skal v\u00e6re innf\u00f8rte arter.<\/p>\n","protected":false},"excerpt":{"rendered":"<p>Oversikt over fiskearter i Tanavassdraget &nbsp; Norsk navn Samisk navn Latinsk navn Laks Luossa Salmo salar \u00d8rret\/sj\u00f8\u00f8rret D\u00e1pmot\/guv\u017e\u00e1 Salmo trutta R\u00f8ye\/sj\u00f8r\u00f8ye R\u00e1vdu\/salas Salvelinus alpinus Harr Saovvil Thymallus thymallus Sik \u010cuov\u017ea Coregonus lavaretus Gjedde H\u00e1vga Esox lucius Abbor Vuskkot Perca fluviatilis Lake Nj\u00e1hk\u00e1 Lota lota \u00d8rekyte Gea\u0111genoarsa Phoxinus phoxinus Hvitfinnet steinulke* \u00c1hk\u00e1biddu Cottus gobio Trepigget stingsild [&hellip;]<\/p>\n","protected":false},"author":1,"featured_media":5724,"parent":10722,"menu_order":28,"comment_status":"closed","ping_status":"closed","template":"page-templates\/landing.php","meta":{"_acf_changed":false,"footnotes":""},"class_list":["post-10727","page","type-page","status-publish","has-post-thumbnail","hentry"],"acf":[],"_links":{"self":[{"href":"https:\/\/tanafisk.no\/en\/wp-json\/wp\/v2\/pages\/10727","targetHints":{"allow":["GET"]}}],"collection":[{"href":"https:\/\/tanafisk.no\/en\/wp-json\/wp\/v2\/pages"}],"about":[{"href":"https:\/\/tanafisk.no\/en\/wp-json\/wp\/v2\/types\/page"}],"author":[{"embeddable":true,"href":"https:\/\/tanafisk.no\/en\/wp-json\/wp\/v2\/users\/1"}],"replies":[{"embeddable":true,"href":"https:\/\/tanafisk.no\/en\/wp-json\/wp\/v2\/comments?post=10727"}],"version-history":[{"count":0,"href":"https:\/\/tanafisk.no\/en\/wp-json\/wp\/v2\/pages\/10727\/revisions"}],"up":[{"embeddable":true,"href":"https:\/\/tanafisk.no\/en\/wp-json\/wp\/v2\/pages\/10722"}],"wp:featuredmedia":[{"embeddable":true,"href":"https:\/\/tanafisk.no\/en\/wp-json\/wp\/v2\/media\/5724"}],"wp:attachment":[{"href":"https:\/\/tanafisk.no\/en\/wp-json\/wp\/v2\/media?parent=10727"}],"curies":[{"name":"wp","href":"https:\/\/api.w.org\/{rel}","templated":true}]}}