{"id":10734,"date":"2012-01-04T11:38:16","date_gmt":"2011-11-22T15:36:54","guid":{"rendered":"https:\/\/tanafisk.no\/tanavassdraget\/vannforing-og-vanntemperatur\/"},"modified":"2012-01-04T11:38:16","modified_gmt":"2011-11-22T15:36:54","slug":"vannforing-og-vanntemperatur","status":"publish","type":"page","link":"https:\/\/tanafisk.no\/en\/tanavassdraget\/vannforing-og-vanntemperatur\/","title":{"rendered":"Vannf\u00f8ring"},"content":{"rendered":"<p><a title=\"Vannstandsdata (meter) for hovedelva\" href=\"http:\/\/www2.nve.no\/h\/hd\/plotreal\/H\/0234.00018.000\/index.html\" target=\"_blank\" rel=\"noopener noreferrer\">Vannstandsdata (meter) for hovedelva (m\u00e5lt ved Polmak m\u00e5lestasjon).<\/a><\/p>\n<p><a title=\"Vannf\u00f8ringsdata (m3\/S) for hovedelva\" href=\"http:\/\/www2.nve.no\/h\/hd\/plotreal\/Q\/0234.00018.000\/index.html\" target=\"_blank\" rel=\"noopener noreferrer\">Vannf\u00f8ringsdata (m<sup>3<\/sup>\/S) for hovedelva (m\u00e5lt ved Polmak m\u00e5lestasjon).<\/a><\/p>\n<p><a title=\"Vanntemperatur i Tanaelva\" href=\"http:\/\/www2.nve.no\/h\/hd\/plotreal\/WT\/0234.00018.000\/index.html\" target=\"_blank\" rel=\"noopener noreferrer\">Vanntemperatur i Tanaelva (m\u00e5lt ved Polmak m\u00e5lestasjon).<\/a><\/p>\n<p><a title=\"Vannf\u00f8ringsdata (m3\/S) for Ie\u0161johka\" href=\"http:\/\/www2.nve.no\/h\/hd\/plotreal\/Q\/0234.00013.000\/index.html\" target=\"_blank\" rel=\"noopener noreferrer\">Vannf\u00f8ringsdata (m<sup>3<\/sup>\/S) for Ie\u0161johka (m\u00e5lt ved V\u00e1kk\u00e1v\u00e1).<\/a><\/p>\n<figure id=\"attachment_3446\" aria-describedby=\"caption-attachment-3446\" style=\"width: 500px\" class=\"wp-caption alignnone\"><a href=\"http:\/\/tanafisk.no\/wp-content\/uploads\/2011\/11\/Vannf\u00f8ring-Polmak.jpg\"><img loading=\"lazy\" decoding=\"async\" class=\"size-medium wp-image-3446\" title=\"Vannf\u00f8ring Polmak\" src=\"http:\/\/tanafisk.no\/wp-content\/uploads\/2011\/11\/Vannf\u00f8ring-Polmak-500x265.jpg\" alt=\"\" width=\"500\" height=\"265\" \/><\/a><figcaption id=\"caption-attachment-3446\" class=\"wp-caption-text\">Vannf\u00f8ring (m3\/s) oppgitt som d\u00f8gngjennomsnitt p\u00e5 NVEs m\u00e5lestasjon i Polmak (234.18.0) i perioden 1. mai til 31 august. Vannf\u00f8ringsmedianen (50 % persentil) er gr\u00f8nn, mens 25 og 75 % persentilene er henholdsvis r\u00f8d og lilla. Persentilene og median er hentet fra perioden 1950-2010 Kilde: Norges vassdrags- og energidirektorat (NVE).<\/figcaption><\/figure>\n","protected":false},"excerpt":{"rendered":"<p>Vannstandsdata (meter) for hovedelva (m\u00e5lt ved Polmak m\u00e5lestasjon). Vannf\u00f8ringsdata (m3\/S) for hovedelva (m\u00e5lt ved Polmak m\u00e5lestasjon). Vanntemperatur i Tanaelva (m\u00e5lt ved Polmak m\u00e5lestasjon). Vannf\u00f8ringsdata (m3\/S) for Ie\u0161johka (m\u00e5lt ved V\u00e1kk\u00e1v\u00e1).<\/p>\n","protected":false},"author":1,"featured_media":5816,"parent":10722,"menu_order":33,"comment_status":"closed","ping_status":"closed","template":"","meta":{"_acf_changed":false,"footnotes":""},"class_list":["post-10734","page","type-page","status-publish","has-post-thumbnail","hentry"],"acf":[],"_links":{"self":[{"href":"https:\/\/tanafisk.no\/en\/wp-json\/wp\/v2\/pages\/10734","targetHints":{"allow":["GET"]}}],"collection":[{"href":"https:\/\/tanafisk.no\/en\/wp-json\/wp\/v2\/pages"}],"about":[{"href":"https:\/\/tanafisk.no\/en\/wp-json\/wp\/v2\/types\/page"}],"author":[{"embeddable":true,"href":"https:\/\/tanafisk.no\/en\/wp-json\/wp\/v2\/users\/1"}],"replies":[{"embeddable":true,"href":"https:\/\/tanafisk.no\/en\/wp-json\/wp\/v2\/comments?post=10734"}],"version-history":[{"count":0,"href":"https:\/\/tanafisk.no\/en\/wp-json\/wp\/v2\/pages\/10734\/revisions"}],"up":[{"embeddable":true,"href":"https:\/\/tanafisk.no\/en\/wp-json\/wp\/v2\/pages\/10722"}],"wp:featuredmedia":[{"embeddable":true,"href":"https:\/\/tanafisk.no\/en\/wp-json\/wp\/v2\/media\/5816"}],"wp:attachment":[{"href":"https:\/\/tanafisk.no\/en\/wp-json\/wp\/v2\/media?parent=10734"}],"curies":[{"name":"wp","href":"https:\/\/api.w.org\/{rel}","templated":true}]}}