{"id":10738,"date":"2012-01-04T11:38:16","date_gmt":"2014-02-04T12:25:33","guid":{"rendered":"https:\/\/tanafisk.no\/tanavassdraget\/biologiske-prosjekter-tanavassdraget-2014\/"},"modified":"2012-01-04T11:38:16","modified_gmt":"2014-02-04T12:25:33","slug":"biologiske-prosjekter-tanavassdraget-2014","status":"publish","type":"page","link":"https:\/\/tanafisk.no\/en\/tanavassdraget\/biologiske-prosjekter-tanavassdraget-2014\/","title":{"rendered":"Prosjekter"},"content":{"rendered":"<p>TF f\u00f8lger opp en del prosjekter over mange \u00e5r. Skjellpr\u00f8veprosjektet har blant annet v\u00e6rt TF sitt ansvar siden opprettelsen i 2011. TF har dessuten tiln\u00e6rmet faste oppgaver ved tilretteleggingen og logistikken ved fiskeoverv\u00e5kingen i vassdraget.<\/p>\n<p>Samtidig har TF til enhver tid deltatt i en del ulike prosjekter; b\u00e5de som samarbeidpartner til forvaltning og forskningsinstitusjoner. Andre prosjekter driftes av TF alene med finansiering fra egen inntekt og statlig st\u00f8tte.<\/p>\n<p>TF vedtok i 2016 at:<\/p>\n<p><em>\u00abI alle prosjektene hvor TF bidrar, skal man sikre ivaretakelse av tradisjonell kunnskap. Det kan skje gjennom en etablering av en eller flere sakkyndige lokale grupper som innehar slik kunnskap.\u00bb<\/em><\/p>\n<p>I 2018 (sak 99) vedtok TF f\u00f8lgende uttalelse:<\/p>\n<p><a href=\"https:\/\/tanafisk.no\/wp-content\/uploads\/2020\/03\/Vedtak-sak-99-2018.pdf\">Vedtak sak 99-2018<\/a><\/p>\n<p>&nbsp;<\/p>\n","protected":false},"excerpt":{"rendered":"<p>TF f\u00f8lger opp en del prosjekter over mange \u00e5r. Skjellpr\u00f8veprosjektet har blant annet v\u00e6rt TF sitt ansvar siden opprettelsen i 2011. TF har dessuten tiln\u00e6rmet faste oppgaver ved tilretteleggingen og logistikken ved fiskeoverv\u00e5kingen i vassdraget. Samtidig har TF til enhver tid deltatt i en del ulike prosjekter; b\u00e5de som samarbeidpartner til forvaltning og forskningsinstitusjoner. Andre [&hellip;]<\/p>\n","protected":false},"author":13,"featured_media":6458,"parent":10722,"menu_order":38,"comment_status":"closed","ping_status":"closed","template":"page-templates\/landing.php","meta":{"_acf_changed":false,"footnotes":""},"class_list":["post-10738","page","type-page","status-publish","has-post-thumbnail","hentry"],"acf":[],"_links":{"self":[{"href":"https:\/\/tanafisk.no\/en\/wp-json\/wp\/v2\/pages\/10738","targetHints":{"allow":["GET"]}}],"collection":[{"href":"https:\/\/tanafisk.no\/en\/wp-json\/wp\/v2\/pages"}],"about":[{"href":"https:\/\/tanafisk.no\/en\/wp-json\/wp\/v2\/types\/page"}],"author":[{"embeddable":true,"href":"https:\/\/tanafisk.no\/en\/wp-json\/wp\/v2\/users\/13"}],"replies":[{"embeddable":true,"href":"https:\/\/tanafisk.no\/en\/wp-json\/wp\/v2\/comments?post=10738"}],"version-history":[{"count":0,"href":"https:\/\/tanafisk.no\/en\/wp-json\/wp\/v2\/pages\/10738\/revisions"}],"up":[{"embeddable":true,"href":"https:\/\/tanafisk.no\/en\/wp-json\/wp\/v2\/pages\/10722"}],"wp:featuredmedia":[{"embeddable":true,"href":"https:\/\/tanafisk.no\/en\/wp-json\/wp\/v2\/media\/6458"}],"wp:attachment":[{"href":"https:\/\/tanafisk.no\/en\/wp-json\/wp\/v2\/media?parent=10738"}],"curies":[{"name":"wp","href":"https:\/\/api.w.org\/{rel}","templated":true}]}}