{"id":10741,"date":"2012-01-04T11:38:16","date_gmt":"2012-01-04T09:38:16","guid":{"rendered":"https:\/\/tanafisk.no\/tanavassdraget\/publikasjoner\/"},"modified":"2026-01-29T12:41:14","modified_gmt":"2026-01-29T10:41:14","slug":"publikasjoner","status":"publish","type":"page","link":"https:\/\/tanafisk.no\/en\/tanavassdraget\/publikasjoner\/","title":{"rendered":"Publikasjoner"},"content":{"rendered":"<h2>TF-rapporter fra prosjekter og overv\u00e5king<\/h2>\n<p><a href=\"https:\/\/tanafisk.no\/wp-content\/uploads\/2025\/11\/Uttak-av-pukkellaks-med-sperrefelle-i-Maskejohka-i-2025.pdf\">Rapport 2025-02 Uttak av pukkellaks med sperrefelle i M\u00e1skejohka i 2025<\/a><\/p>\n<p><a href=\"https:\/\/tanafisk.no\/wp-content\/uploads\/2025\/01\/Kartlegging-og-spredt-uttak-av-pukkellaks-i-Tanavassdraget-2023.pdf\">Rapport 2025-01 Kartlegging og uttaksfiske av pukkellaks i Tanavassdraget- 2023<\/a><\/p>\n<p><a href=\"https:\/\/tanafisk.no\/wp-content\/uploads\/2024\/02\/Uttak-av-pukkellaks-med-felle-i-Maskejohka-2023-erfaring-og-andre-observasjoner.pdf\">Rapport 2023-02 Uttak av pukkellaks med sperrefelle i M\u00e1skejohka 2023\u00a0<\/a><\/p>\n<p><a href=\"https:\/\/tanafisk.no\/wp-content\/uploads\/2024\/02\/Befaring-av-vandringshinder-i-sideelver-av-Anarjohka-2023.pdf\">Rapport 2023-01 Befaring av vandringshinder i An\u00e1rjohka bekkefelt<\/a><\/p>\n<p><a href=\"https:\/\/tanafisk.no\/wp-content\/uploads\/2023\/07\/Rapport-2022-02-Sonar-Iesjohka.pdf\">Rapport 2022-02 Oppgangsregistrering med sonar i Ie\u0161johka 2020<\/a><\/p>\n<p><a href=\"https:\/\/tanafisk.no\/wp-content\/uploads\/2023\/07\/Rapport-2022-01-Pukkellaks-Oncorhynchus-gorbuscha-i-Tanavassdraget-og-erfaringer-fra-uttaksfiske-i-2021.pdf\">Rapport 2022-01 Pukkellaks (Oncorhynchus gorbuscha) i Tanavassdraget og erfaringer fra uttaksfiske i 2021<\/a><\/p>\n<p><a href=\"https:\/\/tanafisk.no\/wp-content\/uploads\/2023\/07\/Rapport-2021-04-Kartleggingsfiske-med-smamaska-garn-i-Tanavassdraget-i-2020-og-2021-med-fokus-pa-gjedde-og-orret.pdf\">Rapport 2021-04 Kartleggingsfiske med sm\u00e5maska garn i Tanavassdraget i 2020 og 2021 med fokus p\u00e5 gjedde og \u00f8rret<\/a><\/p>\n<p><a href=\"https:\/\/tanafisk.no\/wp-content\/uploads\/2023\/10\/Sjoorreten-i-Tanavassdraget-kunnskapstatus-Rapport-2021-03.pdf\">Rapport 2021-03 Sj\u00f8\u00f8rreten i Tanavassdraget- Kunnskapsstatus<\/a><\/p>\n<p><a href=\"https:\/\/tanafisk.no\/wp-content\/uploads\/2023\/07\/Prosjektrapport-2019-Pukkellaks-Tana.pdf\">Rapport 2021-01 Kartlegging og uttak av pukkellaks fra Tanavassdraget 2019<\/a><\/p>\n<p><a href=\"https:\/\/tanafisk.no\/wp-content\/uploads\/2023\/07\/Rapport-2020-02-Sonar-Iesjohka.pdf\">Rapport 2020-02 Sonar Iesjohka<\/a><\/p>\n<p><a href=\"https:\/\/tanafisk.no\/wp-content\/uploads\/2025\/05\/Minkrapport-Laksjokha.pdf\">Oppdragsrapport 2016 for TF. Taksering av minkbestanden i L\u00e1k\u0161johka.\u00a0<\/a><\/p>\n<p><a href=\"http:\/\/tanafisk.no\/wp-content\/uploads\/2015\/12\/Rapport-2015-05-Drivtelling.pdf\">Rapport 2015-05 Drivtelling 2015<\/a><\/p>\n<p><a href=\"http:\/\/tanafisk.no\/wp-content\/uploads\/2015\/01\/Rapport-2015-02-Drivtelling.pdf\">Rapport 2015-02 Drivtelling 2014<\/a><\/p>\n<p><a href=\"http:\/\/tanafisk.no\/wp-content\/uploads\/2015\/01\/Rapport-2014-03-lakseunger-i-innsj\u00f8er.1.pdf\">Rapport 2014-03 Lakseunger i innsj\u00f8er<\/a><\/p>\n<p><a href=\"https:\/\/tanafisk.no\/wp-content\/uploads\/2020\/03\/Rapport-nr-2013-1.pdf\">Rapport 2013-01<\/a> Ungfiskregistrering i sideelver<\/p>\n<h2>Den norsk- finske overv\u00e5kningsgruppen for Tanavassdraget<\/h2>\n<p><a href=\"https:\/\/tanafisk.no\/wp-content\/uploads\/2025\/03\/Tana-status-report-2025-1-NOR.pdf\">Status for laksebestandene i Tanavassdraget 2024<\/a><\/p>\n<p><a href=\"https:\/\/brage.nina.no\/nina-xmlui\/handle\/11250\/3110480\">Status for laksebestandene i Tanavassdraget 2023<\/a><\/p>\n<p><a href=\"https:\/\/brage.nina.no\/nina-xmlui\/handle\/11250\/3047522\">Status for laksebestandene i Tanavassdraget 2022<\/a><\/p>\n<p><a href=\"https:\/\/brage.nina.no\/nina-xmlui\/handle\/11250\/2834877\">Status for laksebestandene i Tanavassdraget 2021<\/a><\/p>\n<p><a href=\"https:\/\/brage.nina.no\/nina-xmlui\/handle\/11250\/2726833\">Status for laksebestandene i Tanavassdraget 2020<\/a><\/p>\n<p><a href=\"https:\/\/tanafisk.no\/wp-content\/uploads\/2020\/03\/Tana-statusrapport-1-2019-norsk-versjon.pdf\">Status for laksebestandene i Tanavassdraget i 2019<\/a><\/p>\n<p><a href=\"https:\/\/tanafisk.no\/wp-content\/uploads\/2018\/05\/Tana-status-report-1-2018-final-NOR-translation-.pdf\">Status for laksebestandene i Tanavassdraget i 2018<\/a>, <a href=\"http:\/\/tanafisk.no\/wp-content\/uploads\/2018\/03\/Tana-status-report-1-2018_saame.pdf\">Status for laksebestandene 2018 &#8211; samisk versjon<\/a>, <a href=\"http:\/\/tanafisk.no\/wp-content\/uploads\/2018\/03\/1_2018-3.pdf\">Status for laksebestandene i Tanavassdraget 2018<\/a>\u00a0(engelsk versjon)<\/p>\n<p><a href=\"http:\/\/tanafisk.no\/ny-vurdering-av-laksebestandene-tanavassdraget\/4587\/2016-tana-status-report-finished\" rel=\"attachment wp-att-4588\">Status for laksebestandene i Tanavassdraget 2016 <\/a><\/p>\n<p><a href=\"http:\/\/tanafisk.no\/wp-content\/uploads\/2015\/10\/2015-Tana-status-report-final.pdf\">Status for laksebestandene i Tanavassdraget 2015<\/a><\/p>\n<p><a href=\"http:\/\/tanafisk.no\/wp-content\/uploads\/2012\/05\/Anon-2012-Status-of-the-river-Tana-salmon-populations.-Report-1-2012-of-the-working-goup-on-salmon-monitoring-and-research-in-the-Tana-river-system.pdf\">Status of the river Tana salmon populations. Report 1-2012 of the working goup on salmon monitoring and research in the Tana river system<\/a><\/p>\n<p><a href=\"http:\/\/tanafisk.no\/wp-content\/uploads\/2012\/03\/Johansen-et-al-2008-atlantic-salmon-monitoring-and-research-in-the-Tana-river-system.pdf\">Atlantic salmon monitoring and research in the Tana river system (Johansen m. fl. 2008)<\/a><\/p>\n<h2>Den atlantiske laksen i Tanavassdraget (Fylkesmannens rapportserie)<\/h2>\n<p><a href=\"http:\/\/tanafisk.no\/wp-content\/uploads\/2012\/01\/Niemel\u00e4-et-al-2009-rapport-1-Den-Atlantiske-laksen-i-Tanavavassdraget-milj\u00f8forholdene-i-det-subarktiske-Tanavassdraget.pdf\">Rapport 1: Milj\u00f8forholdene i det subarktiske Tanavassdraget og virkningene av dem p\u00e5 laksefisket og laksen<\/a><\/p>\n<p><a href=\"http:\/\/tanafisk.no\/wp-content\/uploads\/2012\/01\/Niemel\u00e4-et-al-2009-rapport-2-Den-Atlantiske-laksen-i-Tanavavassdraget-svigninger-i-fangsmetoder-i-kilo-og-antall.pdf\">Rapport<\/a><a href=\"http:\/\/tanafisk.no\/wp-content\/uploads\/2012\/01\/Niemel\u00e4-et-al-2009-rapport-2-Den-Atlantiske-laksen-i-Tanavavassdraget-svigninger-i-fangsmetoder-i-kilo-og-antall.pdf\">2: Svigninger i fangsmetoder i kilo og antall etter fangstmetode, samt faktorer som p\u00e5virker fangsten<\/a><\/p>\n<p><a href=\" http:\/\/tanafisk.no\/wp-content\/uploads\/2012\/01\/Niemel\u00e4-et-al-2009-rapport-3-Den-Atlantiske-laksen-i-Tanavavassdraget-variasjoner-i-sammensetning-av-laksefangst-innen-fiskesesong-og-mellom-\u00e5r.pdf\">Rapport 3: Variasjoner i sammensetning av laksefangst innen fiskesesong og mellom \u00e5r samt tidspunkt for n\u00e5r fangstene blir tatt p\u00e5 ulike redskaper<\/a><\/p>\n<p><a href=\"http:\/\/tanafisk.no\/wp-content\/uploads\/2012\/01\/Niemela-et-al-2011-rapport-4-Den-Atlantiske-laksen-i-Tanavassdraget-vinterst\u00f8inger.pdf\">Rapport 4: Vinterst\u00f8inger; utvandring til sj\u00f8en, bestandstruktur sammenlignet med f\u00f8rstegangsgytende og flergangsgytende laks<\/a><\/p>\n<p><a href=\"http:\/\/tanafisk.no\/wp-content\/uploads\/2012\/01\/Niemela-et-al-2011-rapport-5-Den-Atlantiske-laksen-i-Tanavassdragetm-flergangsgytere.pdf\">Rapport 5: Flergangsgytere; mengde, oppvandringstid og bestandssammensetning<\/a><\/p>\n<p><a href=\"http:\/\/tanafisk.no\/wp-content\/uploads\/2016\/03\/2016_1-Sj%C3%B8%C3%B8rret-i-Tanavassdraget_fangst-og-%C3%B8kologi.pdf\">Sj\u00f8\u00f8rreten i Tanavassdraget &#8211; fangst og \u00f8kologi (rapport 1-2016)<\/a><\/p>\n<p><strong>\u00a0<\/strong><\/p>\n<h2>Rapporter fra ulike forskning- og overv\u00e5kningsprosjketer om Tanavassdraget<\/h2>\n<p><a href=\"https:\/\/tanafisk.no\/wp-content\/uploads\/2025\/05\/Rapport-fra-utbedring-av-vandringshinder-i-Anarjohka-bekkefelt-august-2024-PDF.pdf\">Tana vannomr\u00e5de. Rapport fra utbedring av vandringshinder i An\u00e1rjohka bekkefelt, august 2024.<\/a><\/p>\n<p><a href=\"https:\/\/tanafisk.no\/wp-content\/uploads\/2025\/05\/luke-luobio_2_2025-1.pdf\">LUKE report 2\/2025. Utvikling av fiskemetoder for pukkellaks i Tanaelva.<\/a><\/p>\n<p><a href=\"https:\/\/tanafisk.no\/wp-content\/uploads\/2026\/01\/Raty-mfl.-bayesian-species-recognition-and-abundance-estimation-unravelling-the-mysteries-of-salmonid-migration-in-the-teno-river.pdf\">R\u00e4ty mfl. 2025. Bayesian species recognition and abundance estimation unravelling the mysteries of salmonid migration in the teno river.<\/a><\/p>\n<p><a href=\"https:\/\/brage.nina.no\/nina-xmlui\/handle\/11250\/3095119\">Nina rapport 2298: Alders- og st\u00f8rrelsesfordeling, vekst, d\u00f8delighet og diett hos gjedde og \u00f8rret i Tanavassdraget basert p\u00e5 fiske i 2021<\/a><\/p>\n<p><a href=\"https:\/\/tanafisk.no\/wp-content\/uploads\/2025\/05\/NINA-Rapport-2296-Laksetelling-i-Tanavassdraget-2018-2022.pdf\">Nina rapport 2296: Telling av oppvandrende fisk i Tanavassdraget\u00a0<\/a><\/p>\n<p>Nina rapport 2309: <a href=\"https:\/\/brage.nina.no\/nina-xmlui\/bitstream\/handle\/11250\/3074334\/ninarapport2309.pdf?sequence=5&amp;isAllowed=y\">Genetisk bestandsidentifisering av skjellpr\u00f8ver fra fiske etter blandete laksebestander i Tana i 2006\u2010 2008 og 2011\u20102012 (Genmix)<\/a><\/p>\n<p><a href=\"https:\/\/brage.nina.no\/nina-xmlui\/handle\/11250\/2671932\">Nina rapport 1648: Predasjon p\u00e5 laksunger i Tana med hovedvekt p\u00e5 diett hos gjedde og sj\u00f8\u00f8rret<\/a><\/p>\n<p><a href=\"https:\/\/tanafisk.no\/wp-content\/uploads\/2025\/05\/Rapport_Maskejohka_NINORD_2021.pdf\">Naturtjenester i Nord. 2021. Overv\u00e5king og kartlegging av pukkellaks i M\u00e1skejohka, Tanavassdraget 2021.<\/a><\/p>\n<p>Temahefte 55: <a href=\"http:\/\/www.nina.no\/archive\/nina\/PppBasePdf\/temahefte\/55.pdf\">Laksebestandene i Tanavassdraget<\/a><\/p>\n<p>Rapport 1087: <a href=\"http:\/\/www.nina.no\/archive\/nina\/PppBasePdf\/rapport\/2014\/1087.pdf\">Revised first-generation spawning target for the Tana\/Teno river system<\/a><\/p>\n<p><a href=\"https:\/\/tanafisk.no\/wp-content\/uploads\/2016\/10\/NINA-rapport-1162-elfiskeb\u00e5t.pdf\">NINA rapport 1162 elfiskeb\u00e5t<\/a><\/p>\n<p><a href=\"https:\/\/tanafisk.no\/wp-content\/uploads\/2025\/05\/Orell-et-al-2012-Videomonitoring-of-the-river-Laksjohka-salmon-migrations-in-2009-2011.pdf\">Finnish Game and Fisheries Institute 9\/2012. Video monitoring of the River <\/a>L\u00e1k\u0161johka salmon migrations in 2009-2011<\/p>\n<p><a href=\"https:\/\/tanafisk.no\/wp-content\/uploads\/2026\/01\/Electrofishing-surveys_Tana-tributaries_2010.pdf\">Orell P. 2011. Distribution and densities of juvenile salmon and trout in the rivers Iskuras-, Bais-, Leva-, Borse- and Laksjohka in 2010. Finnish game and fisheries research. 17 p.<\/a><\/p>\n<p><a href=\"https:\/\/tanafisk.no\/wp-content\/uploads\/2024\/02\/Juvenile-densities_norwegian-side2006-2007_report_-23102008.pdf\">Finnish Game and Fisheries Research Institute- River Teno Fisheries Research Station: Juvenile densities in the Norwegian tributaries of the River Teno in 2006-2007<\/a><\/p>\n<p><a href=\"https:\/\/tanafisk.no\/wp-content\/uploads\/2026\/01\/Svenning-mfl.-2005-The-impact-of-marine-fish-predation-on-smolt-in-the-Tana-estuary.pdf\">Svenning mfl. 2005. The impact of marine fish predation on smolt in the Tana estuary.<\/a><\/p>\n<p><a href=\"https:\/\/tanafisk.no\/wp-content\/uploads\/2026\/01\/Laksjohka-finsk-kartlegging.pdf\">Matlsson, Jorma l995: The River Laksh (Laksjohka) of the Tana water system in northernmost<\/a><br \/>\nNorway. A working report, River Tenojoki Fisheries Research Station (Finnish Game<br \/>\nand Fisheries Research lnstitute) &amp; &#8216;Dep. of Environmental Protection (&#8216;The Provincial<br \/>\nBoard of Finnmark County, Norway&#8217;)&#8217; \u00c5bo 1995, 32 p.<\/p>\n<h2>Regulering av fisket etter anadrome laksefisk i Finnmark og Nord-Troms for 2012<\/h2>\n<p><a href=\"http:\/\/tanafisk.no\/wp-content\/uploads\/2012\/01\/Anon-2011.-Arbeidsutvalgets-rapport-regulering-av-fisket-etter-anadrome-laksefisk-i-Finnmark-og-Nord-Troms-for-2012.pdf\">Rapport fra arbeidsutvalg.<\/a>\u00a0(Anon 2011)<\/p>\n<h2>Tradisjonell kunnskap<\/h2>\n<p><a href=\"https:\/\/tanafisk.no\/wp-content\/uploads\/2023\/11\/Steinar-Pedersen-Tradisjonell-kunnskap-og-laks.-Noen-momenter-sakkyndig-rapport-ENDELIG.pdf\">Tradisjonell kunnskap og laks. Noen momenter. (Pedersen 2011)<\/a><\/p>\n<p><a href=\"https:\/\/tanafisk.no\/wp-content\/uploads\/2023\/11\/Lokal-og-tradisjonell-okologisk-kunnskap-i-forvaltning-av-laks.pdf\">Lokal og tradisjonell \u00f8kologisk kunnskap i forskning og forvaltning av laks- En forstudie. (Rybr\u00e5ten og Gomez-Baggethun 2016)<\/a><\/p>\n<p><a href=\"https:\/\/www.forskersonen.no\/hav-og-fiske-kronikk-meninger\/myndighetene-ma-torre-a-ga-motstroms-nar-villaksen-skal-vernes\/1655151\">Kronikk: Myndighetene m\u00e5 t\u00f8rre \u00e5 g\u00e5 motstr\u00f8ms n\u00e5r villaksen skal vernes. (Rybr\u00e5ten, Brattland og Eyth\u00f3rsson 2020)<\/a><\/p>\n<p><a href=\"https:\/\/tanafisk.no\/wp-content\/uploads\/2023\/11\/Tradisjonell-kunnskap-og-laks-Tanavassdraget-Steinar-Pedersen-130621-formatert-141021-bilder3.pdf\">Tradisjonell kunnskap- et viktig- men frem til n\u00e5 mindre vektlagt grunnlag for forvaltning av Deatnu\/ Tanavasdraget. (Pedersen 2021)<\/a><\/p>\n<p><a href=\"https:\/\/tanafisk.no\/wp-content\/uploads\/2023\/11\/Brattland-Bjorkan-2021_fem_over_tolv_for_laksen.pdf\">Fem over tolv for laksen (Brattland og Bj\u00f8rkan 2021)<\/a><\/p>\n<p><a href=\"https:\/\/tanafisk.no\/wp-content\/uploads\/2023\/11\/Thorstad-Rybraten-2021-Forvaltning-av-laks-NINArapport-1968.pdf\">Forvaltning av laks (Thorstad og Rybr\u00e5ten 2021)<\/a><\/p>\n<p><a href=\"https:\/\/storymaps.arcgis.com\/stories\/7f05e1dcb7554feda97ba97b49db7831\">Imagining Salmon Rivers of the Future. (Brattland 2022)<\/a><\/p>\n<h2>Registrering av garnredskaper i Tanavassdraget<\/h2>\n<p><a href=\"http:\/\/tanafisk.no\/wp-content\/uploads\/2012\/01\/Registrering-av-fastbundne-redskaper-i-Tanavassdraget-2010.pdf\">Registrering av stengsel og st\u00e5garn i Tanavassdraget i 2010 og 1984<\/a>\u00a0(Johnsen 2011)<\/p>\n<p class=\"entry-title\">BUO\u0110\u0110U UTVIKLINGEN AV GARNFISKE 1984-2015 (aAGE sOLBAKK)<\/p>\n<p><a href=\"https:\/\/tanafisk.no\/wp-content\/uploads\/2016\/04\/Luossabivdu-nj\u00e1lmm\u00e1l\u00e1\u0161-g\u00e1ldut.pdf\">Luossabivdu nj\u00e1lmm\u00e1l\u00e1\u0161 g\u00e1ldut<\/a><\/p>\n<h2>Fangstrapporter for Tanavassdraget<\/h2>\n<p><a href=\"https:\/\/tanafisk.no\/wp-content\/uploads\/2023\/07\/Rapport-2021-02-Fangstrapport-for-Tanavassdraget-2020.pdf\">Fangstrapport for Tanavassdraget 2020 (rapport 2021-03)<\/a><\/p>\n<p><a href=\"https:\/\/tanafisk.no\/wp-content\/uploads\/2023\/10\/Fangstrapport-for-Tanavassdraget-2019-010420.pdf\">Fangstrapport for Tanavassdraget 2019<\/a><\/p>\n<p><a href=\"https:\/\/tanafisk.no\/wp-content\/uploads\/2018\/03\/Fangstrapport-for-2017-.pdf\">Fangstrapport 2017,<\/a> <a href=\"https:\/\/tanafisk.no\/wp-content\/uploads\/2018\/03\/Sammendrag-pressemelding.pdf\">Sammendrag fangst 2017<\/a><\/p>\n<p><a href=\"https:\/\/tanafisk.no\/wp-content\/uploads\/2017\/04\/Sammendrag-fangst-i-Tanavassdraget-i-2016.pdf\">Sammendrag fangst i Tanavassdraget i 2016<\/a><\/p>\n<p><a href=\"https:\/\/tanafisk.no\/wp-content\/uploads\/2016\/04\/Fangstrapport-for-Tanavassdraget-2015.pdf\">Fangstrapport 2015<\/a><\/p>\n<p><a href=\"https:\/\/tanafisk.no\/wp-content\/uploads\/2015\/01\/Norsk-fangst-i-Tanavassdraget-i-sesong-2014.pdf\">Fangstrapport 2014<\/a><\/p>\n<p><a href=\"https:\/\/tanafisk.no\/wp-content\/uploads\/2011\/11\/Norsk-fangst-i-Tanavassdraget-i-sesong-2013.pdf\">Fangstrapport 2013<\/a><\/p>\n<p><a href=\"https:\/\/tanafisk.no\/wp-content\/uploads\/2013\/01\/Fangst-2012.pdf\">Fangst 2012<\/a><\/p>\n<p><a href=\"https:\/\/tanafisk.no\/wp-content\/uploads\/2013\/01\/Fangstrapport-Tana-2011-pdf.pdf\">Fangstrapport 2011<\/a><\/p>\n<h2>Andre artikler<\/h2>\n<p><a href=\"https:\/\/tanafisk.no\/wp-content\/uploads\/2025\/05\/Ottar-Nr-3-2017-Kampen-om-Tanalaksen.pdf\">Ottar-Nr-3-2017-Kampen-om-Tanalaksen<\/a><\/p>\n","protected":false},"excerpt":{"rendered":"<p>TF-rapporter fra prosjekter og overv\u00e5king Rapport 2025-02 Uttak av pukkellaks med sperrefelle i M\u00e1skejohka i 2025 Rapport 2025-01 Kartlegging og uttaksfiske av pukkellaks i Tanavassdraget- 2023 Rapport 2023-02 Uttak av pukkellaks med sperrefelle i M\u00e1skejohka 2023\u00a0 Rapport 2023-01 Befaring av vandringshinder i An\u00e1rjohka bekkefelt Rapport 2022-02 Oppgangsregistrering med sonar i Ie\u0161johka 2020 Rapport 2022-01 Pukkellaks [&hellip;]<\/p>\n","protected":false},"author":13,"featured_media":0,"parent":10722,"menu_order":40,"comment_status":"closed","ping_status":"closed","template":"","meta":{"_acf_changed":false,"footnotes":""},"class_list":["post-10741","page","type-page","status-publish","hentry"],"acf":[],"_links":{"self":[{"href":"https:\/\/tanafisk.no\/en\/wp-json\/wp\/v2\/pages\/10741","targetHints":{"allow":["GET"]}}],"collection":[{"href":"https:\/\/tanafisk.no\/en\/wp-json\/wp\/v2\/pages"}],"about":[{"href":"https:\/\/tanafisk.no\/en\/wp-json\/wp\/v2\/types\/page"}],"author":[{"embeddable":true,"href":"https:\/\/tanafisk.no\/en\/wp-json\/wp\/v2\/users\/13"}],"replies":[{"embeddable":true,"href":"https:\/\/tanafisk.no\/en\/wp-json\/wp\/v2\/comments?post=10741"}],"version-history":[{"count":0,"href":"https:\/\/tanafisk.no\/en\/wp-json\/wp\/v2\/pages\/10741\/revisions"}],"up":[{"embeddable":true,"href":"https:\/\/tanafisk.no\/en\/wp-json\/wp\/v2\/pages\/10722"}],"wp:attachment":[{"href":"https:\/\/tanafisk.no\/en\/wp-json\/wp\/v2\/media?parent=10741"}],"curies":[{"name":"wp","href":"https:\/\/api.w.org\/{rel}","templated":true}]}}