{"id":2224,"date":"2013-02-15T15:23:29","date_gmt":"2013-02-15T13:23:29","guid":{"rendered":"http:\/\/tanafisk.flywheelsites.com\/?page_id=2224"},"modified":"2019-06-22T18:15:54","modified_gmt":"2019-06-22T16:15:54","slug":"skjellproveprosjektet","status":"publish","type":"page","link":"https:\/\/tanafisk.no\/en\/tanavassdraget\/biologiske-prosjekter-tanavassdraget-2014\/skjellproveprosjektet\/","title":{"rendered":"Skjellpr\u00f8veprosjektet"},"content":{"rendered":"<p>Skjellpr\u00f8vene har blitt samlet inn systematisk fra b\u00e5de garnfiskere og stangfiskere. Norsk side ved TF har et s\u00e6rlig ansvar for \u00e5 samle inn pr\u00f8ver fra nedre norsk del av Tanaelva og fra norske sideelver.<\/p>\n<p>Siden 1997 har en del fiskere st\u00e5tt p\u00e5 kontrakt med skjellpr\u00f8veprosjektet. De tar skjellpr\u00f8ver av all laks de fanger, og f\u00e5r betalt pr pr\u00f8ve. De har f\u00e5tt utdelt utstyr for at m\u00e5ling og veing av fisken skal v\u00e6re s\u00e5 n\u00f8yaktig som mulig. I sesongen 2014 og 2015 var det fiskeforeningen Tanavassdragets fiskerettshavere som drev prosjektet p\u00e5 vegne av TF, og foreningen hadde kontrakt med 18 fiskere.<\/p>\n<p>I tillegg til fiskerne som har avtale med TF oppfordres ogs\u00e5 andre fiskere til \u00e5 samle skjellpr\u00f8ver. Det kommer \u00e5rlig inn en del skjellpr\u00f8ver fra stangfiskere. Deres innsats er spesielt viktig i sideelvene som en \u00e5rlig bare f\u00e5r inn et f\u00e5tall pr\u00f8ver fra. Det blir \u00e5rlig trukket gavekort blant fiskerne som som har levert skjellpr\u00f8ver, og som ikke har kontrakt. Dersom det blir levert flere enn 100 pr\u00f8ver, blir to fiskere trukket ut.<\/p>\n<p>Siden 1997 har det \u00e5rlig blitt levert i gjennomsnitt 2 297 pr\u00f8ver. Flest pr\u00f8ver ble det levert inn i 2012 (3 595 stk).<\/p>\n<p>Det har blitt samlet inn klart mest skjellpr\u00f8ver fra laks, men ogs\u00e5 fra sj\u00f8\u00f8rret og pukkellaks\/russerlaks.<\/p>\n<h3>Verdien av \u00e5 samle skjellrp\u00f8ver<\/h3>\n<p>Skjellpr\u00f8veinnsamling er en viktig oppgave for forvaltningen av lakseelvene. Fra fiskeskjellene f\u00e5r en essensiell kunnskap om laksens livsl\u00f8p. En kan finne ut hvor mange \u00e5r den var i elva f\u00f8r den smoltifiserte og vandret ut til havet, hvor mange \u00e5r den var til havs f\u00f8r den vandret tilbake til hjemelva for \u00e5 gyte, og en kan finne ut om laksen har gytt tidligere.<\/p>\n<p>Ved \u00e5 ta skjellpr\u00f8ver fra laks \u00e5rvisst vil man etter hvert f\u00e5 lange tidsserier som viser hvordan laksebestanden endres over tid. Endringer i smoltalder forteller noe om vekstforholdene i elva. Spesielt interessant er det \u00e5 f\u00f8lge utviklingen i alderssammensetningen av gytebestanden; hvordan utvikler antallet av de eldste sj\u00f8vinterklassene (3- og 4 sj\u00f8vitnterlaks) seg kontra de yngre (1- og 2 sj\u00f8vinterlaks). Endringen av sammensetningen av gytebestanden i Tanavassdraget i perioden 1972-2011 ble beskrevet og vurdert i den ferskeste rapporten fra forskning- og overv\u00e5kingsgruppa i Tanavassdraget (<a href=\"http:\/\/tanafisk.no\/wp-content\/uploads\/2012\/05\/Anon-2012-Status-of-the-river-Tana-salmon-populations.-Report-1-2012-of-the-working-goup-on-salmon-monitoring-and-research-in-the-Tana-river-system.pdf\">Status of the river Tana salmon populations. Report 1-2012 of the working goup on salmon monitoring and research in the Tana river system<\/a><\/p>\n<h3><strong>Genmix<\/strong><\/h3>\n<p>Foruten aldersavlesning og vekst, har skjellpr\u00f8veanalysene gitt mer kunnskap om de ulike laksestammene i Tanavassdraget gjennom genetiske analyser. Det er tidligere kartlagt i n\u00e6rmere 30 forskjellige laksebestander. Laks fra de forskjellige sideelvene er \u00e5 betrakte som unike laksebestander. Gjennom prosjektet <em>Genmix <\/em>kartlagger en n\u00e5r de forskjellige laksebestandene vandrer opp og er fangbar i forskjellige deler av vassdraget. M\u00e5let med prosjektet er \u00e5 kunne gi konkrete anbefalinger for reguleringer av fiskeut\u00f8velsen i tid og rom som gj\u00f8r at fiske rettes mot bestander som har et h\u00f8stbart overskudd.<\/p>\n<p>Les mer om Genmix\u00a0<a href=\"http:\/\/tanafisk.no\/statistikk\/forskning\/genmix\">her<\/a>.<\/p>\n<p><span style=\"font-size: medium;\"><strong>Hvordan ta en skjellpr\u00f8ve<\/strong><\/span><\/p>\n<ul>\n<li>Det skal bare tas skjellpr\u00f8ver fra fisk som er avlivet.<\/li>\n<li>Skyll av fisken f\u00f8r skjellpr\u00f8vetaking. Da unng\u00e5r man at arvestoffene blandes fra andre fisker.<\/li>\n<li>Ikke t\u00f8rk av slimet i omr\u00e5det skjellpr\u00f8vene sitter, slimet er viktig for genetikkunders\u00f8kelsen.<\/li>\n<li>Skrap (bruk gjerne kniv) 30-40 skjell fra hver enkelt fisk som anvist p\u00e5 bildet (mellom midtlinja og fettfinna).<\/li>\n<li>Fyll ut all informasjon som ettersp\u00f8rres p\u00e5 konvolutten.<\/li>\n<li><strong>NB!<\/strong> Oppbevaringen av pr\u00f8vene er viktig, ikke bruk plastpose til oppbevaring av ferske skjellpr\u00f8ver, pr\u00f8vene vil mugne. Det er ikke n\u00f8dvendig \u00e5 lagre skjellpr\u00f8vene i fryseboks eller kj\u00f8leskap.<\/li>\n<\/ul>\n<p><strong>Les prosjektrapporter her:<\/strong><\/p>\n<p><a href=\"http:\/\/tanafisk.no\/wp-content\/uploads\/2018\/12\/Rapport-2018-03-Skjellprosjektrapport-2018.pdf\">Rapport 2018-03 Skjellprosjektrapport 2018<\/a><\/p>\n<p><a href=\"http:\/\/tanafisk.no\/wp-content\/uploads\/2018\/12\/Rapport-2017-01-Skjellprosjektrapport-2016.pdf\">Rapport 2017-01 Skjellprosjektrapport 2016<\/a><\/p>\n<p><a href=\"http:\/\/tanafisk.no\/wp-content\/uploads\/2013\/02\/Rapport-2015-04-Skjellprosjektrapport.pdf\">Rapport 2015-04 Skjellprosjektrapport<\/a><\/p>\n<p><a href=\"http:\/\/tanafisk.no\/wp-content\/uploads\/2015\/02\/Skjellprosjektrapport-2014.pdf\">Skjellprosjektrapport 2014<\/a><\/p>\n<p><a href=\"http:\/\/tanafisk.no\/wp-content\/uploads\/2014\/03\/Skjellprosjektrapport-2013.pdf\">Skjellprosjektrapport 2013<\/a><\/p>\n<p><a href=\"http:\/\/tanafisk.no\/wp-content\/uploads\/2013\/02\/Rapport-skjellprosjektet-2012.pdf\">Rapport, skjellprosjektet 2012<\/a><\/p>\n<p><a href=\"http:\/\/tanafisk.no\/wp-content\/uploads\/2013\/02\/Rapport-skjellprosjektet-2011.pdf\">Rapport, skjellprosjektet 2011<\/a><\/p>\n","protected":false},"excerpt":{"rendered":"<p>Skjellpr\u00f8vene har blitt samlet inn systematisk fra b\u00e5de garnfiskere og stangfiskere. Norsk side ved TF har et s\u00e6rlig ansvar for \u00e5 samle inn pr\u00f8ver fra nedre norsk del av Tanaelva og fra norske sideelver. Siden 1997 har en del fiskere st\u00e5tt p\u00e5 kontrakt med skjellpr\u00f8veprosjektet. De tar skjellpr\u00f8ver av all laks de fanger, og f\u00e5r [&hellip;]<\/p>\n","protected":false},"author":13,"featured_media":2233,"parent":2965,"menu_order":0,"comment_status":"closed","ping_status":"closed","template":"","meta":{"_acf_changed":false,"footnotes":""},"class_list":["post-2224","page","type-page","status-publish","has-post-thumbnail","hentry"],"acf":[],"_links":{"self":[{"href":"https:\/\/tanafisk.no\/en\/wp-json\/wp\/v2\/pages\/2224","targetHints":{"allow":["GET"]}}],"collection":[{"href":"https:\/\/tanafisk.no\/en\/wp-json\/wp\/v2\/pages"}],"about":[{"href":"https:\/\/tanafisk.no\/en\/wp-json\/wp\/v2\/types\/page"}],"author":[{"embeddable":true,"href":"https:\/\/tanafisk.no\/en\/wp-json\/wp\/v2\/users\/13"}],"replies":[{"embeddable":true,"href":"https:\/\/tanafisk.no\/en\/wp-json\/wp\/v2\/comments?post=2224"}],"version-history":[{"count":0,"href":"https:\/\/tanafisk.no\/en\/wp-json\/wp\/v2\/pages\/2224\/revisions"}],"up":[{"embeddable":true,"href":"https:\/\/tanafisk.no\/en\/wp-json\/wp\/v2\/pages\/2965"}],"wp:featuredmedia":[{"embeddable":true,"href":"https:\/\/tanafisk.no\/en\/wp-json\/wp\/v2\/media\/2233"}],"wp:attachment":[{"href":"https:\/\/tanafisk.no\/en\/wp-json\/wp\/v2\/media?parent=2224"}],"curies":[{"name":"wp","href":"https:\/\/api.w.org\/{rel}","templated":true}]}}