{"id":230,"date":"2011-08-01T12:42:18","date_gmt":"2011-08-01T10:42:18","guid":{"rendered":"http:\/\/tanafisk.flywheelsites.com\/?page_id=230"},"modified":"2022-04-04T13:29:22","modified_gmt":"2022-04-04T11:29:22","slug":"overenskomsten","status":"publish","type":"page","link":"https:\/\/tanafisk.no\/en\/forvaltning\/overenskomsten\/","title":{"rendered":"Tanaavtalen"},"content":{"rendered":"<p>Tanaavtalens form\u00e5l er \u00e5 verne og ta vare p\u00e5 naturlige bestander av anadrome laksefisk slik at naturens mangfold og produktivitet bevares. I den gjeldende overenskomsten er det avtalt detaljerte bestemmelser om redskapsbruk, fisketider etc.<\/p>\n<p><a href=\"https:\/\/lovdata.no\/dokument\/TRAKTAT\/traktat\/2016-09-30-16?q=fiske%20i%20Tanavassdraget\">Les avtalen p\u00e5 lovdata.no<\/a><\/p>\n<p>Forhandlingene om den nye avtalen p\u00e5gikk i perioden 2012-16.<\/p>\n<p>Her kan du lese Kongelig resolusjon om oppnevning av forhandlingsdelegasjonen: <a href=\"http:\/\/tanafisk.no\/lover-og-forskrifter\/overenskomsten\/kongelig-resolusjon\" rel=\"attachment wp-att-2000\">Kongelig-resolusjon<\/a><\/p>\n<p>Den forrige avtalen tr\u00e5dte i kraft i 1990. Den kan leses her:\u00a0<a title=\"Overenskomst mellom Norge og Finland om felles forskrifter om fisket i Tanaelvas fiskeomr\u00e5de\" href=\"http:\/\/tanafisk.no\/wp-content\/uploads\/2011\/08\/overenskomst-mellom-Norge-og-Finland-om-felles-forskrifter-om-fisket-i-Tanaelvas-fiskeomr%C3%A5de.pdf\">Overenskomsten (PDF)<\/a><\/p>\n<p>&nbsp;<\/p>\n","protected":false},"excerpt":{"rendered":"<p>Tanaavtalens form\u00e5l er \u00e5 verne og ta vare p\u00e5 naturlige bestander av anadrome laksefisk slik at naturens mangfold og produktivitet bevares. I den gjeldende overenskomsten er det avtalt detaljerte bestemmelser om redskapsbruk, fisketider etc. Les avtalen p\u00e5 lovdata.no Forhandlingene om den nye avtalen p\u00e5gikk i perioden 2012-16. Her kan du lese Kongelig resolusjon om oppnevning [&hellip;]<\/p>\n","protected":false},"author":1,"featured_media":585,"parent":8,"menu_order":46,"comment_status":"closed","ping_status":"closed","template":"","meta":{"_acf_changed":false,"footnotes":""},"class_list":["post-230","page","type-page","status-publish","has-post-thumbnail","hentry"],"acf":[],"_links":{"self":[{"href":"https:\/\/tanafisk.no\/en\/wp-json\/wp\/v2\/pages\/230","targetHints":{"allow":["GET"]}}],"collection":[{"href":"https:\/\/tanafisk.no\/en\/wp-json\/wp\/v2\/pages"}],"about":[{"href":"https:\/\/tanafisk.no\/en\/wp-json\/wp\/v2\/types\/page"}],"author":[{"embeddable":true,"href":"https:\/\/tanafisk.no\/en\/wp-json\/wp\/v2\/users\/1"}],"replies":[{"embeddable":true,"href":"https:\/\/tanafisk.no\/en\/wp-json\/wp\/v2\/comments?post=230"}],"version-history":[{"count":0,"href":"https:\/\/tanafisk.no\/en\/wp-json\/wp\/v2\/pages\/230\/revisions"}],"up":[{"embeddable":true,"href":"https:\/\/tanafisk.no\/en\/wp-json\/wp\/v2\/pages\/8"}],"wp:featuredmedia":[{"embeddable":true,"href":"https:\/\/tanafisk.no\/en\/wp-json\/wp\/v2\/media\/585"}],"wp:attachment":[{"href":"https:\/\/tanafisk.no\/en\/wp-json\/wp\/v2\/media?parent=230"}],"curies":[{"name":"wp","href":"https:\/\/api.w.org\/{rel}","templated":true}]}}