{"id":3483,"date":"2015-01-22T14:57:01","date_gmt":"2015-01-22T12:57:01","guid":{"rendered":"http:\/\/tanafisk.flywheelsites.com\/?page_id=3483"},"modified":"2023-03-22T11:42:57","modified_gmt":"2023-03-22T09:42:57","slug":"maskejohka","status":"publish","type":"page","link":"https:\/\/tanafisk.no\/en\/tanavassdraget\/tanavassdraget\/maskejohka\/","title":{"rendered":"M\u00e1skejohka\/Masjok"},"content":{"rendered":"<p>Selve M\u00e1skejohka er om lag 3 mil lang, fra munningen til M\u00e1skeluobbal. Nedre deler av elva bukter seg gjennom jordbruksomr\u00e5det i Masjokdalen. Selv om elva har mye finsubstrat og lite laksehabitat, er det likevel flere gode fiskeplasser tilgjengelig for den lokalkjente.<\/p>\n<p>I midtre og \u00f8vre del av M\u00e1skejohka er det flott laksehabitat, og mange gode fiskeplasser. Det er mulig \u00e5 n\u00e5 inn hit ved \u00e5 g\u00e5 inn fra Masjokdalen, alts\u00e5 p\u00e5 vestsiden av dalen. Mer vanlig er det \u00e5 kj\u00f8re opp til linken og g\u00e5 ned til Krokfossen. Lokale fiskere kj\u00f8rer gjerne med elveb\u00e5t for \u00e5 komme til midtre deler av M\u00e1skejohka, men fra 20. juni er det ikke lov til \u00e5 kj\u00f8re lenger opp enn til Daukulpen.<\/p>\n<p>Omr\u00e5det rundt Krokfossen og Linjkulpen er spesielt kjent for mange av fiskerne som kommer tilbake til M\u00e1skejohka \u00e5r etter \u00e5r. Det samme er Dalsa i \u00f8vre del av M\u00e1skejohka.<\/p>\n<figure id=\"attachment_8487\" aria-describedby=\"caption-attachment-8487\" style=\"width: 568px\" class=\"wp-caption alignnone\"><a href=\"https:\/\/tanafisk.no\/wp-content\/uploads\/2020\/03\/P1030059-\u2013-Kopi-scaled.jpg\"><img loading=\"lazy\" decoding=\"async\" class=\"size-medium wp-image-8487\" src=\"https:\/\/tanafisk.no\/wp-content\/uploads\/2020\/03\/P1030059-\u2013-Kopi-568x137.jpg\" alt=\"\" width=\"568\" height=\"137\" srcset=\"https:\/\/tanafisk.no\/wp-content\/uploads\/2020\/03\/P1030059-\u2013-Kopi-568x137.jpg 568w, https:\/\/tanafisk.no\/wp-content\/uploads\/2020\/03\/P1030059-\u2013-Kopi-1000x241.jpg 1000w, https:\/\/tanafisk.no\/wp-content\/uploads\/2020\/03\/P1030059-\u2013-Kopi-768x185.jpg 768w, https:\/\/tanafisk.no\/wp-content\/uploads\/2020\/03\/P1030059-\u2013-Kopi-1536x371.jpg 1536w, https:\/\/tanafisk.no\/wp-content\/uploads\/2020\/03\/P1030059-\u2013-Kopi-2048x494.jpg 2048w, https:\/\/tanafisk.no\/wp-content\/uploads\/2020\/03\/P1030059-\u2013-Kopi-570x138.jpg 570w, https:\/\/tanafisk.no\/wp-content\/uploads\/2020\/03\/P1030059-\u2013-Kopi-638x154.jpg 638w, https:\/\/tanafisk.no\/wp-content\/uploads\/2020\/03\/P1030059-\u2013-Kopi-1170x282.jpg 1170w\" sizes=\"auto, (max-width: 639px) 98vw, (max-width: 1199px) 64vw, 568px\" \/><\/a><figcaption id=\"caption-attachment-8487\" class=\"wp-caption-text\">Panoramabilde av Krokfossen i sentrale deler av M\u00e1sekjohka (foto: TF)<\/figcaption><\/figure>\n<p>Av\u00a0M\u00e1skejohkas tre sideelver, er nok Sommerelva\/Geasis den mest kjente og bes\u00f8kte av fiskere. Dunkrattelva\/Uvjal\u00e1tnja er ogs\u00e5 ei flott lita interessant elv for fiskere som er ute etter \u00f8rret og sm\u00e5laks. Nedre deler renner gjennom en kanyon. Ciikujohka er nok mindre kjent, og det er mindre laks \u00e5 f\u00e5 her. Den renner parallelt med Tanaelva, og kan lettest n\u00e5s til fots fra B\u00e5teng\/Hillagurra. De tre sideelvene er laksef\u00f8rende i henholdsvis 7, 7 og 11 km.<\/p>\n<p>M\u00e1skejohka starter der Geasis og Ciikujohka m\u00f8tes, nemlig ved M\u00e1skeluobbal. Laksen som skal opp i Ciikujohka m\u00e5 gjennom ytterligere to innsj\u00f8er;\u00a0Vuoks\u00e1j\u00e1vre og M\u00e1skeluobbal. Innsj\u00f8ene har komplekse fiskesamfunn dominert av gjedde, sik og harr.<\/p>\n<h3>Laksebestanden<\/h3>\n<p>I M\u00e1skejohka blir det \u00e5rlig fanget en del storlaks. Det er likevel sm\u00e5- og mellomlaksen som dominerer i vassdraget. Siden 2006 er det \u00e5rlig fanget mellom 0,7 og 2,3 tonn i M\u00e1skejohka med sideelver, noe som tilsvarer mellom 200 og 780 laks. Det har v\u00e6rt en negativ trend i fangstene i M\u00e1skejohka de siste \u00e5rene, men i samme perioden er fiskeaktiviteten ogs\u00e5 redusert.<\/p>\n<figure id=\"attachment_8490\" aria-describedby=\"caption-attachment-8490\" style=\"width: 568px\" class=\"wp-caption alignnone\"><a href=\"https:\/\/tanafisk.no\/wp-content\/uploads\/2020\/03\/Fangst-Masjok-2006-2019.jpg\"><img loading=\"lazy\" decoding=\"async\" class=\"size-medium wp-image-8490\" src=\"https:\/\/tanafisk.no\/wp-content\/uploads\/2020\/03\/Fangst-Masjok-2006-2019-568x386.jpg\" alt=\"\" width=\"568\" height=\"386\" srcset=\"https:\/\/tanafisk.no\/wp-content\/uploads\/2020\/03\/Fangst-Masjok-2006-2019-568x386.jpg 568w, https:\/\/tanafisk.no\/wp-content\/uploads\/2020\/03\/Fangst-Masjok-2006-2019-570x388.jpg 570w, https:\/\/tanafisk.no\/wp-content\/uploads\/2020\/03\/Fangst-Masjok-2006-2019.jpg 622w\" sizes=\"auto, (max-width: 639px) 98vw, (max-width: 1199px) 64vw, 568px\" \/><\/a><figcaption id=\"caption-attachment-8490\" class=\"wp-caption-text\">Fangstutvikling for laksefangsten i M\u00e1skejohka i perioden 2006-2019 basert p\u00e5 vekt. Figurene er basert p\u00e5 beregnet fangst, og gjenutsatt laks er inkludert. Bl\u00e5 s\u00f8yle er sm\u00e5laks (&lt; 3kg), r\u00f8d er mellomlaks (3-7 kg), og gr\u00f8nn er storlaks (&gt;7 kg).<\/figcaption><\/figure>\n<p>Gytebestandsm\u00e5let for M\u00e1skejohka med sideelver satt til 1 521 kg hunnlaks. I den siste bestandsvurderingen (2018) ble det beregnet at forvaltningsm\u00e5let for M\u00e1skejohka ikke var n\u00e5dd de fire siste \u00e5rene. Det er imidlertid stor usikkerhet i beregningene ettersom det aldri er gjennomf\u00f8rt oppgangstelling i M\u00e1skejohka.<\/p>\n<p>TF har\u00a0gjennomf\u00f8rt drivtellinger i deler av vassdraget for \u00e5 kunne ansl\u00e5 st\u00f8rrelsen p\u00e5 gytebestanden. Disse ble gjort i \u00f8vre del av Sommerelva i \u00e5rene 2013-2015 og 2017. Antall registrerte laks varierte mellom 80-160 laks p\u00e5 den aktuelle strekningen, mens st\u00f8rrelsesfordeling, og fordelingen i elva varierte mellom \u00e5rene.<\/p>\n<p>I tillegg til laks er det ogs\u00e5 fin st\u00f8rrelse p\u00e5 \u00f8rreten i M\u00e1skejohka, og det vandrer en del sj\u00f8\u00f8rret opp hit. Det er ogs\u00e5 mye harr \u00e5 f\u00e5 i elva.<\/p>\n<figure id=\"attachment_8494\" aria-describedby=\"caption-attachment-8494\" style=\"width: 568px\" class=\"wp-caption alignnone\"><a href=\"https:\/\/tanafisk.no\/wp-content\/uploads\/2020\/03\/Laksefangst-M\u00e1skejohka.jpg\"><img loading=\"lazy\" decoding=\"async\" class=\"size-medium wp-image-8494\" src=\"https:\/\/tanafisk.no\/wp-content\/uploads\/2020\/03\/Laksefangst-M\u00e1skejohka-568x379.jpg\" alt=\"\" width=\"568\" height=\"379\" srcset=\"https:\/\/tanafisk.no\/wp-content\/uploads\/2020\/03\/Laksefangst-M\u00e1skejohka-568x379.jpg 568w, https:\/\/tanafisk.no\/wp-content\/uploads\/2020\/03\/Laksefangst-M\u00e1skejohka-1000x667.jpg 1000w, https:\/\/tanafisk.no\/wp-content\/uploads\/2020\/03\/Laksefangst-M\u00e1skejohka-768x512.jpg 768w, https:\/\/tanafisk.no\/wp-content\/uploads\/2020\/03\/Laksefangst-M\u00e1skejohka-285x190.jpg 285w, https:\/\/tanafisk.no\/wp-content\/uploads\/2020\/03\/Laksefangst-M\u00e1skejohka-570x380.jpg 570w, https:\/\/tanafisk.no\/wp-content\/uploads\/2020\/03\/Laksefangst-M\u00e1skejohka-638x425.jpg 638w, https:\/\/tanafisk.no\/wp-content\/uploads\/2020\/03\/Laksefangst-M\u00e1skejohka-1170x780.jpg 1170w, https:\/\/tanafisk.no\/wp-content\/uploads\/2020\/03\/Laksefangst-M\u00e1skejohka.jpg 1386w\" sizes=\"auto, (max-width: 639px) 98vw, (max-width: 1199px) 64vw, 568px\" \/><\/a><figcaption id=\"caption-attachment-8494\" class=\"wp-caption-text\">Laksefangst i \u00f8vre del av M\u00e1skejohka (foto: TF).<\/figcaption><\/figure>\n<h3>Fiskekort<\/h3>\n<p>Tilreisende fiskere kan fiske i M\u00e1skejohka og sideelver med d\u00f8gnkort for M\u00e1skejohka. Sideelvene er alts\u00e5 inkludert, men vi \u00f8nsker at fangsten rapporteres til riktig del av vassdraget; M\u00e1skejohka\/Sommerelva\/Dunkrattelva\/Ciikujohka.<\/p>\n<p>Fiskesesongen for tilreisende fiskere varer fra 10. juni til 10. august. Det er satt en kortkvote for tilreisende p\u00e5 350 d\u00f8gn. Kortene kan kj\u00f8pes i v\u00e5r nettbutikk. Et d\u00f8gnkort koster 500,- for voksen, ungdom fra fylte 16 \u00e5r til fylte 18 \u00e5r kan kj\u00f8pe ungdomskort til 100,- pr. d\u00f8gn, mens barn og ungdom frem til fylte 16 \u00e5r skal ha gratis barnekort.<\/p>\n<p>Lokale fiskere m\u00e5 ha sesongkort for hele Tanavassdraget, eller for laksef\u00f8rende deler av Tanavassdraget i Tana kommune for \u00e5 ha tilgang p\u00e5 fisket i M\u00e1skejohka. Sesongen for lokale fiskere varer fra 1. juni til 20. august.<\/p>\n<p>M\u00e1skejohka har v\u00e6rt den mest popul\u00e6re norske sideelva blant tilreisende fiskere. Salget har imidlertid g\u00e5tt betydelig tilbake de siste \u00e5rene, fra 679 d\u00f8gn i 2008 til 207 d\u00f8gn i 2018. Salget \u00f8kte til 316 d\u00f8gn i 2019, og maksimalt antall tilgjengelige d\u00f8gn er alts\u00e5 350. Det er derfor god tilgang p\u00e5 fiskeplasser ved elva n\u00e5.<\/p>\n<figure id=\"attachment_8484\" aria-describedby=\"caption-attachment-8484\" style=\"width: 568px\" class=\"wp-caption alignnone\"><a href=\"https:\/\/tanafisk.no\/wp-content\/uploads\/2020\/03\/P1030002-scaled-e1584037975852.jpg\"><img loading=\"lazy\" decoding=\"async\" class=\"size-medium wp-image-8484\" src=\"https:\/\/tanafisk.no\/wp-content\/uploads\/2020\/03\/P1030002-568x379.jpg\" alt=\"\" width=\"568\" height=\"379\" \/><\/a><figcaption id=\"caption-attachment-8484\" class=\"wp-caption-text\">Laks i vente? (foto:TF)<\/figcaption><\/figure>\n<h3>Fiskeregler<\/h3>\n<p>Tilreisende fiskere kan kun fiske med flue, uten dupp eller s\u00f8kke. Barn kan fiske med flue og dupp.<\/p>\n<p>Lokale fiskere kan fiske med flue, flue og duppe slukredskaper (inkludert wobbler).<\/p>\n<p>Lokale fiskere kan dorge, men TF selger ikke b\u00e5tkort til tilreisende fiskere, og har dermed ikke \u00e5pnet for at tilreisende fiskere kan dorge i M\u00e1skejohka.<\/p>\n<p>Fisked\u00f8gnet starter kl. 18, og varer et d\u00f8gn.<\/p>\n<p>Fisket er ikke \u00e5pent fra s\u00f8ndag kl. 18 til mandag kl. 18.<\/p>\n<p>Det er fredningssoner der to sideelver m\u00f8tes jf forskrift om norske sidevassdrag \u00a7 6, 4. punkt:<\/p>\n<p><em>&#8220;fra b\u00e5t og fra strand utenfor elvemunningen til laksef\u00f8rende sideelver i et omr\u00e5de som strekker seg fra 50 m oppstr\u00f8ms til 100 m nedstr\u00f8ms fra sideelvas n\u00e6rmeste elvebredder og p\u00e5 tvers av den aktuelle sideelva.&#8221;<\/em><\/p>\n<p>Denne paragrafen er aktuell for saml\u00f8pet mellom Sommerelva og Dunkrattelva.<\/p>\n<figure id=\"attachment_8499\" aria-describedby=\"caption-attachment-8499\" style=\"width: 568px\" class=\"wp-caption alignnone\"><a href=\"https:\/\/tanafisk.no\/wp-content\/uploads\/2020\/03\/Sommerelva.jpg\"><img loading=\"lazy\" decoding=\"async\" class=\"size-medium wp-image-8499\" src=\"https:\/\/tanafisk.no\/wp-content\/uploads\/2020\/03\/Sommerelva-568x379.jpg\" alt=\"\" width=\"568\" height=\"379\" srcset=\"https:\/\/tanafisk.no\/wp-content\/uploads\/2020\/03\/Sommerelva-568x379.jpg 568w, https:\/\/tanafisk.no\/wp-content\/uploads\/2020\/03\/Sommerelva-1000x667.jpg 1000w, https:\/\/tanafisk.no\/wp-content\/uploads\/2020\/03\/Sommerelva-768x512.jpg 768w, https:\/\/tanafisk.no\/wp-content\/uploads\/2020\/03\/Sommerelva-1536x1024.jpg 1536w, https:\/\/tanafisk.no\/wp-content\/uploads\/2020\/03\/Sommerelva-285x190.jpg 285w, https:\/\/tanafisk.no\/wp-content\/uploads\/2020\/03\/Sommerelva-570x380.jpg 570w, https:\/\/tanafisk.no\/wp-content\/uploads\/2020\/03\/Sommerelva-638x425.jpg 638w, https:\/\/tanafisk.no\/wp-content\/uploads\/2020\/03\/Sommerelva-1170x780.jpg 1170w, https:\/\/tanafisk.no\/wp-content\/uploads\/2020\/03\/Sommerelva.jpg 1959w\" sizes=\"auto, (max-width: 639px) 98vw, (max-width: 1199px) 64vw, 568px\" \/><\/a><figcaption id=\"caption-attachment-8499\" class=\"wp-caption-text\">\u00d8vre del av Sommerelva (Geasis). Det er mange spennende fiskeplasser opp langs elva. Her i \u00f8vre del er renner elva gjennom en Kanyon (foto: TF)<\/figcaption><\/figure>\n<p>&nbsp;<\/p>\n<p>&nbsp;<\/p>\n","protected":false},"excerpt":{"rendered":"<p>Selve M\u00e1skejohka er om lag 3 mil lang, fra munningen til M\u00e1skeluobbal. Nedre deler av elva bukter seg gjennom jordbruksomr\u00e5det i Masjokdalen. Selv om elva har mye finsubstrat og lite laksehabitat, er det likevel flere gode fiskeplasser tilgjengelig for den lokalkjente. I midtre og \u00f8vre del av M\u00e1skejohka er det flott laksehabitat, og mange gode [&hellip;]<\/p>\n","protected":false},"author":13,"featured_media":8798,"parent":144,"menu_order":16,"comment_status":"closed","ping_status":"closed","template":"","meta":{"_acf_changed":false,"footnotes":""},"class_list":["post-3483","page","type-page","status-publish","has-post-thumbnail","hentry"],"acf":[],"_links":{"self":[{"href":"https:\/\/tanafisk.no\/en\/wp-json\/wp\/v2\/pages\/3483","targetHints":{"allow":["GET"]}}],"collection":[{"href":"https:\/\/tanafisk.no\/en\/wp-json\/wp\/v2\/pages"}],"about":[{"href":"https:\/\/tanafisk.no\/en\/wp-json\/wp\/v2\/types\/page"}],"author":[{"embeddable":true,"href":"https:\/\/tanafisk.no\/en\/wp-json\/wp\/v2\/users\/13"}],"replies":[{"embeddable":true,"href":"https:\/\/tanafisk.no\/en\/wp-json\/wp\/v2\/comments?post=3483"}],"version-history":[{"count":0,"href":"https:\/\/tanafisk.no\/en\/wp-json\/wp\/v2\/pages\/3483\/revisions"}],"up":[{"embeddable":true,"href":"https:\/\/tanafisk.no\/en\/wp-json\/wp\/v2\/pages\/144"}],"wp:featuredmedia":[{"embeddable":true,"href":"https:\/\/tanafisk.no\/en\/wp-json\/wp\/v2\/media\/8798"}],"wp:attachment":[{"href":"https:\/\/tanafisk.no\/en\/wp-json\/wp\/v2\/media?parent=3483"}],"curies":[{"name":"wp","href":"https:\/\/api.w.org\/{rel}","templated":true}]}}