{"id":7911,"date":"2019-06-12T15:34:43","date_gmt":"2019-06-12T13:34:43","guid":{"rendered":"http:\/\/tanafisk.flywheelsites.com\/om-tf\/forvaltningsgruppa\/"},"modified":"2023-03-15T11:10:39","modified_gmt":"2023-03-15T09:10:39","slug":"forvaltningsgruppa","status":"publish","type":"page","link":"https:\/\/tanafisk.no\/en\/forvaltning\/forvaltningsgruppa\/","title":{"rendered":"Forvaltningsgruppa"},"content":{"rendered":"<p>Etter press fra blant annet TF ble det opprettet en permanent forvaltningsgruppe for Tanavassdraget, senh\u00f8sten 2017. Denne best\u00e5r av 8 medlemmer; to lokale representanter fra hvert land og to representanter fra myndighetene i hvert av landene. TF oppnevner de to lokale representantene fra norsk side, og frem til mai 2022 er TF-leder John Nystad (Karasjok) og nestleder Rune Aslaksen (Tana) som har v\u00e6rt representanter.<\/p>\n<p>Forvaltningsgruppa har et mandat gitt av myndighetene i de to land. Deres ansvarsoppgaver er \u00e5:<\/p>\n<ul>\n<li>Foresl\u00e5 en forvaltningsplan for laksebestandene og eventuelle justeringer av planen;<\/li>\n<li>Forberede evaluering av forvaltningsplanen om n\u00f8dvendig;<\/li>\n<li>Forberede \u00e5rlig vurdering av effektene av fiskereglene;<\/li>\n<li>Forberede \u00e5rlig vurdering av behovet for \u00e5 vedta bestemmelser som fraviker fiskereglene hvis n\u00f8dvendig;<\/li>\n<li>Foresl\u00e5 rutiner for \u00e5 stoppe eller begrense fisket n\u00e5r s\u00e6rskilte situasjoner tilsier det;<\/li>\n<li>Vurdere bruken av tradisjonell kunnskap;<\/li>\n<li>Identifisere relevante sosiale, kulturelle og \u00f8konomiske virkninger av foresl\u00e5tte tiltak.<\/li>\n<\/ul>\n<h3><strong>Overv\u00e5kingsgruppa for Tanavassdraget<\/strong><\/h3>\n<p>Forvaltningsgruppa m\u00e5 ikke forveksles med\u00a0<em>Overv\u00e5kning- og forskningsgruppa for Tanavassdraget<\/em> (Overv\u00e5kingsgruppa) som best\u00e5r av fire lakseforskere, to oppnevnt fra hvert land. Overv\u00e5kingsgruppa er hjemlet i Tanaavtalens artikkel 12, og de har et eget mandat gitt av myndighetene i de to land. Hovedoppgaven deres er \u00e5 levere en \u00e5rlig vurdering av statusen til laksebestandene i vassdraget, samt \u00e5 gi r\u00e5d om overv\u00e5king og forskning som kan fylle kunnskapshull om tanalaksen.<\/p>\n<h3><strong>Mulighet for \u00e5rlig justering av fiskeforskrifter<\/strong><\/h3>\n<p>Det er muligheter til \u00e5 gj\u00f8re endringer i fiskeforskrifter mellom \u00e5rene i henhold til Tanaavtalens Artikkel 6 og 7.<\/p>\n<p>En forutsetning er at bla bla&#8230;<\/p>\n<p>Den \u00e5rlige bestandsvurderingen leveres fra Overv\u00e5kingsgruppa til forvaltningsgruppa 15. desember. P\u00e5 bakgrunn av bestandsvurderingene og andre erfaringer legger forvaltningsgruppa frem forslag om justeringer av fiskeforskriftene for myndighetene i de to land.<\/p>\n<p>Etter et felles norsk finsk m\u00f8te i m\u00e5nedsskifte januar\/februar sendes endringene ut p\u00e5 h\u00f8ring. Oppdaterte forskrifter m\u00e5 tre i kraft senest 1. april.<\/p>\n<p>Under den nye Tanaavtalen har forvaltningen av vassdraget f\u00e5tt en ny forutsigbar struktur med frister i l\u00f8pet av \u00e5ret, se \u00e5rshjulet under.<\/p>\n<p>&nbsp;<\/p>\n<div id=\"attachment_5574\" class=\"wp-caption alignnone\">\n<figure id=\"attachment_5574\" aria-describedby=\"caption-attachment-5574\" style=\"width: 568px\" class=\"wp-caption alignnone\"><a class=\"fancybox image\" href=\"https:\/\/tanafisk.no\/wp-content\/uploads\/2019\/02\/%C3%85rshjul-1.jpg\" rel=\"gallery\"><img loading=\"lazy\" decoding=\"async\" class=\"wp-image-5574 size-medium\" src=\"http:\/\/tanafisk.no\/wp-content\/uploads\/2019\/02\/\u00c5rshjul-1-568x390.jpg\" alt=\"\" width=\"568\" height=\"390\" srcset=\"https:\/\/tanafisk.no\/wp-content\/uploads\/2019\/02\/\u00c5rshjul-1-568x390.jpg 568w, https:\/\/tanafisk.no\/wp-content\/uploads\/2019\/02\/\u00c5rshjul-1-570x391.jpg 570w, https:\/\/tanafisk.no\/wp-content\/uploads\/2019\/02\/\u00c5rshjul-1-638x438.jpg 638w, https:\/\/tanafisk.no\/wp-content\/uploads\/2019\/02\/\u00c5rshjul-1-1170x803.jpg 1170w, https:\/\/tanafisk.no\/wp-content\/uploads\/2019\/02\/\u00c5rshjul-1-768x527.jpg 768w, https:\/\/tanafisk.no\/wp-content\/uploads\/2019\/02\/\u00c5rshjul-1-1000x687.jpg 1000w, https:\/\/tanafisk.no\/wp-content\/uploads\/2019\/02\/\u00c5rshjul-1.jpg 1455w\" sizes=\"auto, (max-width: 639px) 98vw, (max-width: 1199px) 64vw, 568px\" \/><\/a><figcaption id=\"caption-attachment-5574\" class=\"wp-caption-text\">\u00c5rshjul for forvaltningen av Tanavassdraget under Tanaavtalen (2016): 1) Fiskesesongen og oppgangsoverv\u00e5king foreg\u00e5r grovt regnet fra juni til begynnelsen av septamber, 2) fangstdata og data oppgangsoverv\u00e5king ++ leveres til overv\u00e5kingsgruppa senest 15. november, 3) Overv\u00e5kingsgruppa leverer bestandsvurderingen til forvaltningsgruppa innen 15. desember, 4) Forvaltningsgruppa legger frem eventuelle \u00f8nsker om endringer i forskriftene til myndighetene (Klima- og Milj\u00f8departementet-KLD i Norge) basert blant annet p\u00e5 materialet fra overv\u00e5kingsgruppa innen 15. januar, 5)\u00a0 et norsk finsk m\u00f8te hvor myndighetene og de lokale rettighetshaverne er til stede enes om akseptable justeringer av forskriften p\u00e5 et m\u00f8te i m\u00e5nedskifte januar\/februar, 6) Forskriftsendringene sendes ut p\u00e5 h\u00f8ring, og 7) justerte forskrifter trer i kraft senest 1. april.<\/figcaption><\/figure>\n<p class=\"wp-caption-text\">\n<\/div>\n","protected":false},"excerpt":{"rendered":"<p>Etter press fra blant annet TF ble det opprettet en permanent forvaltningsgruppe for Tanavassdraget, senh\u00f8sten 2017. Denne best\u00e5r av 8 medlemmer; to lokale representanter fra hvert land og to representanter fra myndighetene i hvert av landene. TF oppnevner de to lokale representantene fra norsk side, og frem til mai 2022 er TF-leder John Nystad (Karasjok) [&hellip;]<\/p>\n","protected":false},"author":5,"featured_media":752,"parent":8,"menu_order":48,"comment_status":"closed","ping_status":"closed","template":"","meta":{"_acf_changed":false,"footnotes":""},"class_list":["post-7911","page","type-page","status-publish","has-post-thumbnail","hentry"],"acf":[],"_links":{"self":[{"href":"https:\/\/tanafisk.no\/en\/wp-json\/wp\/v2\/pages\/7911","targetHints":{"allow":["GET"]}}],"collection":[{"href":"https:\/\/tanafisk.no\/en\/wp-json\/wp\/v2\/pages"}],"about":[{"href":"https:\/\/tanafisk.no\/en\/wp-json\/wp\/v2\/types\/page"}],"author":[{"embeddable":true,"href":"https:\/\/tanafisk.no\/en\/wp-json\/wp\/v2\/users\/5"}],"replies":[{"embeddable":true,"href":"https:\/\/tanafisk.no\/en\/wp-json\/wp\/v2\/comments?post=7911"}],"version-history":[{"count":0,"href":"https:\/\/tanafisk.no\/en\/wp-json\/wp\/v2\/pages\/7911\/revisions"}],"up":[{"embeddable":true,"href":"https:\/\/tanafisk.no\/en\/wp-json\/wp\/v2\/pages\/8"}],"wp:featuredmedia":[{"embeddable":true,"href":"https:\/\/tanafisk.no\/en\/wp-json\/wp\/v2\/media\/752"}],"wp:attachment":[{"href":"https:\/\/tanafisk.no\/en\/wp-json\/wp\/v2\/media?parent=7911"}],"curies":[{"name":"wp","href":"https:\/\/api.w.org\/{rel}","templated":true}]}}