{"id":8505,"date":"2020-03-16T00:56:07","date_gmt":"2020-03-15T22:56:07","guid":{"rendered":"https:\/\/tanafisk.flywheelsites.com\/?page_id=8505"},"modified":"2022-04-04T13:29:21","modified_gmt":"2022-04-04T11:29:21","slug":"minkprosjektet","status":"publish","type":"page","link":"https:\/\/tanafisk.no\/en\/tanavassdraget\/biologiske-prosjekter-tanavassdraget-2014\/minkprosjektet\/","title":{"rendered":"Minkprosjektet"},"content":{"rendered":"<h2>Minken i norsk natur<\/h2>\n<p>Minken (<em>Neovison vison<\/em>) er en amerikansk art som er innf\u00f8rt til via pelsoppdrett rundt 1927, og den har v\u00e6rt \u00e5 finne i den norske faunaen siden p\u00e5 grunn av r\u00f8mminger og egenspredning. I l\u00f8pet\u00a0 1950- og 1960-tallet hadde den koloniser det meste av landet, og fra 1980-tallet har utbredelsen i store trekk v\u00e6rt uforandret.<\/p>\n<p>Minken er n\u00e6rt knyttet til vann, og det meste av f\u00f8den av fisk. Dette gjelder b\u00e5de for mink som holder til langs kysten og i elver og vann i innlandet. Det er imidlertid sesongvariasjoner alt etter tilbudet av andre byttedyr som for eksempel fugl, fugleegg, gnagere osv.<\/p>\n<p>Minken vil kunne ta fisk av ulike st\u00f8rrelser. Unders\u00f8kelser fra Storbritannia viser at minken prefererer relativt liten til mellomstor fisk. En unders\u00f8kelse viste at 72 % var mindre enn 12 cm, 25 % var mellom 12 og 25 cm og 3 % var over 25 cm. I en annen unders\u00f8kelse var gjennomsnittsst\u00f8rrelsen til \u00f8rret som ble funnet ved dagleie til mink ca. 20 cm.<\/p>\n<p>Paringstida i Norge er fra slutten av februar til begynnelsen av april, og for Tanavassdraget er det trolig i siste delen av denne perioden. Hannminken forsvarer normalt et territorium ovenfor inntrengere, men i paringstida forlater hannen territoriet og streifer vidt omkring p\u00e5 leiting etter hunner. N\u00e5r parringen er over drar han videre for \u00e5 finne nye hunner. Territoriene til hannene er vanligvis store og kan inneholde ett eller flere hunndyrterritorier. Territorialgrenser markeres med minkens analkjertel.<\/p>\n<p>Et kull er som regel p\u00e5 4-5 unger, og ungene begynner \u00e5 streife omkring p\u00e5 ettersommeren.<\/p>\n<p>Selv om ingen arter jakter spesielt p\u00e5 mink, er b\u00e5de rovpattedyr og rovfugl potensielle fiender. Mye tyder dessuten p\u00e5 at oter utkonkurrerer mink n\u00e5r de lever i samme omr\u00e5de.<\/p>\n<p>Minken er kategorisert som en innf\u00f8rt art med sv\u00e6rt h\u00f8y risiko i den norske fremmedartslista. Den har stort invasjonspotensiale, og h\u00f8y \u00f8kologisk effekt. Den har stor negativ effekt p\u00e5 en rekke arter. Det legges ressurser i uttak av mink i fuglereservater rundt om i landet.<\/p>\n<p><a href=\"https:\/\/artsdatabanken.no\/Pages\/185032\/Mink\">Les mer om minken p\u00e5 artsdatabanken<\/a> (ekstern lenke).<\/p>\n<h3>Mink ved Tanavassdraget<\/h3>\n<p>Minken er til stede i det meste av Tanavassdraget, og tettheten av mink varierer sikkert mye mellom ulike sideelver, ut fra tilgang p\u00e5 mat, h\u00f8velige jaktomr\u00e5der og tilgang p\u00e5 potensielle hi. Kanskje begrenser ogs\u00e5 oteren minkens utbredelse\/tetthet.<\/p>\n<p>I 2016 ble det gjennomf\u00f8rt en taksering av v\u00e5rbestanden av mink langs den 13,7 km lange L\u00e1k\u0161johka uten sideelver. Takseringen ble gjennomf\u00f8rt med en spesialtrent hund som markerte p\u00e5 lukt. Den markerte for mink p\u00e5 6 lokaliteter. Bare en gang var man i direkte kontakt med mink.<\/p>\n<figure id=\"attachment_8507\" aria-describedby=\"caption-attachment-8507\" style=\"width: 500px\" class=\"wp-caption alignnone\"><a href=\"https:\/\/tanafisk.no\/wp-content\/uploads\/2020\/03\/P5294758-\u2013-Kopi_edited.jpg\"><img loading=\"lazy\" decoding=\"async\" class=\"size-medium wp-image-8507\" src=\"https:\/\/tanafisk.no\/wp-content\/uploads\/2020\/03\/P5294758-\u2013-Kopi_edited-500x500.jpg\" alt=\"\" width=\"500\" height=\"500\" srcset=\"https:\/\/tanafisk.no\/wp-content\/uploads\/2020\/03\/P5294758-\u2013-Kopi_edited-500x500.jpg 500w, https:\/\/tanafisk.no\/wp-content\/uploads\/2020\/03\/P5294758-\u2013-Kopi_edited-800x800.jpg 800w, https:\/\/tanafisk.no\/wp-content\/uploads\/2020\/03\/P5294758-\u2013-Kopi_edited-150x150.jpg 150w, https:\/\/tanafisk.no\/wp-content\/uploads\/2020\/03\/P5294758-\u2013-Kopi_edited-768x768.jpg 768w, https:\/\/tanafisk.no\/wp-content\/uploads\/2020\/03\/P5294758-\u2013-Kopi_edited-570x570.jpg 570w, https:\/\/tanafisk.no\/wp-content\/uploads\/2020\/03\/P5294758-\u2013-Kopi_edited-638x638.jpg 638w, https:\/\/tanafisk.no\/wp-content\/uploads\/2020\/03\/P5294758-\u2013-Kopi_edited.jpg 922w\" sizes=\"auto, (max-width: 639px) 98vw, (max-width: 1199px) 64vw, 500px\" \/><\/a><figcaption id=\"caption-attachment-8507\" class=\"wp-caption-text\">Den finske spetsen Janka er p\u00e5 sporet etter mink, men i blokkmarka langs Bogejohka var det ikke greit \u00e5 f\u00e5 has p\u00e5 mink (foto: TF).<\/figcaption><\/figure>\n<p>Unders\u00f8kelsen ble gjennomf\u00f8rt p\u00e5 slutten av mai, og det var en tidlig v\u00e5r i 2016. P\u00e5 denne tiden av \u00e5ret er brunsten forbi, og hannene har sluttet \u00e5 vandre. Tispene har trolig f\u00e5tt valper og oppholder seg p\u00e5 et lite omr\u00e5de.<\/p>\n<p>Bare den ene siden av elva ble sjekket. Minkene bruker som regel begge sidene av elva. Man kan imidlertid ikke utelukke at grensen mellom to revirer kan g\u00e5 i elva, og at minkene bruker hver sin side. Det kan derfor v\u00e6re at man underestimerer litt ved \u00e5 bare telle den ene siden av elva. Legger man til noen mink for \u00e5 kompensere for bare \u00e5 ha unders\u00f8kt en side av elva, i tillegg til at man kanskje har oversett mink vil 6 mink v\u00e6re et minimumstall og 8 v\u00e6re et maksimumstall. Dette gir ca. 2 km mellom hver mink; omentrent tilsvarende med unders\u00f8kelser fra de britiske \u00f8yer.<\/p>\n<figure id=\"attachment_8514\" aria-describedby=\"caption-attachment-8514\" style=\"width: 568px\" class=\"wp-caption alignnone\"><a href=\"https:\/\/tanafisk.no\/wp-content\/uploads\/2020\/03\/Minkkartlegging-Laksjohka.jpg\"><img loading=\"lazy\" decoding=\"async\" class=\"size-medium wp-image-8514\" src=\"https:\/\/tanafisk.no\/wp-content\/uploads\/2020\/03\/Minkkartlegging-Laksjohka-568x409.jpg\" alt=\"\" width=\"568\" height=\"409\" srcset=\"https:\/\/tanafisk.no\/wp-content\/uploads\/2020\/03\/Minkkartlegging-Laksjohka-568x409.jpg 568w, https:\/\/tanafisk.no\/wp-content\/uploads\/2020\/03\/Minkkartlegging-Laksjohka-1000x720.jpg 1000w, https:\/\/tanafisk.no\/wp-content\/uploads\/2020\/03\/Minkkartlegging-Laksjohka-768x553.jpg 768w, https:\/\/tanafisk.no\/wp-content\/uploads\/2020\/03\/Minkkartlegging-Laksjohka-570x411.jpg 570w, https:\/\/tanafisk.no\/wp-content\/uploads\/2020\/03\/Minkkartlegging-Laksjohka-638x460.jpg 638w, https:\/\/tanafisk.no\/wp-content\/uploads\/2020\/03\/Minkkartlegging-Laksjohka-1170x843.jpg 1170w, https:\/\/tanafisk.no\/wp-content\/uploads\/2020\/03\/Minkkartlegging-Laksjohka.jpg 1362w\" sizes=\"auto, (max-width: 639px) 98vw, (max-width: 1199px) 64vw, 568px\" \/><\/a><figcaption id=\"caption-attachment-8514\" class=\"wp-caption-text\">Registrering av mink ved sideelva L\u00e1k\u0161johka under takseringen v\u00e5ren 2016.<\/figcaption><\/figure>\n<p>Man regner 4-5 unger pr kull hos villmink. Omtrent halvparten av minkene er tisper, dvs at 6-8 mink om v\u00e5ren vil v\u00e6re omtrent 20-25 mink p\u00e5 h\u00f8sten n\u00e5r valpene sprer seg. For L\u00e1k\u0161johka sin del er det trolig tilsvarende tetthet for mink i sideelvene Deavkkehan- og Gurtejohka.<\/p>\n<h3>Kan predasjon fra mink ha effekt p\u00e5 lakseproduksjonen?<\/h3>\n<p>Dersom minken kun spiser fisk vil en hann ta om lag 60 kg, og en tispene 40 kg fisk pr \u00e5r. For L\u00e1k\u0161johka hvor det er ca. 3 hanner og 3 tisper til stede hele \u00e5ret, samt ca. 7 hanner og 7 tisper til stede ca halve \u00e5ret vil uttaket av fisk v\u00e6re i st\u00f8rrelsesorden 650 kg. Unders\u00f8kelser av fiskediett til mink viser at de kan foretrekker fisk som er om lag p\u00e5 st\u00f8rrelse til stor lakseparr og smolt. Avhengig av hvilke arter som er tilstede, og som minken foretrekker, kan predasjon fra mink ha negative konsekvenser for lakseproduksjonen.<\/p>\n<p>Studier fra sm\u00e5 elver og bekker indikerer at predasjon fra mink kan v\u00e6re en viktig \u00e5rsak til d\u00f8delighet blant \u00f8rret og lakseparr. Effektiviteten ved predasjonen varierer sannsynligvis med st\u00f8rrelsen og utformingen av elva, samt tettheten av fisk. De mange sidebekkene til Tanaelva er viktig habitat for ungfisk av laks.<\/p>\n<p><a href=\"https:\/\/tanafisk.no\/wp-content\/uploads\/2020\/03\/oppdragsrapport-TF-2016.pdf\">Oppdragsrapport taksering L\u00e1k\u0161johka 2016<\/a><\/p>\n<h2>Prosjektet<\/h2>\n<p>Bakgrunnen for dus\u00f8rordningen er de avsatte midlene p\u00e5 statsbudsjettet for 2018. Prosjektet skulle ha som m\u00e5l \u00e5 \u00f8ke kunnskapen om predatorers p\u00e5virkning p\u00e5 laksebestandene i Tanavassdraget. En del av midlene ble \u00f8remerket til uttak av mink i regi av TF, og disse midlene er fordelt p\u00e5 dus\u00f8rordningen, innkj\u00f8p av feller, arrangement som fellefangekurs, og prosjektledelse.<\/p>\n<h3>Dus\u00f8rordning<\/h3>\n<p>Fra h\u00f8sten 2018 og frem til jul 2019 ble det meldt inn fangst av 32 mink i dus\u00f8rordningen. Samtlige var fanget ved sm\u00e5 sideelver til Tanaelva p\u00e5 strekningen Rustefjelma &#8211; Laksjok, og flertallet var fanget p\u00e5 h\u00f8sten, fra september til november. Det er kjent at det er fanget noen flere mink i perioden, inkludert en mink som ble skutt i Karasjok.<\/p>\n<figure id=\"attachment_8541\" aria-describedby=\"caption-attachment-8541\" style=\"width: 568px\" class=\"wp-caption alignnone\"><a href=\"https:\/\/tanafisk.no\/wp-content\/uploads\/2020\/03\/Dus\u00f8r-mink-2019.jpg\"><img loading=\"lazy\" decoding=\"async\" class=\"size-medium wp-image-8541\" src=\"https:\/\/tanafisk.no\/wp-content\/uploads\/2020\/03\/Dus\u00f8r-mink-2019-568x340.jpg\" alt=\"\" width=\"568\" height=\"340\" srcset=\"https:\/\/tanafisk.no\/wp-content\/uploads\/2020\/03\/Dus\u00f8r-mink-2019-568x340.jpg 568w, https:\/\/tanafisk.no\/wp-content\/uploads\/2020\/03\/Dus\u00f8r-mink-2019-570x341.jpg 570w, https:\/\/tanafisk.no\/wp-content\/uploads\/2020\/03\/Dus\u00f8r-mink-2019-638x382.jpg 638w, https:\/\/tanafisk.no\/wp-content\/uploads\/2020\/03\/Dus\u00f8r-mink-2019.jpg 750w\" sizes=\"auto, (max-width: 639px) 98vw, (max-width: 1199px) 64vw, 568px\" \/><\/a><figcaption id=\"caption-attachment-8541\" class=\"wp-caption-text\">Fangsttidspunkt for mink som er levert inn ved dus\u00f8rordningen i 2018-2019.<\/figcaption><\/figure>\n<p>For at en jeger skal f\u00e5 premie for fangsten er det flere kriterier som m\u00e5 godkjennes; man m\u00e5 ha betalt jegeravgift til staten, betale jaktkort eller ha tillatelse fra grunneier, og jakten m\u00e5 foreg\u00e5 langs laksef\u00f8rende strekning p\u00e5 norsk side av Tanavassdraget. Minken m\u00e5 ogs\u00e5 merkes med f\u00f8lgende informasjon om fangsten<\/p>\n<ul>\n<li>fangststed (helst GPS koordinater).<\/li>\n<li>fangsttidspunkt<\/li>\n<li>Redskap (felletype eller jakt med v\u00e5pen)<\/li>\n<\/ul>\n<p>Det er kun skrotten som skal leveres inn. Ta gjerne vare p\u00e5 skinnet! M\u00e5let er \u00e5 g\u00e5 gjennom mageinnholdet til minken.<\/p>\n<h3>Utl\u00e5nsordning<\/h3>\n<p>TF har alts\u00e5 kj\u00f8pt inn feller av typen <em>trapper 90,\u00a0<\/em>og l\u00e5ner disse ut til jegere\/fangstfolk sammen med en gjennomgangskasse med tre rom, eller eventuelt en mindre aluminiumskasse.<\/p>\n<p>Trapper 90 er ei sv\u00e6rt kraftig felle som spiser sm\u00e5fingre hvis man er uforsiktig. Det er ogs\u00e5 ei effektiv felle som er foretrukket av blant annet SNO. Kom innom for en demonstrasjon!<\/p>\n<figure id=\"attachment_8529\" aria-describedby=\"caption-attachment-8529\" style=\"width: 568px\" class=\"wp-caption alignnone\"><a href=\"https:\/\/tanafisk.no\/wp-content\/uploads\/2020\/03\/Trapper-90.jpg\"><img loading=\"lazy\" decoding=\"async\" class=\"size-medium wp-image-8529\" src=\"https:\/\/tanafisk.no\/wp-content\/uploads\/2020\/03\/Trapper-90-568x319.jpg\" alt=\"\" width=\"568\" height=\"319\" srcset=\"https:\/\/tanafisk.no\/wp-content\/uploads\/2020\/03\/Trapper-90-568x319.jpg 568w, https:\/\/tanafisk.no\/wp-content\/uploads\/2020\/03\/Trapper-90-1000x562.jpg 1000w, https:\/\/tanafisk.no\/wp-content\/uploads\/2020\/03\/Trapper-90-768x432.jpg 768w, https:\/\/tanafisk.no\/wp-content\/uploads\/2020\/03\/Trapper-90-570x321.jpg 570w, https:\/\/tanafisk.no\/wp-content\/uploads\/2020\/03\/Trapper-90-638x359.jpg 638w, https:\/\/tanafisk.no\/wp-content\/uploads\/2020\/03\/Trapper-90-1170x658.jpg 1170w, https:\/\/tanafisk.no\/wp-content\/uploads\/2020\/03\/Trapper-90.jpg 1469w\" sizes=\"auto, (max-width: 639px) 98vw, (max-width: 1199px) 64vw, 568px\" \/><\/a><figcaption id=\"caption-attachment-8529\" class=\"wp-caption-text\">TF l\u00e5ner ut trapper 90 feller med tilh\u00f8rende gjennomgangsfeller, eller aluminiumsboks.<\/figcaption><\/figure>\n<p>Lokale fangstfolk i Tana har s\u00e5 langt hatt vel s\u00e5 god fangst med conibear feller.<\/p>\n<p><strong>Tips til fangst (fritt etter SNO)<\/strong><\/p>\n<p>Plasseringen i terrenget er viktig. S\u00e5 langt er flest mink fanget ved sm\u00e5 sideelver\/bekker. Fella b\u00f8r st\u00e5 slik at minken treffer p\u00e5 sine vandringsveier. Den beste plasseringen er der en kan bruke fella til \u00e5 helt stenge av punkter i terrenget som minken passerer (f.eks bru-kar, mellom store steiner etc). En kan med fordel bygge ledegjerder og hindringer i tillegg til selve fella. Da vil det v\u00e6re naturlig for minken \u00e5 g\u00e5 inn i, eller gjennom, fella. Minken er selv et byttedyr og s\u00f8ker skjul n\u00e5r den farter rundt. Derfor vil ei felle, eller inngangen til ei felle, plassert under vegetasjon eller under en stein ofte fange bedre enn ei felle som st\u00e5r helt \u00e5pent.<\/p>\n<p>Det er st\u00f8rst sjanse \u00e5 f\u00e5 mink p\u00e5 ettersommeren og utover h\u00f8sten n\u00e5r ungminkene har forlatt foreldrene. Under tilfrysningen av elvene stiger gjerne vannstanden betydelig. Er fella satt for n\u00e6rt elvebredden vil den kunne fryse fast og i verste fall v\u00e6re tapt.<\/p>\n<p>Kanskje kan perioden fra februar til begynnelsen av april v\u00e6re en god perioden, da det er paringstid, og hannen streifer rundt p\u00e5 jakt etter tipser. Uttak av individ p\u00e5 v\u00e5ren er i alle fall mer effektivt for \u00e5 redusere bestanden ettersom det er h\u00f8y d\u00f8delighet, s\u00e6rlig blant ungdyrene, p\u00e5 vinteren.<\/p>\n<p>Aktuelt \u00e5te i fellene er blant annet fisk og luktstoffer. Dersom man benytter fisk m\u00e5 den v\u00e6re fra vassdraget. Den b\u00f8r i alle fall v\u00e6re frosset i forkant for \u00e5 hindre spredning av parasitter.<\/p>\n<p>Ved et storskala prosjekt fra Hebridene fant man at luktstoffer er det mest effektive for fangst av mink. Det er mulig \u00e5 kj\u00f8pe luktstoff, og man kan skj\u00e6re ut analkjertelen p\u00e5 mink som allerede er fanget. Legg sigarettfilter i en beholder sammen med f.eks sigarettfilter. Filterne legges inni fella.<\/p>\n<p>F\u00f8lg gjerne facebooksiden &#8220;trapper 90&#8221; for tips og triks om fellesett.<\/p>\n","protected":false},"excerpt":{"rendered":"<p>Minken i norsk natur Minken (Neovison vison) er en amerikansk art som er innf\u00f8rt til via pelsoppdrett rundt 1927, og den har v\u00e6rt \u00e5 finne i den norske faunaen siden p\u00e5 grunn av r\u00f8mminger og egenspredning. I l\u00f8pet\u00a0 1950- og 1960-tallet hadde den koloniser det meste av landet, og fra 1980-tallet har utbredelsen i store [&hellip;]<\/p>\n","protected":false},"author":13,"featured_media":5414,"parent":2965,"menu_order":39,"comment_status":"closed","ping_status":"closed","template":"","meta":{"_acf_changed":false,"footnotes":""},"class_list":["post-8505","page","type-page","status-publish","has-post-thumbnail","hentry"],"acf":[],"_links":{"self":[{"href":"https:\/\/tanafisk.no\/en\/wp-json\/wp\/v2\/pages\/8505","targetHints":{"allow":["GET"]}}],"collection":[{"href":"https:\/\/tanafisk.no\/en\/wp-json\/wp\/v2\/pages"}],"about":[{"href":"https:\/\/tanafisk.no\/en\/wp-json\/wp\/v2\/types\/page"}],"author":[{"embeddable":true,"href":"https:\/\/tanafisk.no\/en\/wp-json\/wp\/v2\/users\/13"}],"replies":[{"embeddable":true,"href":"https:\/\/tanafisk.no\/en\/wp-json\/wp\/v2\/comments?post=8505"}],"version-history":[{"count":0,"href":"https:\/\/tanafisk.no\/en\/wp-json\/wp\/v2\/pages\/8505\/revisions"}],"up":[{"embeddable":true,"href":"https:\/\/tanafisk.no\/en\/wp-json\/wp\/v2\/pages\/2965"}],"wp:featuredmedia":[{"embeddable":true,"href":"https:\/\/tanafisk.no\/en\/wp-json\/wp\/v2\/media\/5414"}],"wp:attachment":[{"href":"https:\/\/tanafisk.no\/en\/wp-json\/wp\/v2\/media?parent=8505"}],"curies":[{"name":"wp","href":"https:\/\/api.w.org\/{rel}","templated":true}]}}