{"id":10680,"date":"2012-01-04T11:38:16","date_gmt":"2019-05-16T18:10:01","guid":{"rendered":"https:\/\/tanafisk.no\/fiskeregler\/"},"modified":"2025-07-07T03:48:21","modified_gmt":"2025-07-07T01:48:21","slug":"fiskeregler","status":"publish","type":"page","link":"https:\/\/tanafisk.no\/se\/fiskeregler\/fiskeregler\/","title":{"rendered":"Fiskeregler"},"content":{"rendered":"<h1>Fiskeregler for sesong 2025 i Tanavassdraget<\/h1>\n<p>Se gjerne oppsummeringen for din kategori av fisker ved \u00e5 klikke p\u00e5 teksten i rammen til h\u00f8yre<\/p>\n<h2>Forskrift om fisket p\u00e5 Tanavassdragets grenseelvstrekning<\/h2>\n<p>Forskrift om fisket i p\u00e5 Tanavassdragets grenseelvstrekning bygger p\u00e5 overenskomsten mellom Norge og Finland om felles forskrifter om fisket p\u00e5 grensestrekningen.<\/p>\n<p><a href=\"https:\/\/lovdata.no\/dokument\/LF\/forskrift\/2024-05-09-777\">Tanavassdragets grenseelvstrekning<\/a><\/p>\n<p>&nbsp;<\/p>\n<h2>Forskrift om fiske i Tanavassdragets nedre norske del<\/h2>\n<p>Forskriften regulerer fisket i den nedre norske delen av Tanavassdraget, og reglene her skal ikke v\u00e6re lempeligere enn reglene p\u00e5 grensestrekningen.<\/p>\n<p><a href=\"https:\/\/lovdata.no\/dokument\/LF\/forskrift\/2024-05-09-778\">Tanavassdragets nedre norske del<\/a><\/p>\n<h2>Forskrift om fisket i de norske sidevassdrag til Tanaelva, An\u00e1rjohka og\u00a0Skieh\u010d\u010danjohka<\/h2>\n<p>Forskriften regulerer fisket i de norske sidevassdragene til Tanaelva, An\u00e1rjohka og Skieh\u010d\u010danjohka s\u00e5 langt laks g\u00e5r opp (se <a href=\"https:\/\/laksekart.statsforvalteren.no\">https:\/\/laksekart.statsforvalteren.no<\/a>, for mest oppdatert informasjon se under &#8220;temalagsvelger&#8221;- &#8220;lakseregisteret&#8221;, velg &#8220;NLV anadrome strekninger&#8221;).<\/p>\n<p><a href=\"https:\/\/lovdata.no\/dokument\/LF\/forskrift\/2024-05-09-779\">Sidevassdrag til Tanaelva, An\u00e1rjohka og Skieh\u010d\u010danjohka<\/a><\/p>\n<div><\/div>\n<h2>Forskrift om registrering og merking av b\u00e5ter<\/h2>\n<p>B\u00e5ter som skal brukes ved fiske i Tanavassdraget, m\u00e5 registreres av eieren som er fast bosatt i Tanaelvas fiskeomr\u00e5de.<\/p>\n<p><a title=\"Les p\u00e5 Lovdata.no\" href=\"http:\/\/www.lovdata.no\/for\/lf\/fv\/tv-19960507-0539-0.html\" target=\"_blank\" rel=\"noopener noreferrer\">Les mer p\u00e5 Lovdata.no<\/a><\/p>\n<h2>Forskrift om bruk av motorfart\u00f8y p\u00e5 M\u00e1skejohka, Tana kommune, Finnmark<\/h2>\n<p>Forskriften gjelder bruk av b\u00e5tmotor i M\u00e1skejohka etter 20. juni.<\/p>\n<p><a href=\"https:\/\/lovdata.no\/dokument\/LF\/forskrift\/1998-03-19-4962\">Les mer p\u00e5 lovdata.no<\/a><\/p>\n<h2>Forskrift om bruk av vannjetaggregat (vannscooter) p\u00e5 vassdrag, Tana kommune, Finnmark<\/h2>\n<p>Les mer p\u00e5 <a href=\"https:\/\/lovdata.no\/dokument\/LF\/forskrift\/2019-04-04-569\">lovdata.no<\/a><\/p>\n<p>&nbsp;<\/p>\n<p>&nbsp;<\/p>\n","protected":false},"excerpt":{"rendered":"<p>Fiskeregler for sesong 2025 i Tanavassdraget Se gjerne oppsummeringen for din kategori av fisker ved \u00e5 klikke p\u00e5 teksten i rammen til h\u00f8yre Forskrift om fisket p\u00e5 Tanavassdragets grenseelvstrekning Forskrift om fisket i p\u00e5 Tanavassdragets grenseelvstrekning bygger p\u00e5 overenskomsten mellom Norge og Finland om felles forskrifter om fisket p\u00e5 grensestrekningen. Tanavassdragets grenseelvstrekning &nbsp; Forskrift om [&hellip;]<\/p>\n","protected":false},"author":5,"featured_media":10681,"parent":10719,"menu_order":10,"comment_status":"closed","ping_status":"closed","template":"","meta":{"_acf_changed":false,"footnotes":""},"class_list":["post-10680","page","type-page","status-publish","has-post-thumbnail","hentry"],"acf":[],"_links":{"self":[{"href":"https:\/\/tanafisk.no\/se\/wp-json\/wp\/v2\/pages\/10680","targetHints":{"allow":["GET"]}}],"collection":[{"href":"https:\/\/tanafisk.no\/se\/wp-json\/wp\/v2\/pages"}],"about":[{"href":"https:\/\/tanafisk.no\/se\/wp-json\/wp\/v2\/types\/page"}],"author":[{"embeddable":true,"href":"https:\/\/tanafisk.no\/se\/wp-json\/wp\/v2\/users\/5"}],"replies":[{"embeddable":true,"href":"https:\/\/tanafisk.no\/se\/wp-json\/wp\/v2\/comments?post=10680"}],"version-history":[{"count":0,"href":"https:\/\/tanafisk.no\/se\/wp-json\/wp\/v2\/pages\/10680\/revisions"}],"up":[{"embeddable":true,"href":"https:\/\/tanafisk.no\/se\/wp-json\/wp\/v2\/pages\/10719"}],"wp:featuredmedia":[{"embeddable":true,"href":"https:\/\/tanafisk.no\/se\/wp-json\/wp\/v2\/media\/10681"}],"wp:attachment":[{"href":"https:\/\/tanafisk.no\/se\/wp-json\/wp\/v2\/media?parent=10680"}],"curies":[{"name":"wp","href":"https:\/\/api.w.org\/{rel}","templated":true}]}}