{"id":10704,"date":"2011-08-01T11:49:08","date_gmt":"2011-08-01T09:49:08","guid":{"rendered":"https:\/\/tanafisk.no\/fiskekort\/desinfisering\/"},"modified":"2011-08-01T11:49:08","modified_gmt":"2011-08-01T09:49:08","slug":"desinfisering","status":"publish","type":"page","link":"https:\/\/tanafisk.no\/se\/fiskekort\/desinfisering\/","title":{"rendered":"Desinfisering"},"content":{"rendered":"<p>Gyldig desinfeksjonsbevis blir avkrevd ved kj\u00f8p av fiskekort eller ved kontroll av fiskekort i vassdraget. Det er mulig \u00e5 desinfisere utstyret p\u00e5 <a href=\"http:\/\/tanafisk.no\/fiskekort\/utsalgssteder\">alle utsalgsstedene p\u00e5 norsk og finsk side<\/a>.<\/p>\n<p>Lakseparasitten <em>Gyrodactylus salaris <\/em>eller \u00abgyro\u00bb er en liten parasitt p\u00e5 under 1 mm. Gyro utgj\u00f8r en trussel mot norske villaksstammer og er per i dag p\u00e5vist i 48 norske vassdrag. Parasitten er en snylter som lever og formerer p\u00e5 huden hos lakseunger. Ved smitte av gyro reduseres produksjonen av lakseunger i vassdrag med opptil 90 % og laksebestanden vil dermed p\u00e5 f\u00e5 \u00e5r utraderes.<\/p>\n<p>Ny informasjonsplakat (2014):\u00a0<a href=\"https:\/\/tanafisk.no\/wp-content\/uploads\/2012\/01\/Gyrodactylus-salaris-Troms-og-Finnmark-2015-FRISKE-elver.pdf\">Gyrodactylus salaris \u2013 Troms og Finnmark 2015 (FRISKE elver)<\/a><\/p>\n<p>Spredning av gyro i Norge har skjedd som f\u00f8lge av flytting og utsetting av infisert fisk. Men parasitten kan ogs\u00e5 spres med utstyr. Gyro klarer godt \u00e5 overleve flere dager i fuktige omgivelser som for eksempel i: vadere, garn, sn\u00f8rer, gummib\u00e5ter, kanoer, kajakker etc. For \u00e5 forhindre spredning og gyro-smitte av Tanavassdraget er det sv\u00e6rt viktig at du tar ansvar og desinfiserer utstyret som skal brukes i vassdraget.<\/p>\n<h2><strong>Huskeregler for \u00e5 unng\u00e5 spredning av Gyro<\/strong><\/h2>\n<ul>\n<li>Flytte eller sette ut fisk i naturen uten tillatelse fra fylkesmann.<\/li>\n<li>Vaske eller sl\u00f8ye fisk p\u00e5 andre steder enn der du fanget den.<\/li>\n<li>Flytte utstyr fra et vassdrag til et annet uten \u00e5 t\u00f8rke eller desinfisere det.<\/li>\n<li>Sl\u00e5 ut vann i et annet vassdrag enn der det er hentet.<\/li>\n<\/ul>\n<h2>Informasjonshefte gyro (legg disse lenkene i sidebokser)<\/h2>\n<p>&nbsp;<\/p>\n<ul>\n<li><a href=\"https:\/\/tanafisk.no\/wp-content\/uploads\/2012\/01\/Slik-hindrer-du-spredning-av-Gyrodactylus-salaris.pdf\">Slik hindrer du spredning av Gyrodactylus salaris<\/a>\u00a0(bokm\u00e5l)<\/li>\n<li><a href=\"https:\/\/tanafisk.no\/wp-content\/uploads\/2012\/01\/N%C3%A1-hehttet-Gyrodactylus-salaris-leavvamis-2015-sami.pdf\">N\u00e1 hehttet Gyrodactylus salaris leavvamis,<\/a>\u00a0(s\u00e1megiella)<\/li>\n<li><a href=\"https:\/\/tanafisk.no\/wp-content\/uploads\/2012\/02\/Gyrobooklet-english.pdf\">How to stop the spread of Gyrodactylus salaris (english)\u00a0<\/a><\/li>\n<li><a href=\"https:\/\/tanafisk.no\/wp-content\/uploads\/2012\/02\/Gyrobooklet-finnish.pdf\">N\u00e4in est\u00e4t Gyrodactylus salaris salaris-lohiloisen levi\u00e4misen (suomi)\u00a0<\/a><\/li>\n<li><a href=\"https:\/\/tanafisk.no\/wp-content\/uploads\/2012\/02\/Gyrobooklet-german.pdf\">So verhindern Sie die Ausbreitung des Gyrodactylus salaris (deutsch)<\/a><\/li>\n<\/ul>\n<h2>For utsalgssteder<\/h2>\n<ul>\n<li><a href=\"https:\/\/tanafisk.no\/wp-content\/uploads\/2012\/02\/Veileder_for_desinfe_59232a.pdf\">Veileder for\u00a0desinfeksjon\u00a0av \u00a0fiskeutstyr, b\u00e5ter og annet (gitt av mattilsynet 2010)<\/a><\/li>\n<\/ul>\n","protected":false},"excerpt":{"rendered":"<p>Gyldig desinfeksjonsbevis blir avkrevd ved kj\u00f8p av fiskekort eller ved kontroll av fiskekort i vassdraget. Det er mulig \u00e5 desinfisere utstyret p\u00e5 alle utsalgsstedene p\u00e5 norsk og finsk side. Lakseparasitten Gyrodactylus salaris eller \u00abgyro\u00bb er en liten parasitt p\u00e5 under 1 mm. Gyro utgj\u00f8r en trussel mot norske villaksstammer og er per i dag p\u00e5vist [&hellip;]<\/p>\n","protected":false},"author":1,"featured_media":10705,"parent":9331,"menu_order":4,"comment_status":"closed","ping_status":"closed","template":"","meta":{"_acf_changed":false,"footnotes":""},"class_list":["post-10704","page","type-page","status-publish","has-post-thumbnail","hentry"],"acf":[],"_links":{"self":[{"href":"https:\/\/tanafisk.no\/se\/wp-json\/wp\/v2\/pages\/10704","targetHints":{"allow":["GET"]}}],"collection":[{"href":"https:\/\/tanafisk.no\/se\/wp-json\/wp\/v2\/pages"}],"about":[{"href":"https:\/\/tanafisk.no\/se\/wp-json\/wp\/v2\/types\/page"}],"author":[{"embeddable":true,"href":"https:\/\/tanafisk.no\/se\/wp-json\/wp\/v2\/users\/1"}],"replies":[{"embeddable":true,"href":"https:\/\/tanafisk.no\/se\/wp-json\/wp\/v2\/comments?post=10704"}],"version-history":[{"count":0,"href":"https:\/\/tanafisk.no\/se\/wp-json\/wp\/v2\/pages\/10704\/revisions"}],"up":[{"embeddable":true,"href":"https:\/\/tanafisk.no\/se\/wp-json\/wp\/v2\/pages\/9331"}],"wp:featuredmedia":[{"embeddable":true,"href":"https:\/\/tanafisk.no\/se\/wp-json\/wp\/v2\/media\/10705"}],"wp:attachment":[{"href":"https:\/\/tanafisk.no\/se\/wp-json\/wp\/v2\/media?parent=10704"}],"curies":[{"name":"wp","href":"https:\/\/api.w.org\/{rel}","templated":true}]}}