{"id":217,"date":"2012-01-04T11:38:16","date_gmt":"2011-08-01T10:33:11","guid":{"rendered":"http:\/\/tanafisk.flywheelsites.com\/?page_id=217"},"modified":"2022-04-04T13:29:22","modified_gmt":"2022-04-04T11:29:22","slug":"tanaloven","status":"publish","type":"page","link":"https:\/\/tanafisk.no\/se\/tanaloven\/","title":{"rendered":"Tanaloven"},"content":{"rendered":"<p>Den opprinnelige Lov av 23. juni 1888 om Retten til Fiskeri i Tanavassdraget i Finmarkens Amt (Tanaloven) bygde p\u00e5 kongelig plakat av 4. mai 1872.<\/p>\n<p>Med Tanaloven la myndighetene fiskeretten til den jordbrukende befolkning i elvedalen. Hensikten med Tanaloven var \u00e5 sikre at personer med tilknytning til Tanavassdraget, fikk beholde fiskeretten de hadde ervervet gjennom alders tids bruk.<\/p>\n<p>Loven ble fornyet i 2014. Det var ment at loven skulle inng\u00e5 i Finnmarksloven, men TF med gode hjelpere fikk kjempet inn at Tanaloven skulle best\u00e5 som en s\u00e6rlov. I 2014 ble ogs\u00e5 stangfiskeretten for personer bosatt i Tana og Karasjok kommune hjemlet i loven. Rettigheten deres var allerede formalisert i forskrift om lokal forvaltning av fisk og fisket i Tanavassdraget, Finnmark (Tanaforskriften) fra 2011.<\/p>\n<p>I Lovens \u00a7 4 heter det:<\/p>\n<blockquote><p>Den som avler minst 2000 kg h\u00f8y i \u00e5ret eller tilsvarende mengde annet grovf\u00f4r p\u00e5 grunn som vedkommende eier eller leier p\u00e5 \u00e5rem\u00e5l og bor p\u00e5 eller i n\u00e6rheten av, og som ligger mindre enn to kilometer fra elvebredden, har rett til \u00e5 fiske etter alle fiskeslag og med alle tillatte fiskeredskaper i de laksef\u00f8rende delene av Tanavassdraget.<\/p>\n<p class=\"morTag_a avsnitt\" data-uid=\"0\">Fiskeretten etter f\u00f8rste ledd ligger til ett medlem av husstanden. Dersom flere personer driver fiskeberettiget jordbruk i fellesskap p\u00e5 samme grunn, har bare \u00e9n av dem rett til garnfiske.<\/p>\n<\/blockquote>\n<p>I lovens \u00a7 5 heter det:<\/p>\n<blockquote>\n<p class=\"morTag_a avsnitt\" data-uid=\"0\">De personer som bor i Tana eller Karasjok kommuner har rett til \u00e5 fiske med stang eller h\u00e5ndsn\u00f8re fra land og b\u00e5t i de laksef\u00f8rende delene av Tanavassdraget mot l\u00f8sning av fiskekort til lav pris. Det samme gjelder for personer som bor langs laksef\u00f8rende sideelver til Tana i Kautokeino kommune. Reindriftsut\u00f8vere som ikke bor i disse omr\u00e5dene, har rett til stangfiske n\u00e5r de driver reindrift i elvedistriktet.<\/p>\n<p class=\"morTag_a avsnitt\" data-uid=\"0\">Fiskerett etter f\u00f8rste ledd m\u00e5 ikke ut\u00f8ves til fortrengsel for de fiskeberettigete etter \u00a7 4.<\/p>\n<\/blockquote>\n<p>Les loven i lovdata:<\/p>\n<p><a style=\"font-size: inherit;\" href=\"https:\/\/lovdata.no\/dokument\/NL\/lov\/2014-06-20-51\">Lov om fiskeretten i Tanavassdraget Tanaloven<\/a><\/p>\n<p>Les den opprinnelige Tanaloven fra 1888:<\/p>\n","protected":false},"excerpt":{"rendered":"<p>Den opprinnelige Lov av 23. juni 1888 om Retten til Fiskeri i Tanavassdraget i Finmarkens Amt (Tanaloven) bygde p\u00e5 kongelig plakat av 4. mai 1872. Med Tanaloven la myndighetene fiskeretten til den jordbrukende befolkning i elvedalen. Hensikten med Tanaloven var \u00e5 sikre at personer med tilknytning til Tanavassdraget, fikk beholde fiskeretten de hadde ervervet gjennom [&hellip;]<\/p>\n","protected":false},"author":1,"featured_media":724,"parent":0,"menu_order":7,"comment_status":"closed","ping_status":"closed","template":"","meta":{"_acf_changed":false,"footnotes":""},"class_list":["post-217","page","type-page","status-publish","has-post-thumbnail","hentry"],"acf":[],"_links":{"self":[{"href":"https:\/\/tanafisk.no\/se\/wp-json\/wp\/v2\/pages\/217","targetHints":{"allow":["GET"]}}],"collection":[{"href":"https:\/\/tanafisk.no\/se\/wp-json\/wp\/v2\/pages"}],"about":[{"href":"https:\/\/tanafisk.no\/se\/wp-json\/wp\/v2\/types\/page"}],"author":[{"embeddable":true,"href":"https:\/\/tanafisk.no\/se\/wp-json\/wp\/v2\/users\/1"}],"replies":[{"embeddable":true,"href":"https:\/\/tanafisk.no\/se\/wp-json\/wp\/v2\/comments?post=217"}],"version-history":[{"count":0,"href":"https:\/\/tanafisk.no\/se\/wp-json\/wp\/v2\/pages\/217\/revisions"}],"wp:featuredmedia":[{"embeddable":true,"href":"https:\/\/tanafisk.no\/se\/wp-json\/wp\/v2\/media\/724"}],"wp:attachment":[{"href":"https:\/\/tanafisk.no\/se\/wp-json\/wp\/v2\/media?parent=217"}],"curies":[{"name":"wp","href":"https:\/\/api.w.org\/{rel}","templated":true}]}}