{"id":2343,"date":"2013-04-09T15:50:03","date_gmt":"2013-04-09T13:50:03","guid":{"rendered":"http:\/\/tanafisk.flywheelsites.com\/?page_id=2343"},"modified":"2019-06-17T15:25:47","modified_gmt":"2019-06-17T13:25:47","slug":"registrering-av-faststaende-bruk","status":"publish","type":"page","link":"https:\/\/tanafisk.no\/se\/tanavassdraget\/biologiske-prosjekter-tanavassdraget-2014\/registrering-av-faststaende-bruk\/","title":{"rendered":"Registrering av fastst\u00e5ende bruk"},"content":{"rendered":"<h2>Prosjekt i 2010<\/h2>\n<p>Det ble for f\u00f8rste gang i 1984 gjennomf\u00f8rt systematisk registrering av antall norske- og finske fastst\u00e5ende garnbruk (stengsel og st\u00e5garn) i Tanavassdraget. For \u00e5 f\u00e5 oppdatert kunnskap\u00a0om omfanget av garnfisket, ble det i 2010 gjennomf\u00f8rt\u00a0tilsvarende\u00a0registering av stengsel og st\u00e5garn p\u00e5 b\u00e5de norsk og finsk side av vassdraget. I b\u00e5de 1984 og 2010 ble registreringene utf\u00f8rt i f\u00f8rste halvdel av juli i samarbeid med elveoppsynet.<\/p>\n<p>Det ble registrer 222 fastst\u00e5ende bruk i 2010 mot 697 bruk i 1984. Reduksjonen av bruk var stor for b\u00e5de stengsel (75 %)\u00a0og st\u00e5garn (63 %). St\u00e5garn utgjorde en st\u00f8rre andel av de fatst\u00e5ende brukene i 2010 (60 %) enn i 1984 (47 %). Fordelingen mellom Norge og Finland var omentrent 50-50 b\u00e5de i 1984 og i 2010.<\/p>\n<p>Les rapporten fra registreringen i 2010 her:<\/p>\n<p><a href=\"http:\/\/tanafisk.no\/wp-content\/uploads\/2012\/01\/Registrering-av-fastbundne-redskaper-i-Tanavassdraget-2010.pdf\">Registrering av stengsel og st\u00e5garn i Tanavassdraget i 2010 og 1984<\/a><\/p>\n<h3>\u00c5rlig innsats<\/h3>\n<p>Siden prosjektet i 2010 har registreringen av fastst\u00e5ende bruk blitt en \u00e5rlig oppgave for elveoppsynet. I 2011 registrerte en de fastst\u00e5ende brukene i tre omganger (juni, juli og august) for \u00e5 f\u00e5 bedre oversikt over hvordan\u00a0fangsttrykket fra st\u00e5ende redskap utvikler seg\u00a0i sesongen(fig 1).<\/p>\n<figure id=\"attachment_2345\" aria-describedby=\"caption-attachment-2345\" style=\"width: 500px\" class=\"wp-caption alignnone\"><a href=\"http:\/\/tanafisk.no\/wp-content\/uploads\/2013\/04\/Fastst\u00e5ende-bruk.jpg\"><img loading=\"lazy\" decoding=\"async\" class=\"size-medium wp-image-2345\" title=\"Fastst\u00e5ende bruk\" src=\"http:\/\/tanafisk.no\/wp-content\/uploads\/2013\/04\/Fastst\u00e5ende-bruk-500x308.jpg\" alt=\"\" width=\"500\" height=\"308\" \/><\/a><figcaption id=\"caption-attachment-2345\" class=\"wp-caption-text\">Fig 1: Samlet antall norske- og finske garnbruk (stengsel og st\u00e5garn) i hovedelva i sesongen 2011.<\/figcaption><\/figure>\n<p>Tre runders gjennomf\u00f8ring ble gjentatt i 2013, mens en i\u00a02012 og 2014 gjennomf\u00f8rte en runde med registrering av fastst\u00e5ende bruk. Fordelingen av bruk er sv\u00e6rt forskjellig innad i vassdraget, og de flest <span style=\"text-decoration: underline;\">norske<\/span> er aktiv i den nedre norske delen (fig 2 og 3)<\/p>\n<figure id=\"attachment_3402\" aria-describedby=\"caption-attachment-3402\" style=\"width: 500px\" class=\"wp-caption alignnone\"><a href=\"http:\/\/tanafisk.no\/wp-content\/uploads\/2013\/04\/Fastst\u00e5ende-2013-stengsel.jpg\"><img loading=\"lazy\" decoding=\"async\" class=\"size-medium wp-image-3402\" title=\"Fastst\u00e5ende 2013 stengsel\" src=\"http:\/\/tanafisk.no\/wp-content\/uploads\/2013\/04\/Fastst\u00e5ende-2013-stengsel-500x300.jpg\" alt=\"\" width=\"500\" height=\"300\" \/><\/a><figcaption id=\"caption-attachment-3402\" class=\"wp-caption-text\">Fig 2: Antall registrerte aktive norske stengsler i Tanavassdraget i ukene 27, 29 og 32 i 2013.<\/figcaption><\/figure>\n<figure id=\"attachment_3403\" aria-describedby=\"caption-attachment-3403\" style=\"width: 500px\" class=\"wp-caption alignnone\"><a href=\"http:\/\/tanafisk.no\/wp-content\/uploads\/2013\/04\/Fastst\u00e5ende-2013-st\u00e5garn.jpg\"><img loading=\"lazy\" decoding=\"async\" class=\"size-medium wp-image-3403\" title=\"Fastst\u00e5ende 2013 st\u00e5garn\" src=\"http:\/\/tanafisk.no\/wp-content\/uploads\/2013\/04\/Fastst\u00e5ende-2013-st\u00e5garn-500x340.jpg\" alt=\"\" width=\"500\" height=\"340\" \/><\/a><figcaption id=\"caption-attachment-3403\" class=\"wp-caption-text\">Fig 3: Antall registrerte aktive norske st\u00e5garn i Tanavassdraget i ukene 27, 29 og 32 i 2013.<\/figcaption><\/figure>\n","protected":false},"excerpt":{"rendered":"<p>Prosjekt i 2010 Det ble for f\u00f8rste gang i 1984 gjennomf\u00f8rt systematisk registrering av antall norske- og finske fastst\u00e5ende garnbruk (stengsel og st\u00e5garn) i Tanavassdraget. For \u00e5 f\u00e5 oppdatert kunnskap\u00a0om omfanget av garnfisket, ble det i 2010 gjennomf\u00f8rt\u00a0tilsvarende\u00a0registering av stengsel og st\u00e5garn p\u00e5 b\u00e5de norsk og finsk side av vassdraget. I b\u00e5de 1984 og 2010 [&hellip;]<\/p>\n","protected":false},"author":13,"featured_media":713,"parent":2965,"menu_order":5,"comment_status":"closed","ping_status":"closed","template":"","meta":{"_acf_changed":false,"footnotes":""},"class_list":["post-2343","page","type-page","status-publish","has-post-thumbnail","hentry"],"acf":[],"_links":{"self":[{"href":"https:\/\/tanafisk.no\/se\/wp-json\/wp\/v2\/pages\/2343","targetHints":{"allow":["GET"]}}],"collection":[{"href":"https:\/\/tanafisk.no\/se\/wp-json\/wp\/v2\/pages"}],"about":[{"href":"https:\/\/tanafisk.no\/se\/wp-json\/wp\/v2\/types\/page"}],"author":[{"embeddable":true,"href":"https:\/\/tanafisk.no\/se\/wp-json\/wp\/v2\/users\/13"}],"replies":[{"embeddable":true,"href":"https:\/\/tanafisk.no\/se\/wp-json\/wp\/v2\/comments?post=2343"}],"version-history":[{"count":0,"href":"https:\/\/tanafisk.no\/se\/wp-json\/wp\/v2\/pages\/2343\/revisions"}],"up":[{"embeddable":true,"href":"https:\/\/tanafisk.no\/se\/wp-json\/wp\/v2\/pages\/2965"}],"wp:featuredmedia":[{"embeddable":true,"href":"https:\/\/tanafisk.no\/se\/wp-json\/wp\/v2\/media\/713"}],"wp:attachment":[{"href":"https:\/\/tanafisk.no\/se\/wp-json\/wp\/v2\/media?parent=2343"}],"curies":[{"name":"wp","href":"https:\/\/api.w.org\/{rel}","templated":true}]}}