{"id":3521,"date":"2015-01-23T11:03:48","date_gmt":"2015-01-23T09:03:48","guid":{"rendered":"http:\/\/tanafisk.flywheelsites.com\/?page_id=3521"},"modified":"2022-04-04T13:29:20","modified_gmt":"2022-04-04T11:29:20","slug":"baisjohka","status":"publish","type":"page","link":"https:\/\/tanafisk.no\/se\/tanavassdraget\/tanavassdraget\/baisjohka\/","title":{"rendered":"B\u00e1i\u0161johka"},"content":{"rendered":"<p>B\u00e1i\u0161johka har en liten bestand med typisk sideelvslaks; slanks laks og overvekt av sm\u00e5alaks, samt sm\u00e5 mellomlaks. Det fiskes n\u00e5 sv\u00e6rt lite i B\u00e1i\u0161johka, og rapporteres sjeldent om fangst av laks. Elva ble gjort tilgjengelig for fiske for tilreisende fiskere f\u00f8rst i 2014, da det ble opprettet et eget kort for elva.<\/p>\n<p>Det er gjennomf\u00f8rt drivtelling i begynnelsen av september tiln\u00e6rmet \u00e5rlig de siste \u00e5rene. Elva er stort sett sv\u00e6rt grunn med en begrenset tilgang p\u00e5 dypere kulper som samler en stor del av bestanden frem mot gytetida. Strekningen med de viktigste oppsamlingskulpene ble unders\u00f8kt i 2017 og 2018, og det ble observert henholdsvis 51 og 146 laks p\u00e5 strekningen. Det var generelt lite sm\u00e5laks i Tanavassdraget i 2017, mens 2018 var et godt sm\u00e5lakse\u00e5r.\u00a0Gytebestandsm\u00e5let for B\u00e1i\u0161johka er 395 kg hunnlaks.<\/p>\n<p>I tillegg til laks g\u00e5r det en del sj\u00f8\u00f8rret opp elva, og harren har n\u00e6ringsvandring opp i nedre deler av elva. Under drivtellingene er det normalt \u00e5 observere harr 4-5 km opp i elva.<\/p>\n<figure id=\"attachment_3573\" aria-describedby=\"caption-attachment-3573\" style=\"width: 648px\" class=\"wp-caption alignnone\"><a href=\"http:\/\/tanafisk.no\/wp-content\/uploads\/2015\/01\/Baisjohka1.jpg\"><img loading=\"lazy\" decoding=\"async\" class=\" wp-image-3573\" title=\"Baisjohka\" src=\"http:\/\/tanafisk.no\/wp-content\/uploads\/2015\/01\/Baisjohka1-500x283.jpg\" alt=\"\" width=\"648\" height=\"367\" \/><\/a><figcaption id=\"caption-attachment-3573\" class=\"wp-caption-text\">Oversiktskart over B\u00e1i\u0161johka (Kartgrunnlag er hentet \u00a0fra Kartverket: www.norgeskart.no)<\/figcaption><\/figure>\n","protected":false},"excerpt":{"rendered":"<p>B\u00e1i\u0161johka har en liten bestand med typisk sideelvslaks; slanks laks og overvekt av sm\u00e5alaks, samt sm\u00e5 mellomlaks. Det fiskes n\u00e5 sv\u00e6rt lite i B\u00e1i\u0161johka, og rapporteres sjeldent om fangst av laks. Elva ble gjort tilgjengelig for fiske for tilreisende fiskere f\u00f8rst i 2014, da det ble opprettet et eget kort for elva. Det er gjennomf\u00f8rt [&hellip;]<\/p>\n","protected":false},"author":13,"featured_media":8547,"parent":144,"menu_order":21,"comment_status":"closed","ping_status":"closed","template":"","meta":{"_acf_changed":false,"footnotes":""},"class_list":["post-3521","page","type-page","status-publish","has-post-thumbnail","hentry"],"acf":[],"_links":{"self":[{"href":"https:\/\/tanafisk.no\/se\/wp-json\/wp\/v2\/pages\/3521","targetHints":{"allow":["GET"]}}],"collection":[{"href":"https:\/\/tanafisk.no\/se\/wp-json\/wp\/v2\/pages"}],"about":[{"href":"https:\/\/tanafisk.no\/se\/wp-json\/wp\/v2\/types\/page"}],"author":[{"embeddable":true,"href":"https:\/\/tanafisk.no\/se\/wp-json\/wp\/v2\/users\/13"}],"replies":[{"embeddable":true,"href":"https:\/\/tanafisk.no\/se\/wp-json\/wp\/v2\/comments?post=3521"}],"version-history":[{"count":0,"href":"https:\/\/tanafisk.no\/se\/wp-json\/wp\/v2\/pages\/3521\/revisions"}],"up":[{"embeddable":true,"href":"https:\/\/tanafisk.no\/se\/wp-json\/wp\/v2\/pages\/144"}],"wp:featuredmedia":[{"embeddable":true,"href":"https:\/\/tanafisk.no\/se\/wp-json\/wp\/v2\/media\/8547"}],"wp:attachment":[{"href":"https:\/\/tanafisk.no\/se\/wp-json\/wp\/v2\/media?parent=3521"}],"curies":[{"name":"wp","href":"https:\/\/api.w.org\/{rel}","templated":true}]}}