{"id":3523,"date":"2015-01-23T11:21:09","date_gmt":"2015-01-23T09:21:09","guid":{"rendered":"http:\/\/tanafisk.flywheelsites.com\/?page_id=3523"},"modified":"2022-04-04T13:29:20","modified_gmt":"2022-04-04T11:29:20","slug":"valjohka","status":"publish","type":"page","link":"https:\/\/tanafisk.no\/se\/tanavassdraget\/tanavassdraget\/valjohka\/","title":{"rendered":"V\u00e1ljohka"},"content":{"rendered":"<p>Vassdraget best\u00e5r av selve V\u00e1ljohka og den st\u00f8rste sideelva \u00c1stejohka som begge munner ut til Stuorrajavre. Fra Stuorrajavre til Tanaelva er det en relativt kort og stilleflytende elvestrekning. Selve V\u00e1ljohka er regnet som laksef\u00f8rende opp til Gime\u0161j\u00e1vre, 21 km over Stuorraj\u00e1vre, mens \u00c1stejohka er laksef\u00f8rende i 19 km.<\/p>\n<p>B\u00e5de V\u00e1ljohka og \u00c1stejohka er relativt utilgjengelig, og fisketrykket er derfor relativt beskjedent. Riktignok g\u00e5r det en 5 km lang grusvei inn forbi Stuorrajavri og opp langs de nedre og stort sett stilleflytende partiene av elva. Fjellst\u00f8vlene m\u00e5 imidlertid sn\u00f8res p\u00e5 dersom man skal opp til partiene av elva hvor det er tettere mellom gode fiskeplasser.<\/p>\n<figure id=\"attachment_3576\" aria-describedby=\"caption-attachment-3576\" style=\"width: 654px\" class=\"wp-caption alignnone\"><img loading=\"lazy\" decoding=\"async\" class=\" wp-image-3576\" src=\"http:\/\/tanafisk.no\/wp-content\/uploads\/2015\/01\/V\u00e1ljohka-568x500.jpg\" alt=\"\" width=\"654\" height=\"576\" srcset=\"https:\/\/tanafisk.no\/wp-content\/uploads\/2015\/01\/V\u00e1ljohka-568x500.jpg 568w, https:\/\/tanafisk.no\/wp-content\/uploads\/2015\/01\/V\u00e1ljohka-570x503.jpg 570w, https:\/\/tanafisk.no\/wp-content\/uploads\/2015\/01\/V\u00e1ljohka-638x562.jpg 638w, https:\/\/tanafisk.no\/wp-content\/uploads\/2015\/01\/V\u00e1ljohka-1170x1031.jpg 1170w, https:\/\/tanafisk.no\/wp-content\/uploads\/2015\/01\/V\u00e1ljohka-768x677.jpg 768w, https:\/\/tanafisk.no\/wp-content\/uploads\/2015\/01\/V\u00e1ljohka-907x800.jpg 907w, https:\/\/tanafisk.no\/wp-content\/uploads\/2015\/01\/V\u00e1ljohka.jpg 1216w\" sizes=\"auto, (max-width: 639px) 98vw, (max-width: 1199px) 64vw, 654px\" \/><figcaption id=\"caption-attachment-3576\" class=\"wp-caption-text\">Oversiktskart over V\u00e1ljohka med den st\u00f8rste sideelva \u00c1stejohka innfelt (kartgrunnlag fra Kartverket (www.norgeskart.no).<\/figcaption><\/figure>\n<h3>Klassisk padletur<\/h3>\n<p>V\u00e1ljohka er som skapt for ei langhelg med kano eller pack-raft. Det er mulig \u00e5 sj\u00f8sette kanoen p\u00e5 Idj\u00e1j\u00e1vri\/Nattvann, som ligger ved E6 mellom Karasjok og Lakselv, og man ender alts\u00e5 opp ved E6 i Valjok. Turen b\u00f8r gj\u00f8res p\u00e5 relativt god vannf\u00f8ring. P\u00e5 normal sommervannstand blir nemlig store deler av elva for grunn.<\/p>\n<p>Ovenfor den laksef\u00f8rende strekningen er det for mye stor harr og gjedde, og en del sik. Noe laks vandrer forbi laksef\u00f8rende strekning. Det er ikke \u00e5pnet for laksefiske her, s\u00e5 disse m\u00e5 eventuelt settes ut.<\/p>\n<p>F\u00f8r en setter av g\u00e5rde p\u00e5 en slik tur er det s\u00e6rlig viktig \u00e5 se til at padleutstyret er skikkelig t\u00f8rt eller desinfisert, slik at en ikke overf\u00f8rer organismer fra andre vassdrag, heriblant den fryktede parasitten <em>Gyrodactylus salaris.<\/em><\/p>\n<figure id=\"attachment_3525\" aria-describedby=\"caption-attachment-3525\" style=\"width: 688px\" class=\"wp-caption alignnone\"><a href=\"http:\/\/tanafisk.no\/wp-content\/uploads\/2015\/01\/V\u00e1ljohka-2.jpg\"><img loading=\"lazy\" decoding=\"async\" class=\" wp-image-3525\" title=\"DCIM103GOPRO\" src=\"http:\/\/tanafisk.no\/wp-content\/uploads\/2015\/01\/V\u00e1ljohka-2-500x375.jpg\" alt=\"\" width=\"688\" height=\"516\" \/><\/a><figcaption id=\"caption-attachment-3525\" class=\"wp-caption-text\">Fl\u00f8ting ned et smalt og steinet stryk i i \u00f8vre del av V\u00e1ljohka (foto: TF)<\/figcaption><\/figure>\n<h3><strong>Laksefangst<\/strong><\/h3>\n<p>Bestanden i V\u00e1ljohka og \u00c1stejohka er utpregede sm\u00e5laksebestander, med innslag av mellomlaks og en og annen sjelden storlaks. De siste \u00e5rene er det fanget mellom 50 og 350 kg laks i V\u00e1ljohka fordelt p\u00e5 15-170 laks. Antallet fiskere er normalt begrenset, og det selges om lag 50 fisked\u00f8gn til tilreisende fiskere i l\u00f8pet av en sesong.<\/p>\n<figure id=\"attachment_8559\" aria-describedby=\"caption-attachment-8559\" style=\"width: 568px\" class=\"wp-caption alignnone\"><a href=\"https:\/\/tanafisk.no\/wp-content\/uploads\/2020\/03\/Fangst-Valjohka-2006-2019.jpg\"><img loading=\"lazy\" decoding=\"async\" class=\"size-medium wp-image-8559\" src=\"https:\/\/tanafisk.no\/wp-content\/uploads\/2020\/03\/Fangst-Valjohka-2006-2019-568x388.jpg\" alt=\"\" width=\"568\" height=\"388\" srcset=\"https:\/\/tanafisk.no\/wp-content\/uploads\/2020\/03\/Fangst-Valjohka-2006-2019-568x388.jpg 568w, https:\/\/tanafisk.no\/wp-content\/uploads\/2020\/03\/Fangst-Valjohka-2006-2019-570x389.jpg 570w, https:\/\/tanafisk.no\/wp-content\/uploads\/2020\/03\/Fangst-Valjohka-2006-2019.jpg 621w\" sizes=\"auto, (max-width: 639px) 98vw, (max-width: 1199px) 64vw, 568px\" \/><\/a><figcaption id=\"caption-attachment-8559\" class=\"wp-caption-text\">Fangstutvikling av laks for V\u00e1ljohka i perioden 2006-2019 basert p\u00e5 vekt. Figurene er basert p\u00e5 beregnet fangst, og gjenutsatt laks er inkludert. Bl\u00e5 s\u00f8yle er sm\u00e5laks (&lt; 3kg), r\u00f8d er mellomlaks (3-7 kg), og gr\u00f8nn er storlaks (&gt;7 kg).<\/figcaption><\/figure>\n<h3>Oppgangsregistrering<\/h3>\n<p>I 2015 ble lakseoppgangen til V\u00e1ljohka registrert med videooverv\u00e5king p\u00e5 oversiden av Stuorrajavre. Det ble registrert 741 laks p\u00e5 vei opp V\u00e1ljohka fra 10. juni til 20. august, og av disse ble 112 vurdert \u00e5 v\u00e6re st\u00f8rre enn 3 kg.<\/p>\n<p>Det passerte trolig noe laks b\u00e5de f\u00f8r og etter perioden videoen var operativ, og det var problemer med noen str\u00f8mbrudd i slutten av juni, dette m\u00e5 regnes som et minimumstall. Hovedoppgangen av laks p\u00e5gikk fra slutten av juni til midtveis i juli, og p\u00e5 det meste ble det ble registrert 54 laks forbi kameraet i l\u00f8pet av en dag.<\/p>\n<figure id=\"attachment_4121\" aria-describedby=\"caption-attachment-4121\" style=\"width: 568px\" class=\"wp-caption alignnone\"><a href=\"http:\/\/tanafisk.no\/wp-content\/uploads\/2015\/12\/Oppgang-V\u00e1ljohka-2015.jpg\"><img loading=\"lazy\" decoding=\"async\" class=\"size-medium wp-image-4121\" src=\"http:\/\/tanafisk.no\/wp-content\/uploads\/2015\/12\/Oppgang-V\u00e1ljohka-2015-568x340.jpg\" alt=\"\" width=\"568\" height=\"340\" srcset=\"https:\/\/tanafisk.no\/wp-content\/uploads\/2015\/12\/Oppgang-V\u00e1ljohka-2015-568x340.jpg 568w, https:\/\/tanafisk.no\/wp-content\/uploads\/2015\/12\/Oppgang-V\u00e1ljohka-2015-570x342.jpg 570w, https:\/\/tanafisk.no\/wp-content\/uploads\/2015\/12\/Oppgang-V\u00e1ljohka-2015-638x382.jpg 638w, https:\/\/tanafisk.no\/wp-content\/uploads\/2015\/12\/Oppgang-V\u00e1ljohka-2015-768x460.jpg 768w, https:\/\/tanafisk.no\/wp-content\/uploads\/2015\/12\/Oppgang-V\u00e1ljohka-2015.jpg 886w\" sizes=\"auto, (max-width: 639px) 98vw, (max-width: 1199px) 64vw, 568px\" \/><\/a><figcaption id=\"caption-attachment-4121\" class=\"wp-caption-text\">Oppgangen til V\u00e1ljohka registrert i videoen i 2015 (data fra Finsk naturressursinstitutt &#8211; LUKE).<\/figcaption><\/figure>\n<p>V\u00e1ljohka har et gytebestandsm\u00e5l p\u00e5 779 kg hunnlaks, og det er vurdert at det jevnt over har v\u00e6rt for lite laks til gyting de siste \u00e5rene.<\/p>\n<p>I tillegg til laks, vandrer det opp noe sj\u00f8\u00f8rret opp i V\u00e1ljohka. S\u00e6rlig innsj\u00f8ene er fiskerike med blant annet gjedde, harr, sik og abbor.<\/p>\n<figure id=\"attachment_4446\" aria-describedby=\"caption-attachment-4446\" style=\"width: 568px\" class=\"wp-caption alignnone\"><a href=\"http:\/\/tanafisk.no\/wp-content\/uploads\/2016\/08\/P8045380-640x427.jpg\"><img loading=\"lazy\" decoding=\"async\" class=\"size-medium wp-image-4446\" src=\"http:\/\/tanafisk.no\/wp-content\/uploads\/2016\/08\/P8045380-640x427-568x379.jpg\" alt=\"\" width=\"568\" height=\"379\" srcset=\"https:\/\/tanafisk.no\/wp-content\/uploads\/2016\/08\/P8045380-640x427-568x379.jpg 568w, https:\/\/tanafisk.no\/wp-content\/uploads\/2016\/08\/P8045380-640x427-285x190.jpg 285w, https:\/\/tanafisk.no\/wp-content\/uploads\/2016\/08\/P8045380-640x427-570x380.jpg 570w, https:\/\/tanafisk.no\/wp-content\/uploads\/2016\/08\/P8045380-640x427-638x426.jpg 638w, https:\/\/tanafisk.no\/wp-content\/uploads\/2016\/08\/P8045380-640x427.jpg 640w\" sizes=\"auto, (max-width: 639px) 98vw, (max-width: 1199px) 64vw, 568px\" \/><\/a><figcaption id=\"caption-attachment-4446\" class=\"wp-caption-text\">Kveldsfiske en augustkveld i V\u00e1ljohka (foto: TF)<\/figcaption><\/figure>\n<h3>Fiskeregler<\/h3>\n<p>Tilreisende fiskere kan kun fiske med flue, uten dupp eller s\u00f8kke. Barn kan fiske med flue og dupp.<\/p>\n<p>Lokale fiskere kan fiske med flue, flue og duppe slukredskaper (inkludert wobbler).<\/p>\n<p>Lokale fiskere kan dorge, men TF selger ikke b\u00e5tkort til tilreisende fiskere, og har dermed ikke \u00e5pnet for at tilreisende fiskere kan dorge i V\u00e1ljohka.<\/p>\n<p>Fisked\u00f8gnet starter kl. 18, og varer et d\u00f8gn.<\/p>\n<p>Fisket er ikke \u00e5pent fra s\u00f8ndag kl. 18 til mandag kl. 18.<\/p>\n<p>Det er fredningssoner der to sideelver m\u00f8tes jf Forskrift om norske sidevassdrag \u00a7 6, 4. punkt:<\/p>\n<p><em>\u00abfra b\u00e5t og fra strand utenfor elvemunningen til laksef\u00f8rende sideelver i et omr\u00e5de som strekker seg fra 50 m oppstr\u00f8ms til 100 m nedstr\u00f8ms fra sideelvas n\u00e6rmeste elvebredder og p\u00e5 tvers av den aktuelle sideelva.\u00bb<\/em><\/p>\n","protected":false},"excerpt":{"rendered":"<p>Vassdraget best\u00e5r av selve V\u00e1ljohka og den st\u00f8rste sideelva \u00c1stejohka som begge munner ut til Stuorrajavre. Fra Stuorrajavre til Tanaelva er det en relativt kort og stilleflytende elvestrekning. Selve V\u00e1ljohka er regnet som laksef\u00f8rende opp til Gime\u0161j\u00e1vre, 21 km over Stuorraj\u00e1vre, mens \u00c1stejohka er laksef\u00f8rende i 19 km. B\u00e5de V\u00e1ljohka og \u00c1stejohka er relativt utilgjengelig, [&hellip;]<\/p>\n","protected":false},"author":13,"featured_media":8555,"parent":144,"menu_order":22,"comment_status":"closed","ping_status":"closed","template":"","meta":{"_acf_changed":false,"footnotes":""},"class_list":["post-3523","page","type-page","status-publish","has-post-thumbnail","hentry"],"acf":[],"_links":{"self":[{"href":"https:\/\/tanafisk.no\/se\/wp-json\/wp\/v2\/pages\/3523","targetHints":{"allow":["GET"]}}],"collection":[{"href":"https:\/\/tanafisk.no\/se\/wp-json\/wp\/v2\/pages"}],"about":[{"href":"https:\/\/tanafisk.no\/se\/wp-json\/wp\/v2\/types\/page"}],"author":[{"embeddable":true,"href":"https:\/\/tanafisk.no\/se\/wp-json\/wp\/v2\/users\/13"}],"replies":[{"embeddable":true,"href":"https:\/\/tanafisk.no\/se\/wp-json\/wp\/v2\/comments?post=3523"}],"version-history":[{"count":0,"href":"https:\/\/tanafisk.no\/se\/wp-json\/wp\/v2\/pages\/3523\/revisions"}],"up":[{"embeddable":true,"href":"https:\/\/tanafisk.no\/se\/wp-json\/wp\/v2\/pages\/144"}],"wp:featuredmedia":[{"embeddable":true,"href":"https:\/\/tanafisk.no\/se\/wp-json\/wp\/v2\/media\/8555"}],"wp:attachment":[{"href":"https:\/\/tanafisk.no\/se\/wp-json\/wp\/v2\/media?parent=3523"}],"curies":[{"name":"wp","href":"https:\/\/api.w.org\/{rel}","templated":true}]}}