{"id":4226,"date":"2016-04-04T14:50:58","date_gmt":"2016-04-04T12:50:58","guid":{"rendered":"http:\/\/tanafisk.flywheelsites.com\/?page_id=4226"},"modified":"2022-04-04T13:29:21","modified_gmt":"2022-04-04T11:29:21","slug":"iesjohka","status":"publish","type":"page","link":"https:\/\/tanafisk.no\/se\/tanavassdraget\/tanavassdraget\/iesjohka\/","title":{"rendered":"Ie\u0161johka"},"content":{"rendered":"<h2>Om vassdraget<\/h2>\n<p>Den beste strekningen for fiske etter laks er den nedre delen av Ie\u0161johka, opp til Jergul (23 km). Strekningen er vein\u00e6r, og det er en rekke gode fiskeplasser. Ogs\u00e5 strekningen videre opp til \u010coavddatmohkki er interessant for fiskere. Omr\u00e5det er lengre fra vei, og dermed mindre bes\u00f8kt.<\/p>\n<p>Ie\u0161johka har fem laksef\u00f8rende sideelver; S\u00e1\u0111ejohka, \u00c1stejohka, Vuotta\u0161johka, R\u00e1gesjohka og Molle\u0161johka. Det er imidlertid sjeldent at laks passerer Ie\u0161johkgor\u017ei, og TF f\u00f8lger ikke opp omr\u00e5det ovenfor fossen, inkludert Molle\u0161johka. Det er begrenset oppgang av laks til de \u00f8vrige sideelvene ogs\u00e5.<\/p>\n<figure id=\"attachment_3582\" aria-describedby=\"caption-attachment-3582\" style=\"width: 652px\" class=\"wp-caption alignnone\"><a href=\"http:\/\/tanafisk.no\/wp-content\/uploads\/2015\/01\/Iesjohka.jpg\"><img loading=\"lazy\" decoding=\"async\" class=\" wp-image-3582\" title=\"Iesjohka\" src=\"http:\/\/tanafisk.no\/wp-content\/uploads\/2015\/01\/Iesjohka-500x316.jpg\" alt=\"\" width=\"652\" height=\"412\" \/><\/a><figcaption id=\"caption-attachment-3582\" class=\"wp-caption-text\">Oversiktskart over Ie\u0161johka, og deler av K\u00e1r\u00e1\u0161johka (kartgrunnlaget er hentet fra Kartverket: www.norgeskart.no).<\/figcaption><\/figure>\n<p>I \u00f8vre deler av Ie\u0161johka er det stadig mer stilleflytende omr\u00e5der. Alle fiskeartene som naturlig har vandret til Finnmark finnes i Ie\u0161johka, og dette inkluderer de fiskbare artene \u00f8rret, harr, sik, gjedde, abbor og lake. Det har tidligere blitt h\u00f8stet mer av andre arter, blant annet i innsj\u00f8en \u0160uo\u0161\u0161j\u00e1vri.<\/p>\n<figure id=\"attachment_5020\" aria-describedby=\"caption-attachment-5020\" style=\"width: 661px\" class=\"wp-caption alignnone\"><a href=\"http:\/\/tanafisk.no\/wp-content\/uploads\/2016\/04\/P8308599.jpg\"><img loading=\"lazy\" decoding=\"async\" class=\" wp-image-5020\" src=\"http:\/\/tanafisk.no\/wp-content\/uploads\/2016\/04\/P8308599-500x333.jpg\" alt=\"\" width=\"661\" height=\"440\" \/><\/a><figcaption id=\"caption-attachment-5020\" class=\"wp-caption-text\">Ie\u0161johkgor\u017ei sett ovenfra p\u00e5 h\u00f8y sommervannf\u00f8ring, august 2017 (foto: Narve S. Johansen).<\/figcaption><\/figure>\n<h2>Laksebestanden<\/h2>\n<h3>Fangst<\/h3>\n<p>Det har over mange \u00e5r v\u00e6rt en bekymring for statusen til laksebestanden i Ie\u0161johka, med spesielt liten fangst de siste \u00e5rene. Siden 2006 er det \u00e5rlig fanget mellom 1 og 3,5 tonn laks, tilsvarende 200-900 laks. I 2019 endte fangsten p\u00e5 skarve 65 laks p\u00e5 487 kg.<\/p>\n<figure id=\"attachment_8813\" aria-describedby=\"caption-attachment-8813\" style=\"width: 568px\" class=\"wp-caption alignnone\"><a href=\"https:\/\/tanafisk.no\/wp-content\/uploads\/2020\/03\/Fangst-Iesjohka.jpg\"><img loading=\"lazy\" decoding=\"async\" class=\"size-medium wp-image-8813\" src=\"https:\/\/tanafisk.no\/wp-content\/uploads\/2020\/03\/Fangst-Iesjohka-568x427.jpg\" alt=\"\" width=\"568\" height=\"427\" srcset=\"https:\/\/tanafisk.no\/wp-content\/uploads\/2020\/03\/Fangst-Iesjohka-568x427.jpg 568w, https:\/\/tanafisk.no\/wp-content\/uploads\/2020\/03\/Fangst-Iesjohka-570x428.jpg 570w, https:\/\/tanafisk.no\/wp-content\/uploads\/2020\/03\/Fangst-Iesjohka.jpg 584w\" sizes=\"auto, (max-width: 639px) 98vw, (max-width: 1199px) 64vw, 568px\" \/><\/a><figcaption id=\"caption-attachment-8813\" class=\"wp-caption-text\">Fangstutvikling for laksefangsten i Ie\u0161johka i perioden 2006-2019 basert p\u00e5 vekt. Figurene er basert p\u00e5 beregnet fangst, og gjenutsatt laks er inkludert. Bl\u00e5 s\u00f8yle er sm\u00e5laks (&lt; 3kg), r\u00f8d er mellomlaks (3-7 kg), og gr\u00f8nn er storlaks (&gt;7 kg)<\/figcaption><\/figure>\n<div>\n<p>TF stengte fiskekortsalget for tilreisende i 2016, men \u00e5pnet kortsalget igjen i 2017. Siden er det solgt 20-30 d\u00f8gn \u00e5rlig. Det fiskes noe med garn i elva enda, men garnfangsten er beskjeden og det aller meste av fangsten blir tatt p\u00e5 stang.<\/p>\n<h3>Oppgangsoverv\u00e5king i 2019<\/h3>\n<p>I 2019 gjennomf\u00f8rte TF for f\u00f8rste gang en oppgangsregistrering med sonar i Ie\u0161johka. Estimert oppgang mellom 8. juni og 2. september var 656 laks, hvorav 66 % var under 65 cm, alts\u00e5 sm\u00e5laks. Ettersom det var spesielt lite sm\u00e5laks i Tanavassdraget, og bestanden i Ie\u0161johka er en utpreget storlaksbestand, er det sannsynlig at en del av denne fisken var andre arter enn laks. P\u00e5 den andre siden passerte trolig noe stor laks opp f\u00f8r sonaren var i drift.<\/p>\n<h3>Bestandsvurdering<\/h3>\n<p>Gytebestandsm\u00e5let for Ie\u0161johka er p\u00e5 vel 6 tonn hunnlaks, og vurderingen har over lang tid at det er stor mangel p\u00e5 gytelaks. I 2019 ble det for f\u00f8rste gang vurdert at det ikke var et h\u00f8stbart overskudd av Ie\u0161johkalaks n\u00e5r den ankom kysten.<\/p>\n<h3>Effekt av predasjon<\/h3>\n<p>Under dus\u00f8rordningen (2018-2019) er det levert mye gjedde, og noe \u00f8rret fra Ie\u0161johka. Det er dokumentert at laksesmolt og stor lakseparr er en viktig f\u00f8de for gjedda p\u00e5 sommerstid. Det er ikke mulig \u00e5 vurdere den samlede effekten av dette uten estimater p\u00e5 st\u00f8rrelsen av gjeddebestanden. Det er imidlertid sikkert at effekten av denne predasjonen har betydning n\u00e5r laksebestanden allerede er p\u00e5 et alt for lavt niv\u00e5.<\/p>\n<h2>Fiskeregler<\/h2>\n<p>Tilreisende fiskere kan kun fiske med flue, uten dupp eller s\u00f8kke. Barn kan fiske med flue og dupp.<\/p>\n<p>Lokale fiskere kan fiske med flue, flue og duppe slukredskaper (inkludert wobbler).<\/p>\n<p>Fisked\u00f8gnet starter kl. 18, og varer et d\u00f8gn.<\/p>\n<p>Fisket er ikke \u00e5pent fra s\u00f8ndag kl. 18 til mandag kl. 18.<\/p>\n<p>Det er en munningsfredning ved hver av de laksef\u00f8rende sideelvene fra 50 m oppstr\u00f8ms til 100 m nedstr\u00f8ms munningen, og p\u00e5 tvers av elva. Det er et unntak fra denne regelen der S\u00e1\u0111ejohka munner ut i Ie\u0161johka.<\/p>\n<p>Fiskerettshavere etter Tanalovens \u00a7 4 (laksebreveiere) med fiskerett i Karasjok fiskesone kan fiske med garn i Ie\u0161johka opp til Ie\u0161jotbrua (riksvei 92). Fisketidene er de samme som i Tanaelva.<\/p>\n<p>Fiskerettshaverne kan fiske med garn etter andre arter enn laks i hele Ie\u0161johka fra isgang til 15. august, og dessuten hele \u00e5ret i \u0160uo\u0161\u0161j\u00e1vre dersom fisket foreg\u00e5r mer enn 200 m fra inn og utl\u00f8pet.<\/p>\n<p>Sammendrag av regler for garnfiske etter andre arter enn laks, sj\u00f8\u00f8rret og sj\u00f8r\u00f8ye:<\/p>\n<\/div>\n","protected":false},"excerpt":{"rendered":"<p>Om vassdraget Den beste strekningen for fiske etter laks er den nedre delen av Ie\u0161johka, opp til Jergul (23 km). Strekningen er vein\u00e6r, og det er en rekke gode fiskeplasser. Ogs\u00e5 strekningen videre opp til \u010coavddatmohkki er interessant for fiskere. Omr\u00e5det er lengre fra vei, og dermed mindre bes\u00f8kt. Ie\u0161johka har fem laksef\u00f8rende sideelver; S\u00e1\u0111ejohka, [&hellip;]<\/p>\n","protected":false},"author":13,"featured_media":898,"parent":144,"menu_order":27,"comment_status":"closed","ping_status":"closed","template":"","meta":{"_acf_changed":false,"footnotes":""},"class_list":["post-4226","page","type-page","status-publish","has-post-thumbnail","hentry"],"acf":[],"_links":{"self":[{"href":"https:\/\/tanafisk.no\/se\/wp-json\/wp\/v2\/pages\/4226","targetHints":{"allow":["GET"]}}],"collection":[{"href":"https:\/\/tanafisk.no\/se\/wp-json\/wp\/v2\/pages"}],"about":[{"href":"https:\/\/tanafisk.no\/se\/wp-json\/wp\/v2\/types\/page"}],"author":[{"embeddable":true,"href":"https:\/\/tanafisk.no\/se\/wp-json\/wp\/v2\/users\/13"}],"replies":[{"embeddable":true,"href":"https:\/\/tanafisk.no\/se\/wp-json\/wp\/v2\/comments?post=4226"}],"version-history":[{"count":0,"href":"https:\/\/tanafisk.no\/se\/wp-json\/wp\/v2\/pages\/4226\/revisions"}],"up":[{"embeddable":true,"href":"https:\/\/tanafisk.no\/se\/wp-json\/wp\/v2\/pages\/144"}],"wp:featuredmedia":[{"embeddable":true,"href":"https:\/\/tanafisk.no\/se\/wp-json\/wp\/v2\/media\/898"}],"wp:attachment":[{"href":"https:\/\/tanafisk.no\/se\/wp-json\/wp\/v2\/media?parent=4226"}],"curies":[{"name":"wp","href":"https:\/\/api.w.org\/{rel}","templated":true}]}}