{"id":7582,"date":"2019-06-10T13:51:00","date_gmt":"2019-06-10T11:51:00","guid":{"rendered":"https:\/\/tanafisk.flywheelsites.com\/?page_id=7582"},"modified":"2019-06-11T00:37:48","modified_gmt":"2019-06-10T22:37:48","slug":"personvern","status":"publish","type":"page","link":"https:\/\/tanafisk.no\/se\/personvern\/","title":{"rendered":"Personvern"},"content":{"rendered":"<p>For at vi skal kunne forbedre v\u00e5re nettsider benytter vi cookies (informasjonskapsler) fra Google Analytics. I tillegg har vi noen tredjepartsl\u00f8sninger slik som Instagram og Google Maps, som ogs\u00e5 kan sette fra seg noen cookies. Du bestemmer selv i nettleseren din om du vil tillatte cookies eller ikke.<\/p>\n","protected":false},"excerpt":{"rendered":"<p>For at vi skal kunne forbedre v\u00e5re nettsider benytter vi cookies (informasjonskapsler) fra Google Analytics. I tillegg har vi noen tredjepartsl\u00f8sninger slik som Instagram og Google Maps, som ogs\u00e5 kan sette fra seg noen cookies. Du bestemmer selv i nettleseren din om du vil tillatte cookies eller ikke.<\/p>\n","protected":false},"author":5,"featured_media":0,"parent":0,"menu_order":1,"comment_status":"closed","ping_status":"closed","template":"","meta":{"_acf_changed":false,"footnotes":""},"class_list":["post-7582","page","type-page","status-publish","hentry"],"acf":[],"_links":{"self":[{"href":"https:\/\/tanafisk.no\/se\/wp-json\/wp\/v2\/pages\/7582","targetHints":{"allow":["GET"]}}],"collection":[{"href":"https:\/\/tanafisk.no\/se\/wp-json\/wp\/v2\/pages"}],"about":[{"href":"https:\/\/tanafisk.no\/se\/wp-json\/wp\/v2\/types\/page"}],"author":[{"embeddable":true,"href":"https:\/\/tanafisk.no\/se\/wp-json\/wp\/v2\/users\/5"}],"replies":[{"embeddable":true,"href":"https:\/\/tanafisk.no\/se\/wp-json\/wp\/v2\/comments?post=7582"}],"version-history":[{"count":0,"href":"https:\/\/tanafisk.no\/se\/wp-json\/wp\/v2\/pages\/7582\/revisions"}],"wp:attachment":[{"href":"https:\/\/tanafisk.no\/se\/wp-json\/wp\/v2\/media?parent=7582"}],"curies":[{"name":"wp","href":"https:\/\/api.w.org\/{rel}","templated":true}]}}