{"id":7902,"date":"2019-06-12T15:26:10","date_gmt":"2019-06-12T13:26:10","guid":{"rendered":"http:\/\/tanafisk.flywheelsites.com\/about-us-2\/"},"modified":"2023-11-21T12:03:02","modified_gmt":"2023-11-21T10:03:02","slug":"om-tanavassdragets-fiskeforvaltning","status":"publish","type":"page","link":"https:\/\/tanafisk.no\/se\/forvaltning\/om-tanavassdragets-fiskeforvaltning\/","title":{"rendered":"Tanavassdragets fiskeforvaltning (TF)"},"content":{"rendered":"<p>Tanavassdragets fiskeforvaltning skal ogs\u00e5 bidra til langsiktig bevaring av fiskeressursene og delta i samarbeidet med Finland om forvaltningen av vassdraget.<\/p>\n<p>Tanavassdragets fiskeforvaltning \u2013 TF best\u00e5r av\u00a0ni medlemmer. De fiskeberettigede etter \u00a7 3 velger fem av medlemmene p\u00e5 fellesm\u00f8tet, jf. \u00a7 8. Kommunestyrene i Tana og Karasjok oppnevner to medlemmer hver med personlige stedfortredere blant personer med rett til stangfiske, som ikke har rettigheter etter \u00a7 3.<\/p>\n<p>Funksjonstiden er fire \u00e5r og f\u00f8lger kommunevalgperioden. Leder og nestleder velges av Tanavassdragets fiskeforvaltning. Medlemmer kan skiftes ut i funksjonsperioden.<\/p>\n<p>Vedtak etter \u00a7 9, \u00a7 10, \u00a7 11, \u00a7 12, \u00a7 13 og \u00a7 14 krever kvalifisert flertall (2\/3). Det samme gjelder budsjettvedtak.<\/p>\n<h2>TFs sammensetning i perioden november 2023 &#8211; frem til kommunevalget 2027<\/h2>\n<p>TFs tredje periode tok til senh\u00f8sten 2023, og TF-medlemmene med personlige stedfortredere er presentert i tabellen under.<\/p>\n<table style=\"width: 599px;\" border=\"1\">\n<tbody>\n<tr>\n<td style=\"width: 201px;\"><strong>TF-medlem<\/strong><\/td>\n<td style=\"width: 213px;\"><strong>Personlig stedfortreder<\/strong><\/td>\n<td style=\"width: 185px;\"><strong>Valgt\/oppnevnt av\u00a0<\/strong><\/td>\n<\/tr>\n<tr>\n<td style=\"width: 201px;\"><\/td>\n<td style=\"width: 213px;\"><\/td>\n<td style=\"width: 185px;\"><\/td>\n<\/tr>\n<tr>\n<td style=\"width: 201px;\"><\/td>\n<td style=\"width: 213px;\"><\/td>\n<td style=\"width: 185px;\"><\/td>\n<\/tr>\n<tr>\n<td style=\"width: 201px;\"><\/td>\n<td style=\"width: 213px;\"><\/td>\n<td style=\"width: 185px;\"><\/td>\n<\/tr>\n<tr>\n<td style=\"width: 201px;\"><\/td>\n<td style=\"width: 213px;\"><\/td>\n<td style=\"width: 185px;\"><\/td>\n<\/tr>\n<tr>\n<td style=\"width: 201px;\"><\/td>\n<td style=\"width: 213px;\"><\/td>\n<td style=\"width: 185px;\"><\/td>\n<\/tr>\n<tr>\n<td style=\"width: 201px;\"><\/td>\n<td style=\"width: 213px;\"><\/td>\n<td style=\"width: 185px;\"><\/td>\n<\/tr>\n<tr>\n<td style=\"width: 201px;\"><\/td>\n<td style=\"width: 213px;\"><\/td>\n<td style=\"width: 185px;\"><\/td>\n<\/tr>\n<tr>\n<td style=\"width: 201px;\"><\/td>\n<td style=\"width: 213px;\"><\/td>\n<td style=\"width: 185px;\"><\/td>\n<\/tr>\n<tr>\n<td style=\"width: 201px;\"><\/td>\n<td style=\"width: 213px;\"><\/td>\n<td style=\"width: 185px;\"><\/td>\n<\/tr>\n<\/tbody>\n<\/table>\n<p>&nbsp;<\/p>\n<h2>TF-vedtekter<\/h2>\n<p>TF vedtok egne vedtekter med regler for laksebrev, fellesm\u00f8te og soner p\u00e5 m\u00f8tet 28.02.-01.03.2019, TF-sak 04\/2019.<\/p>\n<ul>\n<li><a href=\"https:\/\/tanafisk.no\/wp-content\/uploads\/2019\/03\/VEDTEKTER-for-TF-.pdf\">VEDTEKTER for TF<\/a><\/li>\n<li><a href=\"https:\/\/tanafisk.no\/wp-content\/uploads\/2019\/03\/Regler-om-laksebrev.pdf\">Regler om laksebrev<\/a><\/li>\n<li><a href=\"https:\/\/tanafisk.no\/wp-content\/uploads\/2019\/03\/Regler-om-soner-.pdf\">Regler om soner<\/a><\/li>\n<li><a href=\"https:\/\/tanafisk.no\/wp-content\/uploads\/2019\/03\/Regler-for-fellesm%C3%B8ter-.pdf\">Regler for fellesm\u00f8ter<\/a><\/li>\n<\/ul>\n<p>Bakgrunnen var at\u00a0TF oppnevnte et saksutvalg for vedtekter best\u00e5ende av TF-medlemmene M\u00e1hret Guhttor, Asbj\u00f8rn Guttorm og Rune Aslaksen ved m\u00f8te i desember 2015, med Guhttor som utvalgsleder.<\/p>\n<ul>\n<li>Saksutvalget la frem arbeidet sitt ved TF-m\u00f8tet i februar i 2017.<\/li>\n<li>Etter behandling i TF ble reglementet sendt ut p\u00e5 h\u00f8ring i juni 2017. Det kom i f\u00f8rste omgang inn f\u00e5 h\u00f8ringssvar, og h\u00f8ringsfristen ble utsatt to ganger, siste gang til 31. mai 2018. (L<a href=\"http:\/\/tanafisk.no\/fellesmote-i-sirma-19-januar\/5468\">es h\u00f8ringsuttalelsene nederst i denne nyhetssaken fra januar<\/a>).<\/li>\n<li>Saksutvalget la deretter frem reviderte vedtekter\u00a0 TF i september 2018.<\/li>\n<li>TF kalte deretter inn laksebreveierne (rettighetshaverne i henhold til Tanalovens \u00a7 4) inn til et ekstraordin\u00e6rt fellesm\u00f8te i Sirma 19. januar 2019 for \u00e5 behandle vedtektene. P\u00e5 m\u00f8tet deltok det 34 personer med stemmerett. <a href=\"https:\/\/tanafisk.no\/wp-content\/uploads\/2019\/03\/Referat-fra-fellesm%C3%B8te-mars-2019.pdf\">Referat fra fellesm\u00f8te mars 2019.<\/a> <a href=\"https:\/\/tanafisk.no\/wp-content\/uploads\/2019\/03\/Referat-fellesm%C3%B8tet-19.1.2019-saksutvalgets-kommentarer.pdf\">Referat fellesm\u00f8tet 19.1.2019 \u2013 saksutvalgets kommentarer<\/a>.<\/li>\n<li>Vedtektene ble vedtatt av TF under sak 4\/2019<\/li>\n<\/ul>\n<h2>Drifts- og \u00e5rsrapporter<\/h2>\n<p>TF har presentert sitt arbeid for de to f\u00f8rste periodene i egne driftsrapporter<\/p>\n<ul>\n<li><a href=\"https:\/\/tanafisk.no\/wp-content\/uploads\/2019\/10\/TFs-driftsrappor-2015-19-endelig.pdf\">Driftsrapport \u2013 doaibmarapporta 2015 \u2013 2019<\/a><\/li>\n<li><a href=\"https:\/\/tanafisk.no\/wp-content\/uploads\/2015\/10\/Driftsrapport-doaibmarapporta.pdf\">Driftsrapport \u2013 doaibmarapporta 2011 &#8211; 2015<\/a><\/li>\n<\/ul>\n<p>Her presenteres \u00e5rsrapporter, samt \u00e5rsregnskap og revisorberetninger.<\/p>\n<ul>\n<li><a href=\"https:\/\/tanafisk.no\/wp-content\/uploads\/2023\/05\/Arsrapport-2022Re.pdf\">\u00c5rsrapport 2022<\/a>, <a href=\"https:\/\/tanafisk.no\/wp-content\/uploads\/2023\/05\/TFs-Arsregnskap-2022.pdf\">TFs \u00c5rsregnskap 2022, <\/a><a href=\"https:\/\/tanafisk.no\/wp-content\/uploads\/2023\/05\/Revisjonsberetning-2022.pdf\">Revisjonsberetning 2022<\/a><\/li>\n<li><a href=\"https:\/\/tanafisk.no\/wp-content\/uploads\/2023\/03\/Arsrapport-2021.pdf\">\u00c5rsrapport 2021<\/a>, <a href=\"https:\/\/tanafisk.no\/wp-content\/uploads\/2023\/03\/TF-Arsregnskap-2021.pdf\">\u00c5rsregnskap 2021<\/a><\/li>\n<li><a href=\"https:\/\/tanafisk.no\/wp-content\/uploads\/2023\/03\/Arsrapport-2020-1-2.pdf\">\u00c5rsrapport 2020<\/a>, <a href=\"https:\/\/tanafisk.no\/wp-content\/uploads\/2023\/03\/Arsrapport-regnskap-Tanavassdragets-Fiskeforvaltning-2020.pdf\">\u00c5rsregnskap 2020<\/a><\/li>\n<li><a href=\"https:\/\/tanafisk.no\/wp-content\/uploads\/2023\/03\/Arsrapport-2019.pdf\">\u00c5rsrapport 2019<\/a>, <a href=\"https:\/\/tanafisk.no\/wp-content\/uploads\/2023\/03\/Arsregnskap-2019.pdf\">\u00c5rsregnskap 2019<\/a><\/li>\n<li><a href=\"https:\/\/tanafisk.no\/wp-content\/uploads\/2019\/10\/%C3%85rsrapport-2018.pdf\">\u00c5rsrapport 2018<\/a><a href=\"https:\/\/tanafisk.no\/wp-content\/uploads\/2019\/10\/%C3%85rsregnskap-2018.pdf\">, \u00c5rsregnskap 2018,\u00a0<\/a><a href=\"https:\/\/tanafisk.no\/wp-content\/uploads\/2019\/10\/Revisjonsberetning-1.pdf\">Revisjonsberetning<\/a><\/li>\n<li><a href=\"https:\/\/tanafisk.no\/wp-content\/uploads\/2019\/10\/%C3%85rsrapport-2017.pdf\">\u00c5rsrapport 2017,\u00a0<\/a><a href=\"https:\/\/tanafisk.no\/wp-content\/uploads\/2019\/10\/%C3%85rsregnkap-med-noter-saldobalanse-og-posteringsjournal.pdf\">\u00c5rsregnkap med noter, saldobalanse og posteringsjournal,\u00a0<\/a><a href=\"https:\/\/tanafisk.no\/wp-content\/uploads\/2019\/10\/Revisjonsberetning.pdf\">Revisjonsberetning<\/a><\/li>\n<li><a href=\"https:\/\/tanafisk.no\/wp-content\/uploads\/2017\/04\/%C3%85rsrapport-2016-.pdf\">\u00c5rsrapport 2016,\u00a0<\/a><a href=\"https:\/\/tanafisk.no\/wp-content\/uploads\/2017\/04\/%C3%85rsregnskap-2016.pdf\">\u00c5rsregnskap 2016,\u00a0<\/a><a href=\"https:\/\/tanafisk.no\/wp-content\/uploads\/2017\/12\/Revisjons-beretning.pdf\">Revisors beretning 2016<\/a><\/li>\n<li><a href=\"http:\/\/tanafisk.no\/about-us\/arsrapporter\/arsrapport-2015-3\" rel=\"attachment wp-att-4679\">\u00c5rsrapport 2015<\/a>,\u00a0<a href=\"http:\/\/tanafisk.no\/about-us\/arsrapporter\/regnskap-2015tanavassdragets-fiskeforvaltning-2\" rel=\"attachment wp-att-4680\">\u00c5rsregnskap 2015<\/a>,\u00a0<a href=\"http:\/\/tanafisk.no\/about-us\/arsrapporter\/revisorberetning-2015\" rel=\"attachment wp-att-4681\">Revisors beretning 2015<\/a><\/li>\n<li><a href=\"http:\/\/tanafisk.no\/about-us\/arsrapporter\/arsrapport-tanavassdragets-fiskeforvaltning-2014\" rel=\"attachment wp-att-3829\">\u00c5rsrapport 2014<\/a>,\u00a0<a href=\"http:\/\/tanafisk.no\/about-us\/arsrapporter\/arsregnskap-2014-tanavassdragets-fiskeforvaltning\" rel=\"attachment wp-att-3830\">\u00c5rsregnskap 2014,<\/a><\/li>\n<li><a href=\"http:\/\/tanafisk.no\/about-us\/arsrapporter\/arsrapport-2013\" rel=\"attachment wp-att-3277\">\u00c5rsrapport 2013,\u00a0<\/a><a href=\"http:\/\/tanafisk.no\/about-us\/arsrapporter\/arsregnskap-2013-tanavassdragets-fiskeforvaltning\" rel=\"attachment wp-att-3278\">\u00c5rsregnskap 2013,<\/a><\/li>\n<li><a href=\"http:\/\/tanafisk.no\/about-us\/arsrapporter\/arsrapport-2012-for-tanavassdragets-fiskeforvaltning-tf\" rel=\"attachment wp-att-2741\">\u00c5rsrapport 2012<\/a>,\u00a0<a href=\"http:\/\/tanafisk.no\/about-us\/arsrapporter\/tf-regnskap-2012\" rel=\"attachment wp-att-2742\">\u00c5rsregnskap 2012<\/a><\/li>\n<li><a href=\"http:\/\/tanafisk.no\/about-us\/arsrapporter\/tf-arsrapport-2011-2\" rel=\"attachment wp-att-2137\">\u00c5rsrapport 2011<\/a>,\u00a0<a href=\"http:\/\/tanafisk.no\/about-us\/arsrapporter\/tfregnskap_2011\" rel=\"attachment wp-att-2008\">\u00c5rsregnskap \u2013 TF 2011<\/a>,\u00a0<a href=\"http:\/\/tanafisk.no\/about-us\/arsrapporter\/tanaelvens-lakseoppsynskasse_fm2011\" rel=\"attachment wp-att-2010\">Tanaelvens lakseoppsynskasse_FM2011<\/a><\/li>\n<\/ul>\n<h2>Administrasjon og Elveoppsyn<\/h2>\n","protected":false},"excerpt":{"rendered":"<p>Tanavassdragets fiskeforvaltning skal ogs\u00e5 bidra til langsiktig bevaring av fiskeressursene og delta i samarbeidet med Finland om forvaltningen av vassdraget. Tanavassdragets fiskeforvaltning \u2013 TF best\u00e5r av\u00a0ni medlemmer. De fiskeberettigede etter \u00a7 3 velger fem av medlemmene p\u00e5 fellesm\u00f8tet, jf. \u00a7 8. Kommunestyrene i Tana og Karasjok oppnevner to medlemmer hver med personlige stedfortredere blant personer [&hellip;]<\/p>\n","protected":false},"author":13,"featured_media":0,"parent":8,"menu_order":42,"comment_status":"closed","ping_status":"closed","template":"","meta":{"_acf_changed":false,"footnotes":""},"class_list":["post-7902","page","type-page","status-publish","hentry"],"acf":[],"_links":{"self":[{"href":"https:\/\/tanafisk.no\/se\/wp-json\/wp\/v2\/pages\/7902","targetHints":{"allow":["GET"]}}],"collection":[{"href":"https:\/\/tanafisk.no\/se\/wp-json\/wp\/v2\/pages"}],"about":[{"href":"https:\/\/tanafisk.no\/se\/wp-json\/wp\/v2\/types\/page"}],"author":[{"embeddable":true,"href":"https:\/\/tanafisk.no\/se\/wp-json\/wp\/v2\/users\/13"}],"replies":[{"embeddable":true,"href":"https:\/\/tanafisk.no\/se\/wp-json\/wp\/v2\/comments?post=7902"}],"version-history":[{"count":0,"href":"https:\/\/tanafisk.no\/se\/wp-json\/wp\/v2\/pages\/7902\/revisions"}],"up":[{"embeddable":true,"href":"https:\/\/tanafisk.no\/se\/wp-json\/wp\/v2\/pages\/8"}],"wp:attachment":[{"href":"https:\/\/tanafisk.no\/se\/wp-json\/wp\/v2\/media?parent=7902"}],"curies":[{"name":"wp","href":"https:\/\/api.w.org\/{rel}","templated":true}]}}