{"id":8942,"date":"2012-01-04T11:38:16","date_gmt":"2011-08-01T09:47:18","guid":{"rendered":"https:\/\/tanafisk.flywheelsites.com\/kjop-fiskekort\/"},"modified":"2024-07-24T14:08:02","modified_gmt":"2024-07-24T12:08:02","slug":"ostet-guolastankoarta","status":"publish","type":"page","link":"https:\/\/tanafisk.no\/se\/fiskekort\/ostet-guolastankoarta\/","title":{"rendered":"Ostet guol\u00e1stankoarta"},"content":{"rendered":"<p>B\u00e5de lokale og tilreisende fiskere kan b\u00e5de kj\u00f8pe fiskekort over disk p\u00e5 et av <span style=\"text-decoration: underline;\"><a href=\"http:\/\/tanafisk.no\/fiskekort\/utsalgssteder\">utsalgsstedene <\/a><\/span>og <a href=\"https:\/\/tana.lakseelv.no\/\">p\u00e5 nett<\/a>. Tilreisende fiskere som kj\u00f8per kort p\u00e5 nett m\u00e5 hente kortet ut hos et utsalgssted. Betjeningen kontrollerer at fiskeutstyret er desinfisert, og aktiverer kortet. Kortet er ikke gyldig f\u00f8r det er aktivert.<\/p>\n<p>Alle fiskere registreres med en egen profil kortsalgs- og fangstrapporteringssystemet til Fortuna software. Det \u00e5pnes for forh\u00e5ndssalg av kort for tilreisende fiskere. Hver fisker kj\u00f8per kort fra egen profil. Det er ogs\u00e5 mulighet \u00e5 kj\u00f8pe kort for fiskekompisen i samme omgang, men da m\u00e5 m\u00e5 du ha nummeret p\u00e5 fiskeravgifta hans\/hennes.<\/p>\n<h2>Lokale fiskere<\/h2>\n<p>Lokale fiskere kan kun kj\u00f8pe sesongkort for laksef\u00f8rende deler av Tanavassdraget. De kan velge mellom tre produkter, kort for:<\/p>\n<ul>\n<li>Tanavassdraget<\/li>\n<li>Laksef\u00f8rende deler av vassdraget i Tana kommune<\/li>\n<li>Laksef\u00f8rende deler av vassdraget i Karasjok kommune<\/li>\n<\/ul>\n<p>Ungdom, fra fylte 16 \u00e5r og frem til fylte 18 \u00e5r f\u00e5r kj\u00f8pe et billigere kort, mens barn og ungdom yngre enn 16 \u00e5r skal ha gratiskort. Form\u00e5let med barnekortet er blant annet \u00e5 l\u00e6re viktigheten av fangstrapportering fra ung alder.<\/p>\n<p><a href=\"https:\/\/tanafisk.no\/wp-content\/uploads\/2020\/06\/Sesongkort-2020.jpg\"><img loading=\"lazy\" decoding=\"async\" class=\"alignnone size-medium wp-image-8873\" src=\"https:\/\/tanafisk.no\/wp-content\/uploads\/2020\/06\/Sesongkort-2020-568x294.jpg\" alt=\"\" width=\"568\" height=\"294\" srcset=\"https:\/\/tanafisk.no\/wp-content\/uploads\/2020\/06\/Sesongkort-2020-568x294.jpg 568w, https:\/\/tanafisk.no\/wp-content\/uploads\/2020\/06\/Sesongkort-2020-570x295.jpg 570w, https:\/\/tanafisk.no\/wp-content\/uploads\/2020\/06\/Sesongkort-2020-638x330.jpg 638w, https:\/\/tanafisk.no\/wp-content\/uploads\/2020\/06\/Sesongkort-2020.jpg 700w\" sizes=\"auto, (max-width: 639px) 98vw, (max-width: 1199px) 64vw, 568px\" \/><\/a><\/p>\n<p>Laksebreveiere har rett til \u00e5 fiske med garn i Tanavassdraget etter Tanaloven (2014) \u00a7 4 og Forskrift om lokalforvaltning (2011) \u00a7 3. Laksebreveierne betaler samme pris for sesongkort som \u00f8vrige lokale fiskere som har stangfiskerettigheter etter Tanalovens \u00a7 5.<\/p>\n<p>Husstandsmedlemmene til laksebreveierne kan knytte sitt fiskekort til sin laksebreveier, og de vil dermed f\u00e5 mulighet til \u00e5 rapportere garnfangst p\u00e5 lik linje med laksebreveierne.<\/p>\n<h2>Tilreisende fiskere<\/h2>\n<p>Tilreisende fiskere er personer som er bosatt utenfor Tana og Karasjok kommune, og laksef\u00f8rende deler av Tanavassdraget i Kautokeino kommune. Tilreisende fiskere har kun tilgang til \u00e5 kj\u00f8pe d\u00f8gnkort, men kan kj\u00f8pe flere fisked\u00f8gn et kort; opp til ei uke pr kort. Fisked\u00f8gnet starter kl. 18.00.<\/p>\n<p>Vassdraget er delt inn i en rekke kortsoner. Hver sideelv er en sone, og grenseselvstrekningen er delt inn i 4 soner for b\u00e5tfiske og 3 for strandfiske. Nedre norske del av Tanaelva er en egen sone, men i Tanamunningen kan man ogs\u00e5 fiske med et billigere kort for strekninge opp til Langnes.<\/p>\n<p>Det er kun personer som er fast bosatt i Norge som har anledning til \u00e5 kj\u00f8pe fiskekort for norske sideelver. Andre har bare anledning til \u00e5 kj\u00f8pe fiskekort i Tanaelva, An\u00e1rjohka og nedre del av K\u00e1r\u00e1\u0161johka (opp til saml\u00f8pet med Ie\u0161johka, ved Sk\u00e1idigea\u010d\u010di).<\/p>\n<h3>Kortordning p\u00e5 riksgrensestrekningen<\/h3>\n<p>Norsk og finsk side kan selge inntil 11 000 fisked\u00f8gn hver for grensestrekningen;\u00a0 5 500 b\u00e5tfisked\u00f8gn og 5 500 strandfisked\u00f8gn. D\u00f8gnene er videre fordelt i 4 soner for b\u00e5tfiske og 3 soner for strandfiske. Sesongen for tilreisende fiskere varer fra 10. juni til 10. august, og kortene er fordelt ukene i sesongen.<\/p>\n<p>P\u00e5 grenseelvstrekningen er en spesiell fredningstid for fiske fra strand mellom kl. 23.00 og 06.00. B\u00e5td\u00f8gnet gjelder et helt d\u00f8gn, men fiskeren m\u00e5 ha med lokal roer i b\u00e5ten fra kl. 18.00-06.00. I Storfossen, mellom Boratbok\u010da og Bildanguoika, er det p\u00e5krev med lokal roer i b\u00e5ten hele d\u00f8gnet. Dette er av sikkerhetsmessige \u00e5rsaker.<\/p>\n<p>Sonene for b\u00e5tfiske er som f\u00f8lger (med soner fra kartet under):<\/p>\n<ul>\n<li>Riksgrensen (Polmak) &#8211; L\u00e1k\u0161johka (sone 1)<\/li>\n<li>L\u00e1k\u0161johka &#8211; Luosn\u00e1rguoika (sone 2)<\/li>\n<li>Luosn\u00e1rguoika &#8211; Borsejohka (sone 3)<\/li>\n<li>Tanalelva over Borsejohka, samt An\u00e1rjohka (sone 4 og 5)<\/li>\n<\/ul>\n<p>Sonene for strandfiske p\u00e5 norsk side er som f\u00f8lger:<\/p>\n<ul>\n<li>Riksgrensen (Polmak) &#8211; Borsejohka (sone 1-3)<\/li>\n<li>Tanaelva over Borsejohka (sone 4)<\/li>\n<li>An\u00e1rjohka (sone 5)<\/li>\n<\/ul>\n<div><\/div>\n<figure id=\"attachment_4714\" aria-describedby=\"caption-attachment-4714\" style=\"width: 507px\" class=\"wp-caption alignnone\"><a href=\"http:\/\/tanafisk.no\/wp-content\/uploads\/2017\/05\/Soneinndeling-grensa.jpg\"><img loading=\"lazy\" decoding=\"async\" class=\"wp-image-4714\" title=\"Soneinndeling grensa\" src=\"http:\/\/tanafisk.no\/wp-content\/uploads\/2017\/05\/Soneinndeling-grensa-356x500.jpg\" alt=\"\" width=\"507\" height=\"712\" \/><\/a><figcaption id=\"caption-attachment-4714\" class=\"wp-caption-text\">Grenser for fiskesoner p\u00e5 riksgrensestrekningen av Tanavassdraget.<\/figcaption><\/figure>\n<h3>Fiskekort i nedre norsk del av Tanaelva<\/h3>\n<p>I nedre norske del av Tanaelva selges det inntil 1 600 fisked\u00f8gn i sesongen. Kortene er ikke fordelt ut over sesongen, og de siste \u00e5rene har det v\u00e6rt mange ledige kort etter endt sesong.<\/p>\n<p>Strandkortet gjelder hele d\u00f8gnet fra kl 18.00. Det er alts\u00e5 kun p\u00e5 grenseelvstrekninge at det er nattefredning. Det selges b\u00e5tkort, men man er avhengig av \u00e5 ha en lokal roer\/guide i b\u00e5ten.<\/p>\n<p>De mest kjente fiskeplassene p\u00e5 strekningen er Seida- og Skiippagurrastryket som har attraktive fiskeplasser. Kortet for nedre norsk del av Tanaelva dekker ogs\u00e5 fisket i Tanamunningen, men v\u00e6r obs p\u00e5 at fiskesesongen ikke starter f\u00f8r 23. juni der.<\/p>\n<p>Fisket p\u00e5 strekningen Tanamunningen &#8211; Langnes dekkes ogs\u00e5 av et eget kort. Fisket p\u00e5 strekningen er retter mot sj\u00f8\u00f8rreten, og kortet er derfor noe billigere enn \u00f8vrige kort for Tanaelva. Sesongen varer fra 23. juni til 15. september. Fra laksefisket er over 10. august og frem til og med 15. september, m\u00e5 all laks settes ut.<\/p>\n<h3>Fiskekortsoner for norske sideelver<\/h3>\n<p>Generelt er hver sideelv en egen kortsone, og det er satt et tak p\u00e5 antall tilgjengelige d\u00f8gn for hver sideelv (se tabell). B\u00e5tkort selges kun til sideelvene K\u00e1r\u00e1\u0161johka og Ie\u0161johka. Fisked\u00f8gnet starter kl. 18.00.<\/p>\n<figure id=\"attachment_8341\" aria-describedby=\"caption-attachment-8341\" style=\"width: 568px\" class=\"wp-caption alignnone\"><a href=\"https:\/\/tanafisk.no\/wp-content\/uploads\/2020\/03\/Kort-for-sideelver.jpg\"><img loading=\"lazy\" decoding=\"async\" class=\"size-medium wp-image-8341\" src=\"https:\/\/tanafisk.no\/wp-content\/uploads\/2020\/03\/Kort-for-sideelver-568x383.jpg\" alt=\"\" width=\"568\" height=\"383\" srcset=\"https:\/\/tanafisk.no\/wp-content\/uploads\/2020\/03\/Kort-for-sideelver-568x383.jpg 568w, https:\/\/tanafisk.no\/wp-content\/uploads\/2020\/03\/Kort-for-sideelver-768x518.jpg 768w, https:\/\/tanafisk.no\/wp-content\/uploads\/2020\/03\/Kort-for-sideelver-570x384.jpg 570w, https:\/\/tanafisk.no\/wp-content\/uploads\/2020\/03\/Kort-for-sideelver-638x430.jpg 638w, https:\/\/tanafisk.no\/wp-content\/uploads\/2020\/03\/Kort-for-sideelver.jpg 777w\" sizes=\"auto, (max-width: 639px) 98vw, (max-width: 1199px) 64vw, 568px\" \/><\/a><figcaption id=\"caption-attachment-8341\" class=\"wp-caption-text\">Tilgjelgelige fisked\u00f8gn pr sesong i hver av de norske sideelvene.<\/figcaption><\/figure>\n<p>Flere av sideelvene har flere soner for rapportering av fangst. I M\u00e1skejohka er det f. eks \u00f8nskelig at det oppgis om laksen er fanget i selve M\u00e1skejohka, eller en av M\u00e1skejohkas sideelver; Sommerelva\/Geasis, Dunkrattelva\/Uvjal\u00e1tnja eller Ciikujohka.<\/p>\n<p>En n\u00e6rmere beskrivelse av de ulike sideelvene finner du\u00a0<a href=\"http:\/\/tanafisk.no\/tanavassdraget\">her<\/a>.<\/p>\n<h2><span style=\"color: inherit;\">Kortpriser<\/span><\/h2>\n<p>Kortprisene for tilreisende fiskere er presentert i tabellen under. Strandfiskekortene for Tanaelva er redusert til 350,- pr d\u00f8gn foran sesong 2020. B\u00e5tkortene er som tidligere 800,- pr d\u00f8gn. Undom, fra fylte 16 til fylte 18 \u00e5r skal ha kort til halv pris. Barn og ungdom under 16 \u00e5r skal ha gratiskort.<\/p>\n<p>Kortprisen for Tanamunningen er 250,- som tidligere, mens det er ulik pris i de forskjellige sideelvene. I de st\u00f8rste elvene med st\u00f8rst innslag av storlaks (K\u00e1r\u00e1\u0161johka, Ie\u0161johka og M\u00e1skejohka) er d\u00f8gnprisen 500,-. I de fleste av de mindre sideelvene er prisen 350,- pr. d\u00f8gn. I Polmakelva og V\u00e1ljohka er den 200,- pr. d\u00f8gn, og i Luovvtejohkka er den 100,- pr d\u00f8gn.<\/p>\n<p><a href=\"https:\/\/tanafisk.no\/wp-content\/uploads\/2020\/06\/Kortpriser-2020-tilreisende.jpg\"><img loading=\"lazy\" decoding=\"async\" class=\"alignnone size-medium wp-image-8903\" src=\"https:\/\/tanafisk.no\/wp-content\/uploads\/2020\/06\/Kortpriser-2020-tilreisende-552x500.jpg\" alt=\"\" width=\"552\" height=\"500\" srcset=\"https:\/\/tanafisk.no\/wp-content\/uploads\/2020\/06\/Kortpriser-2020-tilreisende-552x500.jpg 552w, https:\/\/tanafisk.no\/wp-content\/uploads\/2020\/06\/Kortpriser-2020-tilreisende-883x800.jpg 883w, https:\/\/tanafisk.no\/wp-content\/uploads\/2020\/06\/Kortpriser-2020-tilreisende-768x695.jpg 768w, https:\/\/tanafisk.no\/wp-content\/uploads\/2020\/06\/Kortpriser-2020-tilreisende-570x516.jpg 570w, https:\/\/tanafisk.no\/wp-content\/uploads\/2020\/06\/Kortpriser-2020-tilreisende-638x578.jpg 638w, https:\/\/tanafisk.no\/wp-content\/uploads\/2020\/06\/Kortpriser-2020-tilreisende.jpg 953w\" sizes=\"auto, (max-width: 639px) 98vw, (max-width: 1199px) 64vw, 552px\" \/><\/a><\/p>\n<h2><span style=\"color: inherit;\">Utsalgssteder<\/span><\/h2>\n<p>B\u00e5de lokale og tilreisende fiskere kan kj\u00f8pe fiskekort p\u00e5 et av utsalgsstedene i liste under. Det er gjort avtale med mange av de finske utsalgsstedene som ogs\u00e5 kan selge og skrive ut\/aktivere kort for grensestrekningen.<\/p>\n<h3>Norske utsalgssteder<\/h3>\n<p>1)\u00a0<a href=\"https:\/\/www.mollisjok.com\/\">Molli\u0161jok Lodge<\/a>\u00a0(tlf. + 47 94 98 47 22)<\/p>\n<p>2)\u00a0<a href=\"http:\/\/maps.google.no\/maps\/place?q=Rustefjelbma+servicesenter+AS,+%E5%A1%94%E7%BA%B3&amp;hl=no&amp;ie=UTF8&amp;cid=5134440239936966754\">Rustefjelbma servicesenter<\/a>\u00a0(tlf. +47 78 92 70 44)<\/p>\n<p>3)<a href=\"https:\/\/www.mosquitoairtaxi.com\/\">\u00a0Mosquito air taxi<\/a>\u00a0(tlf. +47 95 04 65 66)<\/p>\n<p>4) Min \u00c1ja K\u00e1r\u00e1\u0161johka, tidligere\u00a0<a href=\"https:\/\/karacamp.no\/\">Karasjok Camping<\/a>\u00a0(tlf. +47 97 07 22 25)<\/p>\n<p>5)\u00a0<a href=\"https:\/\/www.tenontunturituvat.fi\/\">Tenon Tunturituvat v\/Otto Paltto, Utsjoki<\/a><\/p>\n<p>Det er mulig \u00e5 <a href=\"http:\/\/tanafisk.no\/desinfisering\">desinfisere utstyret<\/a> hos alle utsalgsstedene.<\/p>\n<p>Merk at fiskekortet kun er gyldig ved fremvist gyldig legitimasjon.<\/p>\n","protected":false},"excerpt":{"rendered":"<p>B\u00e5de lokale og tilreisende fiskere kan b\u00e5de kj\u00f8pe fiskekort over disk p\u00e5 et av utsalgsstedene og p\u00e5 nett. Tilreisende fiskere som kj\u00f8per kort p\u00e5 nett m\u00e5 hente kortet ut hos et utsalgssted. Betjeningen kontrollerer at fiskeutstyret er desinfisert, og aktiverer kortet. Kortet er ikke gyldig f\u00f8r det er aktivert. Alle fiskere registreres med en egen [&hellip;]<\/p>\n","protected":false},"author":1,"featured_media":8944,"parent":9331,"menu_order":0,"comment_status":"closed","ping_status":"closed","template":"","meta":{"_acf_changed":false,"footnotes":""},"class_list":["post-8942","page","type-page","status-publish","has-post-thumbnail","hentry"],"acf":[],"_links":{"self":[{"href":"https:\/\/tanafisk.no\/se\/wp-json\/wp\/v2\/pages\/8942","targetHints":{"allow":["GET"]}}],"collection":[{"href":"https:\/\/tanafisk.no\/se\/wp-json\/wp\/v2\/pages"}],"about":[{"href":"https:\/\/tanafisk.no\/se\/wp-json\/wp\/v2\/types\/page"}],"author":[{"embeddable":true,"href":"https:\/\/tanafisk.no\/se\/wp-json\/wp\/v2\/users\/1"}],"replies":[{"embeddable":true,"href":"https:\/\/tanafisk.no\/se\/wp-json\/wp\/v2\/comments?post=8942"}],"version-history":[{"count":0,"href":"https:\/\/tanafisk.no\/se\/wp-json\/wp\/v2\/pages\/8942\/revisions"}],"up":[{"embeddable":true,"href":"https:\/\/tanafisk.no\/se\/wp-json\/wp\/v2\/pages\/9331"}],"wp:featuredmedia":[{"embeddable":true,"href":"https:\/\/tanafisk.no\/se\/wp-json\/wp\/v2\/media\/8944"}],"wp:attachment":[{"href":"https:\/\/tanafisk.no\/se\/wp-json\/wp\/v2\/media?parent=8942"}],"curies":[{"name":"wp","href":"https:\/\/api.w.org\/{rel}","templated":true}]}}